{"id":10,"date":"2012-02-01T12:42:25","date_gmt":"2012-02-01T12:42:25","guid":{"rendered":"http:\/\/za.uap.edu.pl\/?page_id=10"},"modified":"2024-11-14T17:18:10","modified_gmt":"2024-11-14T17:18:10","slug":"redakcja","status":"publish","type":"page","link":"http:\/\/za.uap.edu.pl\/?page_id=10","title":{"rendered":"Redakcja"},"content":{"rendered":"\n<p>Redaktor naczelna: dr hab. Ewa W\u00f3jtowicz, prof. nadzw. UAP<\/p>\n\n\n\n<p>Zesp\u00f3\u0142 redakcyjny:<\/p>\n\n\n\n<p>dr Magdalena Kleszy\u0144ska, ad.<\/p>\n\n\n\n<p>dr hab. Izabela Kowalczyk, prof. nadzw. UAP<\/p>\n\n\n\n<p>dr Justyna Ryczek, ad.<\/p>\n\n\n\n<p>prof. dr hab. Marta Smoli\u0144ska<\/p>\n\n\n\n<p>Sekretarzyni: dr Karolina Rosiejka, ad.<br><\/p>\n\n\n\n<div style=\"height:20px\" aria-hidden=\"true\" class=\"wp-block-spacer\"><\/div>\n\n\n\n<p>Wsp\u00f3\u0142praca:&nbsp;<\/p>\n\n\n\n<p>projekt i sk\u0142ad: Mateusz Janik<\/p>\n\n\n\n<p>opieka prawna: dr hab. Mateusz Bieczy\u0144ski, prof. UAP<\/p>\n\n\n\n<div style=\"height:20px\" aria-hidden=\"true\" class=\"wp-block-spacer\"><\/div>\n\n\n\n<p><\/p>\n\n\n\n<p><\/p>\n\n\n\n<p>Kontakt<\/p>\n\n\n\n<p>adres: Uniwersytet Artystyczny im. Magdaleny Abakanowicz w Poznaniu, Al. Marcinkowskiego 29, 60-967 Pozna\u0144<br>e-mail: zeszyty.artystyczne@uap.edu.pl<\/p>\n\n\n\n<div style=\"height:20px\" aria-hidden=\"true\" class=\"wp-block-spacer\"><\/div>\n\n\n\n<p>ISSN: 1232-6682<\/p>\n","protected":false},"excerpt":{"rendered":"<p>Redaktor naczelna: dr hab. Ewa W\u00f3jtowicz, prof. nadzw. UAP Zesp\u00f3\u0142 redakcyjny: dr Magdalena Kleszy\u0144ska, ad. dr hab. Izabela Kowalczyk, prof. nadzw. UAP dr Justyna Ryczek, ad. prof. dr hab. Marta Smoli\u0144ska Sekretarzyni: dr Karolina Rosiejka, ad. Wsp\u00f3\u0142praca:&nbsp; projekt i sk\u0142ad:&hellip;<\/p>\n<p class=\"more-link-p\"><a class=\"more-link\" href=\"http:\/\/za.uap.edu.pl\/?page_id=10\">Read more &rarr;<\/a><\/p>\n","protected":false},"author":1,"featured_media":0,"parent":0,"menu_order":0,"comment_status":"closed","ping_status":"open","template":"","meta":[],"_links":{"self":[{"href":"http:\/\/za.uap.edu.pl\/index.php?rest_route=\/wp\/v2\/pages\/10"}],"collection":[{"href":"http:\/\/za.uap.edu.pl\/index.php?rest_route=\/wp\/v2\/pages"}],"about":[{"href":"http:\/\/za.uap.edu.pl\/index.php?rest_route=\/wp\/v2\/types\/page"}],"author":[{"embeddable":true,"href":"http:\/\/za.uap.edu.pl\/index.php?rest_route=\/wp\/v2\/users\/1"}],"replies":[{"embeddable":true,"href":"http:\/\/za.uap.edu.pl\/index.php?rest_route=%2Fwp%2Fv2%2Fcomments&post=10"}],"version-history":[{"count":29,"href":"http:\/\/za.uap.edu.pl\/index.php?rest_route=\/wp\/v2\/pages\/10\/revisions"}],"predecessor-version":[{"id":1992,"href":"http:\/\/za.uap.edu.pl\/index.php?rest_route=\/wp\/v2\/pages\/10\/revisions\/1992"}],"wp:attachment":[{"href":"http:\/\/za.uap.edu.pl\/index.php?rest_route=%2Fwp%2Fv2%2Fmedia&parent=10"}],"curies":[{"name":"wp","href":"https:\/\/api.w.org\/{rel}","templated":true}]}}