{"id":1117,"date":"2020-03-23T16:29:51","date_gmt":"2020-03-23T16:29:51","guid":{"rendered":"http:\/\/za.uap.edu.pl\/?page_id=1117"},"modified":"2020-03-23T19:58:15","modified_gmt":"2020-03-23T19:58:15","slug":"34-2","status":"publish","type":"page","link":"http:\/\/za.uap.edu.pl\/?page_id=1117","title":{"rendered":"34"},"content":{"rendered":"<p>1(34)2019<\/p>\n<p><a href=\"http:\/\/za.uap.edu.pl\/wp-content\/uploads\/2020\/03\/Zeszyty_Artystyczne_34.pdf\">ZESZYTY ARTYSTYCZNE \/ nr 34<\/a><\/p>\n<p>Edukacja muzealna<\/p>\n<p><a href=\"http:\/\/za.uap.edu.pl\/wp-content\/uploads\/2019\/09\/Ok\u0142adka-1.jpg\"><img loading=\"lazy\" class=\"alignnone wp-image-969\" src=\"http:\/\/za.uap.edu.pl\/wp-content\/uploads\/2019\/09\/Ok\u0142adka-1.jpg\" alt=\"\" width=\"461\" height=\"342\" \/><\/a><\/p>\n<p>Redaktor prowadz\u0105cy: dr\u00a0Marcin Szel\u0105g, ad.<\/p>\n<p>&nbsp;<\/p>\n<p><strong>Spis tre\u015bci:<\/strong><\/p>\n<p>Marcin Szel\u0105g, <em><a href=\"http:\/\/za.uap.edu.pl\/wp-content\/uploads\/2020\/03\/34_12-15.pdf\">Wst\u0119p<\/a><\/em><\/p>\n<p>Marcin Szel\u0105g\u00a0<em><a href=\"http:\/\/za.uap.edu.pl\/wp-content\/uploads\/2020\/03\/34_16-31.pdf\">Progresywne muzeum a edukacja muzealna i muzealnictwo w Polsce<\/a><\/em><\/p>\n<p>Grzegorz \u017buk\u00a0<em><a href=\"http:\/\/za.uap.edu.pl\/wp-content\/uploads\/2020\/03\/34_32-45.pdf\">Edukator muzealny \u2013 profil zawodowy pracownika<\/a><\/em><\/p>\n<p>Aleks (Oleksiy) Karamanov <em><a href=\"http:\/\/za.uap.edu.pl\/wp-content\/uploads\/2020\/03\/34_46-55-1.pdf\">Specyfika organizacji procesu edukacyjnego w muzeum w kontek\u015bcie psychologicznych mechanizm\u00f3w \u201ezapami\u0119tywania\u201d <\/a><\/em><\/p>\n<p><em><a href=\"http:\/\/za.uap.edu.pl\/wp-content\/uploads\/2020\/03\/34_46-55-1.pdf\">i \u201ezapominania\u201d<\/a><\/em><\/p>\n<p>Zygmunt Kalinowski\u00a0<em><a href=\"http:\/\/za.uap.edu.pl\/wp-content\/uploads\/2020\/03\/34_56-67-2.pdf\">Muzea Dzieci szans\u0105 dla muze\u00f3w \u201edoros\u0142ych\u201d i powszechnego systemu edukacji w Polsce<\/a><\/em><\/p>\n<p>Renata Pater\u00a0<em><a href=\"http:\/\/za.uap.edu.pl\/wp-content\/uploads\/2020\/03\/34_68-79.pdf\">Kszta\u0142towanie kompetencji kulturowych w \u201enowych\u201d muzeach. Dydaktyka edukacji muzealnej \u2013 studium przypadku<\/a><\/em><\/p>\n<p>Kinga Anna Gajda\u00a0<em><a href=\"http:\/\/za.uap.edu.pl\/wp-content\/uploads\/2020\/03\/34_80-87.pdf\">Edukacja kulturalna jako element kszta\u0142cenia wy\u017cszego<\/a><\/em><\/p>\n<p>Piotr Szaradowski\u00a0<em><a href=\"http:\/\/za.uap.edu.pl\/wp-content\/uploads\/2020\/03\/34_88-97.pdf\">Design i antydesign. Wok\u00f3\u0142 ekspozycji Muzeum Sztuk U\u017cytkowych w Poznaniu<\/a><\/em><\/p>\n<p>Rafa\u0142 Boettner-\u0141ubowski\u00a0<em><a href=\"http:\/\/za.uap.edu.pl\/wp-content\/uploads\/2020\/03\/34_98-113.pdf\">Sytuacja quasi-muzealna \/ sytuacja autotematyczna (?)<\/a><\/em><\/p>\n<p>&nbsp;<\/p>\n<p><strong>Wersja angielska<\/strong><\/p>\n<p>Marcin Szel\u0105g <em><a href=\"http:\/\/za.uap.edu.pl\/wp-content\/uploads\/2020\/03\/34_116-119.pdf\">Introduction<\/a><\/em><\/p>\n<p>Marcin Szel\u0105g\u00a0<em><a href=\"http:\/\/za.uap.edu.pl\/wp-content\/uploads\/2020\/03\/34_120-133.pdf\">The Progressive Museum vs. Museum Education and Museums in Poland<\/a><\/em><\/p>\n<p>Grzegorz \u017buk\u00a0<a href=\"http:\/\/za.uap.edu.pl\/wp-content\/uploads\/2020\/03\/34_134-147.pdf\">The museum educator \u2013 a professional profile<\/a><\/p>\n<p>Aleks (Oleksiy) <em><a href=\"http:\/\/za.uap.edu.pl\/wp-content\/uploads\/2020\/03\/34_148-157.pdf\">Karamanov Characteristics of the organization of the educational process in the museum in the context of psychological mechanisms of \u201eremembering\u201d and \u201eforgetting\u201d<\/a><\/em><\/p>\n<p>Zygmunt Kalinowski\u00a0<em><a href=\"http:\/\/za.uap.edu.pl\/wp-content\/uploads\/2020\/03\/34_158-169.pdf\">Children\u2019s Museums as an Opportunity for \u201cAdults\u2019 Museums\u201d and the Universal Education System in Poland<\/a><\/em><\/p>\n<p>Renata Pater\u00a0<em><a href=\"http:\/\/za.uap.edu.pl\/wp-content\/uploads\/2020\/03\/34_170-181.pdf\">Developing cultural skills in \u201cnew\u201d museums. Museum education \u2013 a case study<\/a><\/em><\/p>\n<p>Kinga Anna Gajda\u00a0<em><a href=\"http:\/\/za.uap.edu.pl\/wp-content\/uploads\/2020\/03\/34_182-189.pdf\">Cultural Education as an Element of Higher Education<\/a><\/em><\/p>\n<p>Piotr Szaradowski\u00a0<em><a href=\"http:\/\/za.uap.edu.pl\/wp-content\/uploads\/2020\/03\/34_190-197.pdf\">Design and Anti-design. Around the Exhibit of the Museum of Applied Arts in Pozna\u0144<\/a><\/em><\/p>\n<p>Rafa\u0142 Boettner-\u0141ubowski\u00a0<em><a href=\"http:\/\/za.uap.edu.pl\/wp-content\/uploads\/2020\/03\/34_198-207.pdf\">A Quasi-Museum Situation \/ a Self-reflexive Situation (?)<\/a><\/em><\/p>\n<p>&nbsp;<\/p>\n<p><strong>Praca konkursowa<\/strong><\/p>\n<p>Daria Grabsztunowicz\u00a0<em><a href=\"http:\/\/za.uap.edu.pl\/wp-content\/uploads\/2020\/03\/34_208-229.pdf\">Problematyka bezdomno\u015bci w sztuce prze\u0142omu XX i XXI wieku<\/a><\/em><\/p>\n<p>&nbsp;<\/p>\n<p><strong>Recenzje<\/strong><\/p>\n<p>Katarzyna Jagodzi\u0144ska\u00a0<em><a href=\"http:\/\/za.uap.edu.pl\/wp-content\/uploads\/2020\/03\/34_230-239.pdf\">Jak to widz\u0119? Bardzo obiecuj\u0105co<\/a><\/em><\/p>\n<p>&nbsp;<\/p>\n<p><strong><a href=\"http:\/\/za.uap.edu.pl\/wp-content\/uploads\/2020\/03\/34_240-251.pdf\">Kronika WEAiK<\/a><\/strong><\/p>\n<p><strong><a href=\"http:\/\/za.uap.edu.pl\/wp-content\/uploads\/2020\/03\/34_252-283.pdf\">Kalendarium<\/a><\/strong><\/p>\n<p>&nbsp;<\/p>\n<p>\u2014\u2014\u2014\u2014\u2014\u2014\u2014\u2014\u2014\u2014\u2013<\/p>\n<p>Stworzenie angloj\u0119zycznej wersji publikacji \u2013 zadanie finansowane w ramach umowy<br \/>\n844\/P-DUN\/2018 ze \u015brodk\u00f3w Ministra Nauki i Szkolnictwa Wy\u017cszego przeznaczonych na dzia\u0142alno\u015b\u0107 upowszechniaj\u0105c\u0105 nauk\u0119.<\/p>\n<p><a class=\"image-anchor\" href=\"http:\/\/za.uap.edu.pl\/wp-content\/uploads\/2018\/07\/Bez-nazwy00.jpg\"><img class=\"alignnone wp-image-610\" src=\"data:image\/webp;base64,UklGRpwKAABXRUJQVlA4IJAKAAAQNwCdASpwAV8APm00lkekIyIhJpLq+IANiWdu3WB6gTaBceeJnAbaLzAY5n6Fflq38z5N7Jf9N4Q+Ej0jmq5T+pHUL+Ufdr9P5md5fyF1CPX\/+q3mMAH5v\/VP148bj\/P9C\/rh\/wPcA8qu9voD+KdpH+tfYRKcj5AguIBOcXEAnOLZh8JxLONKpIw8qz4ISJQbGqK\/CPvXsnmvi1Xbeq2jt\/kRwjF3m51dr8sSx4Y41u8wTrG0EIM9C4I2Hi3ZFeDCNEPosxruXTSJ0klRraawfjFNNny34yy51Quiv4a+bzRjP2Rgbs2UCdhFrhSWY9QpBMqtU5ZwPm80GyPhg+nl2ggQ53xksZ7XwVd+ZCouX\/XmF0AYdwa4kdDiXAg\/qQapCCRPpGFnW4Vfu1XbxPlQIpRVdFbE3LaCS9tfG+mRmPpgUl+lrII+8Gl1aGxB8WCdRjKm9Xs3A8UgpNoO47VsLFwB8eOSrRgfCUw3jrCjXveNyuDH5CFza2gii5vPsQkK+A7RWX\/3h\/9quqnwsGZQ9M6tGDhn+HCUZXM27GDIJWVfy5Zjb\/sEAZc7jhnFw2cGzhAJzi4mdmexaUzPYtKRAAD+\/DygCTwkiu5pUFFCFFhhIFfISELNl7scjp3enJIlXc2dqGVtZYTr6abV7PiAg\/GmIFsAkQWwjxh4EYJ57YijfNgkR4IksziTewDYiXn75wXs+hgeURnKzQ8zRD38Z28Rdy36G3fOGrR\/GT7uHRkNkuDmWf5tVZlGGGyvVfpEELw7HG0ofGuXjk2Z8ZTjBSKz\/kfiKtMs3sZJw4v+qeaz8zRt2MyE3dOT4iL1w9Uu54FCnzDFXPUliEv27nPV4hB\/y++5KwtscyyVmpcfO4ZZqaIL5D3vpqQdQz\/3szUxmB8aPW6UTjBMOf4ZMS8acNQhIYs9oOcN+fz\/kqJeZZesGjYg02rLLpFO0R1Nr6VJlmo+Eyrn6Vpq8qK8VChTp5HE\/XDguaduitl03agk0aTWfecmT8PhdcBO7vnVeJMX1sTesBz+UxCcIYnQ8zGy0a6Y6HTaelKcm3v+m1EcGYA+JdsqQBOvkV3ghSf3nuGEZYVbex+9Hg+yzCZQNN0Hu\/kFJULl8YFyy3BuTAvwf0+XvYAdH9Cw3OA1LOyMNFFm5kpchowiEjSYxgzRz46fwXSZe\/15FelSuup+QxKp+eHI+Z+xul0ZzJsPBk4MtxaQTBA3R3piBrERG2J\/m4MwIRG0ZwPt3\/12QqhA9FJmKKD+C5aO4kT2Ul+bbbVyHjDdFZCDc80Qty\/HM9ZO8futmLU4GqtvqmRvOT4vZ36w\/tBpZVCxu2+iRuC6H3vh2Ym0kPdP+qZO2lfJADR9kGokdqhpgUh+fQhZ3h7IYQlsvi9\/7+XVTJD0WERaZFom9bqY9Gkxc0FdywvZ9aLSFCKOYwxgyDNKH6lSFc8rMo0RWpLnzFuWIaV73CQPt4UAC6PJxgAbGi2+CWIADoqrbYgBEit1mrV7LNIbU\/R4BQ5T4FLY\/ePfBQj21Wxu9ExAJcaRXJ5cryLGQ8ke0Dw57TO4XoKwTU1WXpb+PG183AZz\/N3MA2hQS3rr\/TWHz04PuqvRyX4SHZzSiUslOsIpmUIgwgfgyrLRO8rLksPQC98IxiYTSGsXQ1EYfeTg\/yI0Gpa0wvb3xLtc0gnztjjArm7g76R2919IsiROW1rAuEXJXheN4W7O7\/sOfzlxsXLd1pEZFikVybqQmid8pt1e85B70E1CY8CVsAmn5SbhMuMzFBQMumm1jJkpuLdXwgDYrHW3dgdUlLPyqolA\/zFr7aqvj5y1XuzRjj7iPsLl9MyF7vYyRo0JVyeThmvLu3vb8MggDYZj0s6Lhm1wxawQvcBul\/\/xPlenjpoLp4fApvySQEsLRvxRQqQNQzhFjWV2VzHxgP8AJsc\/tL3lpPZE6ztyKPLRkH9ZPwHkTMfRqHSzcAjp9c7j09fp9Fa8sO5Ef1Y8AXo2ohPzqNbmpiNPs7JTnV5w3l+qpJabeQG+LV53ktrV2u1H8ZcE8RQTKhR\/pk5j0xXK5FvzdAuOXQRWQ4II0GSbUOJ8jART8FYah8Zi4Py6A7ZUzX2te0R9b0nUsSFqdbfrDXDjvDPn95TDRVUF0tZeKSyIII049N5gszU5ETDj+++snvrgm3hAWPNysRwEVBd979zKVcnJgvRLfS3XxxzWyiYtCaAb8bdKl2hujdBpOAuz0wQ5vtiJbjTUOZBjyxNxngXB4IQXmJpAAg20DaecRZCQs27tPigiiixDWbB\/hwWvDvFZyKGQyqIrpiw5O4Uac7Fa531B4O2mQ0y9ktC3\/25fJqa0Y9\/ejL+SCIXNZ+v9Ixw3KfjvuoP9rNss3uIUQ1D8URatdkRdRnzqqacFMrvv\/dmFcHJf8W8kJ\/bD6tGVP0c0BL7OdoZ6nRMpS131FkJjUeUEYlY87WkTwAWXgjaJk1v08Xhfl0wPgkkydZFwiz7Z3PxmNFtTQ55bvZ3FPFvtkpzrxmuA5h2reAMHE9CL3VfCE2ElnaUVIHJiM9x6H5r1fkwtbbiGl89E6XulCw92l8XN0wMsLk8nQN\/kxljhqnUraWQOgP4AYzpDAKN1wl+O1sGQEm\/GQ\/3Gd85fRV803AfGqRt+L7w96403+LXJu1yfwTpbRWPLKFt1snWSGQ\/gNYORmX7hPIvcWj0aL+IiG+9s1QX0AFTt0LF20Q6HzGsUiRu8eRVSHdw8xNqTvxCFWfW+5Do0GuKcWck9dds9L08q49IvsS5G+WAjj7m30kSzrbv2JHPaIcLo\/vlAtcwlD09S0WwLkv2\/FzNg2lV+0u8kj0OT\/jr90vOY3i\/bHX6\/YqSxB9b5\/CFt5aV\/0UM61fE3MxPpHmAdQ1aFv0mPKGOp2L3viO\/R3swzSrOE4j52qFuTuXsHeNv6WNdDiQwJ8IW0xZL3QX8GouJFu0zEqDPRLfFwbZrm2S8QuLvo7GYtVmP8gDJAxsnKxUYU497hCPgyERmWwl1CKi5+DQOYM2cJXLFc0Ztg9tiAqN4Oz10k8ax\/5jvNYP7b3F9RdXETBfkvpsgjgWr3NPH+jItGgYems6lmiJ2ZNscZr2RHdBCHkd93p83rD90b\/Ou5h4t+PWRo52b5Szp8wiIsVR9xI4xaVx9Azl\/KedFMeYYEwOkl2Efzo\/n18bhT0LR9qu0t+PldFXAnB8cWXBlthCTJ3IOuCOm0YPzlTDsztpWv5wFfUI0rRxsZVdULCAoZ8175\/O6+o\/aURWkxV11KdqSQxVTRX7JzBZTwZgRHt0c0s\/SXFwONi2awXOOinvayjMJk23yHwzQNleasiuGAlun6G5rkIp7ZkqUJtMeDfoaJAD8zrfoiMNM1m9v4otce+A9U9GmJe3xkWDXLXDzRHuHqbcExu6glvVS999Jpy9ChJsEIqcAeCCrxUbGptiBT9XrHy90\/sgi2DmYthPG7HO355WqClXIA\/Y7LAQ0kO7JaXuxBeaGfYkiTae3EV1e7Kkcd\/N18yLLlJXSVTQ0luLtNSvwhLnE1XEjAksi9\/Wfkl6WF4mlWrmTvQbuiZy2g6SoubP8HFh9mh15I2\/B3rOsAEVg\/w5wUAAAA\" alt=\"Bez nazwy00\" data-pagespeed-url-hash=\"4007932777\" \/><\/a><\/p>\n","protected":false},"excerpt":{"rendered":"<p>1(34)2019 ZESZYTY ARTYSTYCZNE \/ nr 34 Edukacja muzealna Redaktor prowadz\u0105cy: dr\u00a0Marcin Szel\u0105g, ad. &nbsp; Spis tre\u015bci: Marcin Szel\u0105g, Wst\u0119p Marcin Szel\u0105g\u00a0Progresywne muzeum a edukacja muzealna i muzealnictwo w Polsce Grzegorz \u017buk\u00a0Edukator muzealny \u2013 profil zawodowy pracownika Aleks (Oleksiy) Karamanov Specyfika&hellip;<\/p>\n<p class=\"more-link-p\"><a class=\"more-link\" href=\"http:\/\/za.uap.edu.pl\/?page_id=1117\">Read more &rarr;<\/a><\/p>\n","protected":false},"author":3,"featured_media":0,"parent":0,"menu_order":0,"comment_status":"closed","ping_status":"closed","template":"","meta":[],"_links":{"self":[{"href":"http:\/\/za.uap.edu.pl\/index.php?rest_route=\/wp\/v2\/pages\/1117"}],"collection":[{"href":"http:\/\/za.uap.edu.pl\/index.php?rest_route=\/wp\/v2\/pages"}],"about":[{"href":"http:\/\/za.uap.edu.pl\/index.php?rest_route=\/wp\/v2\/types\/page"}],"author":[{"embeddable":true,"href":"http:\/\/za.uap.edu.pl\/index.php?rest_route=\/wp\/v2\/users\/3"}],"replies":[{"embeddable":true,"href":"http:\/\/za.uap.edu.pl\/index.php?rest_route=%2Fwp%2Fv2%2Fcomments&post=1117"}],"version-history":[{"count":7,"href":"http:\/\/za.uap.edu.pl\/index.php?rest_route=\/wp\/v2\/pages\/1117\/revisions"}],"predecessor-version":[{"id":1214,"href":"http:\/\/za.uap.edu.pl\/index.php?rest_route=\/wp\/v2\/pages\/1117\/revisions\/1214"}],"wp:attachment":[{"href":"http:\/\/za.uap.edu.pl\/index.php?rest_route=%2Fwp%2Fv2%2Fmedia&parent=1117"}],"curies":[{"name":"wp","href":"https:\/\/api.w.org\/{rel}","templated":true}]}}