{"id":1182,"date":"2020-03-23T19:43:20","date_gmt":"2020-03-23T19:43:20","guid":{"rendered":"http:\/\/za.uap.edu.pl\/?page_id=1182"},"modified":"2020-03-23T19:55:55","modified_gmt":"2020-03-23T19:55:55","slug":"36-2","status":"publish","type":"page","link":"http:\/\/za.uap.edu.pl\/?page_id=1182","title":{"rendered":"36"},"content":{"rendered":"<p>3(36)\/2019<\/p>\n<p><a href=\"http:\/\/za.uap.edu.pl\/wp-content\/uploads\/2020\/03\/Zeszyty_Artystyczne_36-min.pdf\">ZESZYTY ARTYSTYCZNE \/ nr 36<\/a><\/p>\n<p>Przestrzenie wewn\u0119trzne \u2013 90 lat kierunku architektura wn\u0119trz w pozna\u0144skiej uczelni artystycznej<\/p>\n<p><a href=\"http:\/\/za.uap.edu.pl\/wp-content\/uploads\/2020\/02\/ZA_36_wizualizacja.jpg\"><img loading=\"lazy\" class=\"alignnone wp-image-1086\" src=\"http:\/\/za.uap.edu.pl\/wp-content\/uploads\/2020\/02\/ZA_36_wizualizacja.jpg\" alt=\"36\" width=\"508\" height=\"405\" \/><\/a><\/p>\n<p>&nbsp;<\/p>\n<p>Redaktorki prowadz\u0105ce: dr hab. Konstancja Pleskaczy\u0144ska, prof. UAP,\u00a0 dr Aleksandra Paradowska<br \/>\nmgr Rozalia \u015awitalska, as. \/ wsp\u00f3\u0142praca<\/p>\n<p>&nbsp;<\/p>\n<p><strong>Spis tre\u015bci<\/strong><\/p>\n<p>Wprowadzenie<\/p>\n<p>J\u00f3zef Jurek\u00a0<em><a href=\"http:\/\/za.uap.edu.pl\/wp-content\/uploads\/2020\/03\/10-19.pdf\">Dziewi\u0119\u0107dziesi\u0105t lat kierunku architektura wn\u0119trz w pozna\u0144skiej uczelni artystycznej<\/a><\/em><\/p>\n<p>Weronika W\u0119c\u0142awska-Lipowicz\u00a0<em><a href=\"http:\/\/za.uap.edu.pl\/wp-content\/uploads\/2020\/03\/20-27.pdf\">W poszukiwaniu przestrzeni wn\u0119trza<\/a><\/em><\/p>\n<p>&nbsp;<\/p>\n<p>Wyst\u0105pienia go\u015bci honorowych<\/p>\n<p>Wojciech Grabianowski\u00a0<em><a href=\"http:\/\/za.uap.edu.pl\/wp-content\/uploads\/2020\/03\/28-43.pdf\">Mi\u0119dzy dwoma krajami, czyli architektoniczny most mi\u0119dzy Polsk\u0105 a Niemcami<\/a><\/em><\/p>\n<p>Jan Sikora <em><a href=\"http:\/\/za.uap.edu.pl\/wp-content\/uploads\/2020\/03\/44-53-1.pdf\">B\u0119d\u0119 sta\u0142 i milcza\u0142 przez 28 minut<\/a><\/em><\/p>\n<p>&nbsp;<\/p>\n<p>Architektura wn\u0119trz filozofia i wsp\u00f3\u0142czesno\u015b\u0107<\/p>\n<p>Tadeusz Pietrzkiewicz\u00a0<em><a href=\"http:\/\/za.uap.edu.pl\/wp-content\/uploads\/2020\/03\/54-65.pdf\">Architektura \u2013 t\u0119sknota za warto\u015bci\u0105?<\/a><\/em><\/p>\n<p>Katarzyna Utercht\u00a0<em><a href=\"http:\/\/za.uap.edu.pl\/wp-content\/uploads\/2020\/03\/66-77.pdf\">Proces kszta\u0142towania przestrzeni prywatnej \u2013 to\u017csamo\u015b\u0107 miejsca a architektura emocji<\/a><\/em><\/p>\n<p>Piotr Sudak\u00a0<em><a href=\"http:\/\/za.uap.edu.pl\/wp-content\/uploads\/2020\/03\/78-85.pdf\">Architektura codzienno\u015bci. W poszukiwaniu znaczenia przestrzeni<\/a><\/em><\/p>\n<p>&nbsp;<\/p>\n<p>Nowe technologie<br \/>\nBartosz Kostia Jakubicki\u00a0<em><a href=\"http:\/\/za.uap.edu.pl\/wp-content\/uploads\/2020\/03\/86-95.pdf\">Badania nad projekcyjn\u0105 pow\u0142ok\u0105 LED, owlekaj\u0105c\u0105 przestrzenne elementy wn\u0119trz<\/a><\/em><\/p>\n<p>Rafa\u0142 Szrajber \/Julia Wojciechowska\u00a0<em><a href=\"http:\/\/za.uap.edu.pl\/wp-content\/uploads\/2020\/03\/96-111.pdf\">Odczyta\u0107 wirtualn\u0105 przestrze\u0144 \u2013 komunikacja przez przestrze\u0144 w grach wideo<\/a><\/em><\/p>\n<p>Aleksandra Gajzler-Baranowska\u00a0<em><a href=\"http:\/\/za.uap.edu.pl\/wp-content\/uploads\/2020\/03\/112-119.pdf\">Interaktywne obiekty w przestrzeni u\u017cyteczno\u015bci publicznej jako medium komunikacji ze wsp\u00f3\u0142czesnym u\u017cytkownikiem<\/a><\/em><\/p>\n<p>&nbsp;<\/p>\n<p>Wystawiennictwo<\/p>\n<p>Konstancja Pleskaczy\u0144ska\u00a0<em><a href=\"http:\/\/za.uap.edu.pl\/wp-content\/uploads\/2020\/03\/120-135.pdf\">Aspekty projektowania wsp\u00f3\u0142czesnych realizacji przestrzennych na obszarach dawnych niemieckich oboz\u00f3w natychmiastowej zag\u0142ady<\/a><\/em><\/p>\n<p>Beata Wawrzecka\u00a0<em><a href=\"http:\/\/za.uap.edu.pl\/wp-content\/uploads\/2020\/03\/136-151.pdf\">Przestrze\u0144 wewn\u0119trzna wystaw czasowych. Projektowanie wystaw czasowych we wn\u0119trzach zabytkowych, nieprzystosowanych do cel\u00f3w wystawienniczych<\/a><\/em><\/p>\n<p>Marcin Szel\u0105g\u00a0<em><a href=\"http:\/\/za.uap.edu.pl\/wp-content\/uploads\/2020\/03\/152-163.pdf\">Adaptacje historycznych wn\u0119trz na przestrzenie muzealne w kontek\u015bcie wsp\u00f3\u0142czesnych tendencji wystawienniczych<\/a><\/em><\/p>\n<p>&nbsp;<\/p>\n<p>Historia architektury wn\u0119trz<br \/>\nAleksandra Paradowska\u00a0<em><a href=\"http:\/\/za.uap.edu.pl\/wp-content\/uploads\/2020\/03\/164-179.pdf\">\u201eMarmury i portret Hitlera\u201d. Oficjalne wn\u0119trza z okresu III Rzeszy na terenie dzisiejszej Polski i ich wsp\u00f3\u0142czesne funkcjonowanie<\/a><\/em><\/p>\n<p>Tomasz Miko\u0142ajczak\u00a0<em><a href=\"http:\/\/za.uap.edu.pl\/wp-content\/uploads\/2020\/03\/180-195.pdf\">\u201ePrzestrzenie odzyskane\u201d \u2013 aran\u017cacje wn\u0119trz w powojennym Wroc\u0142awiu<\/a><\/em><\/p>\n<p>&nbsp;<\/p>\n<p>Wn\u0119trzarstwo \/ praktyka<\/p>\n<p>Agata Wojty\u0142a-M\u0142ynarczyk<em><a href=\"http:\/\/za.uap.edu.pl\/wp-content\/uploads\/2020\/03\/196-207.pdf\"> Biel jako medium w kszta\u0142towaniu wsp\u00f3\u0142czesnej to\u017csamo\u015bci wn\u0119trz prywatnych. Architekt wn\u0119trz kreuj\u0105cy estetyk\u0119 odbioru przestrzeni<\/a><\/em><\/p>\n<p>Rozalia \u015awitalska\u00a0<em><a href=\"http:\/\/za.uap.edu.pl\/wp-content\/uploads\/2020\/03\/208-223.pdf\">Wn\u0119trza hoteli butikowych \u2013 bogactwo dozna\u0144 estetycznych, kulturowych i zmys\u0142owych<\/a><\/em><\/p>\n<p>&nbsp;<\/p>\n<p>Przestrze\u0144 publiczna<\/p>\n<p>Ilona Dardzi\u0144ska\u00a0<em><a href=\"http:\/\/za.uap.edu.pl\/wp-content\/uploads\/2020\/03\/224-237.pdf\">Kszta\u0142towanie si\u0119 wn\u0119trz w przestrzeni publicznej<\/a><\/em><\/p>\n<p>&nbsp;<\/p>\n<p>Scenografia<\/p>\n<p>Katarzyna Podg\u00f3rska-Glonti\u00a0<em><a href=\"http:\/\/za.uap.edu.pl\/wp-content\/uploads\/2020\/03\/238-249.pdf\">Korelacje przestrzeni. Przestrzenie architektoniczne i ich konteksty jako integralna cz\u0119\u015b\u0107 wypowiedzi tw\u00f3rcy<\/a><\/em><\/p>\n<p>Witold Owczarek\u00a0<em><a href=\"http:\/\/za.uap.edu.pl\/wp-content\/uploads\/2020\/03\/250-257.pdf\">Synestezja i symulakry w przestrzeni scenicznej<\/a><\/em><\/p>\n<p>&nbsp;<\/p>\n<p><strong><a href=\"http:\/\/za.uap.edu.pl\/wp-content\/uploads\/2020\/03\/258-271.pdf\">Abstracts<\/a><\/strong><\/p>\n","protected":false},"excerpt":{"rendered":"<p>3(36)\/2019 ZESZYTY ARTYSTYCZNE \/ nr 36 Przestrzenie wewn\u0119trzne \u2013 90 lat kierunku architektura wn\u0119trz w pozna\u0144skiej uczelni artystycznej &nbsp; Redaktorki prowadz\u0105ce: dr hab. Konstancja Pleskaczy\u0144ska, prof. UAP,\u00a0 dr Aleksandra Paradowska mgr Rozalia \u015awitalska, as. \/ wsp\u00f3\u0142praca &nbsp; Spis tre\u015bci Wprowadzenie&hellip;<\/p>\n<p class=\"more-link-p\"><a class=\"more-link\" href=\"http:\/\/za.uap.edu.pl\/?page_id=1182\">Read more &rarr;<\/a><\/p>\n","protected":false},"author":3,"featured_media":0,"parent":0,"menu_order":0,"comment_status":"closed","ping_status":"closed","template":"","meta":[],"_links":{"self":[{"href":"http:\/\/za.uap.edu.pl\/index.php?rest_route=\/wp\/v2\/pages\/1182"}],"collection":[{"href":"http:\/\/za.uap.edu.pl\/index.php?rest_route=\/wp\/v2\/pages"}],"about":[{"href":"http:\/\/za.uap.edu.pl\/index.php?rest_route=\/wp\/v2\/types\/page"}],"author":[{"embeddable":true,"href":"http:\/\/za.uap.edu.pl\/index.php?rest_route=\/wp\/v2\/users\/3"}],"replies":[{"embeddable":true,"href":"http:\/\/za.uap.edu.pl\/index.php?rest_route=%2Fwp%2Fv2%2Fcomments&post=1182"}],"version-history":[{"count":5,"href":"http:\/\/za.uap.edu.pl\/index.php?rest_route=\/wp\/v2\/pages\/1182\/revisions"}],"predecessor-version":[{"id":1212,"href":"http:\/\/za.uap.edu.pl\/index.php?rest_route=\/wp\/v2\/pages\/1182\/revisions\/1212"}],"wp:attachment":[{"href":"http:\/\/za.uap.edu.pl\/index.php?rest_route=%2Fwp%2Fv2%2Fmedia&parent=1182"}],"curies":[{"name":"wp","href":"https:\/\/api.w.org\/{rel}","templated":true}]}}