{"id":12,"date":"2012-02-01T12:42:40","date_gmt":"2012-02-01T12:42:40","guid":{"rendered":"http:\/\/za.uap.edu.pl\/?page_id=12"},"modified":"2024-05-24T14:40:42","modified_gmt":"2024-05-24T14:40:42","slug":"instrukcje-dla-autorow","status":"publish","type":"page","link":"http:\/\/za.uap.edu.pl\/?page_id=12","title":{"rendered":"Przygotowanie tekstu"},"content":{"rendered":"<p><b>Przygotowanie tekstu<\/b><\/p>\n<p><span style=\"font-weight: 400;\">\u201eZeszyty Artystyczne\u201d figuruj\u0105 w wykazie Ministerstwa Nauki i Szkolnictwa Wy\u017cszego z liczb\u0105 20 punkt\u00f3w (Unikatowy Identyfikator Czasopisma 496752). Przypisan\u0105 dyscyplin\u0105 s\u0105 nauki o sztuce. Wszystkie artyku\u0142y po opublikowaniu udost\u0119pniane s\u0105 w nast\u0119puj\u0105cych repozytoriach: EBSCO, POLONA \/ Repozytorium cyfrowe Biblioteki Narodowej, BazHum, ERIH PLUS, Issuu. Artyku\u0142y w \u201eZeszytach Artystycznych\u201d opatrzone s\u0105 cyfrowymi identyfikatorami DOI.<\/span><\/p>\n<p><span style=\"font-weight: 400;\">Ka\u017cdy numer czasopisma jest tematyczny i gromadzi korpus tekst\u00f3w pozyskane w odpowiedzi na og\u0142aszane przez redakcj\u0119 <\/span><i><span style=\"font-weight: 400;\">Call for Papers <\/span><\/i><span style=\"font-weight: 400;\">(CfP) oraz artyku\u0142y do dzia\u0142u Varia w liczbie nieprzekraczaj\u0105cej trzech, a tak\u017ce recenzje wystaw b\u0105d\u017a publikacji naukowych. Wszystkie artyku\u0142y naukowe podlegaj\u0105 podw\u00f3jnej, anonimowej recenzji.<\/span><\/p>\n<p><span style=\"font-weight: 400;\">Redakcja zastrzega sobie prawo do skr\u00f3t\u00f3w i zmian w nades\u0142anych tekstach (tak\u017ce tytu\u0142\u00f3w).<\/span><\/p>\n<p><span style=\"font-weight: 400;\">Autorzy i autorki zawieraj\u0105 z wydawc\u0105 umow\u0119 licencyjn\u0105, kt\u00f3ra nie uwzgl\u0119dnia honorari\u00f3w za opublikowane artyku\u0142y.<\/span><\/p>\n<p><span style=\"font-weight: 400;\">Za prawa cytowania fragment\u00f3w innych publikacji (tekst\u00f3w, tabel, ilustracji itp.) odpowiedzialni s\u0105 autorzy i autorki artyku\u0142\u00f3w.\u00a0<\/span><\/p>\n<p><span style=\"font-weight: 400;\">Od roku 2023 w \u201eZeszytach Artystycznych\u201d obowi\u0105zuj\u0105 nowe zasady redagowania tekstu i bibliografii za\u0142\u0105cznikowej, zgodne ze standardem<\/span><a href=\"https:\/\/www.chicagomanualofstyle.org\/tools_citationguide\/citation-guide-1.html\"><span style=\"font-weight: 400;\"> Chicago<\/span><\/a><span style=\"font-weight: 400;\">.<\/span><\/p>\n<p><b>Instrukcje przygotowania artyku\u0142u<\/b><\/p>\n<ol>\n<li style=\"font-weight: 400;\" aria-level=\"1\"><span style=\"font-weight: 400;\">Artyku\u0142y nadsy\u0142ane w odpowiedzi na CfP, zredagowane zgodnie z podanymi standardami, nale\u017cy kierowa\u0107 na adres redakcji: zeszyty.artystyczne@uap.edu.pl<\/span><\/li>\n<li style=\"font-weight: 400;\" aria-level=\"1\"><span style=\"font-weight: 400;\">Do artyku\u0142u (20-40 tys. znak\u00f3w ze spacjami) nale\u017cy do\u0142\u0105czy\u0107:<\/span><\/li>\n<\/ol>\n<ul>\n<li style=\"font-weight: 400;\" aria-level=\"1\"><span style=\"font-weight: 400;\">abstrakty (do 300 s\u0142\u00f3w) w j\u0119zykach polskim i angielskim (wraz z tytu\u0142em w tym j\u0119zyku), czytelnie streszczaj\u0105ce artyku\u0142 z uwzgl\u0119dnieniem podj\u0119tego zagadnienia badawczego, metod i wniosk\u00f3w oraz po 6 s\u0142\u00f3w kluczowych w obu j\u0119zykach,<\/span><\/li>\n<li style=\"font-weight: 400;\" aria-level=\"1\"><span style=\"font-weight: 400;\">biogram w j\u0119zyku polskim (do 700 znak\u00f3w ze spacjami) zawieraj\u0105cy: stopie\u0144 naukowy, afiliacj\u0119, wybrane publikacje, obszar zainteresowa\u0144 naukowych, numer ORCID.<\/span><\/li>\n<li style=\"font-weight: 400;\" aria-level=\"1\"><span style=\"font-weight: 400;\">bibliografi\u0119 za\u0142\u0105cznikow\u0105 uporz\u0105dkowan\u0105 alfabetycznie wed\u0142ug nazwisk autor\u00f3w i zgodnie ze standardami Chicago.<\/span><\/li>\n<\/ul>\n<p><b>Zasady redagowania<\/b><\/p>\n<ol>\n<li style=\"font-weight: 400;\" aria-level=\"1\"><span style=\"font-weight: 400;\">Tekst: Times New Roman (tekst g\u0142\u00f3wny: 12 punkt\u00f3w, przypisy: 10 punkt\u00f3w) w formacie edytowalnym (docx, odt lub rtf). Interlinia: 1,5 wiersza.<\/span><\/li>\n<li style=\"font-weight: 400;\" aria-level=\"1\"><span style=\"font-weight: 400;\">W artykule i przypisach tytu\u0142y ksi\u0105\u017cek, film\u00f3w oraz dzie\u0142 sztuki a tak\u017ce zwroty w j\u0119zykach obcych zapisujemy <\/span><i><span style=\"font-weight: 400;\">kursyw\u0105<\/span><\/i><span style=\"font-weight: 400;\">.<\/span><\/li>\n<li style=\"font-weight: 400;\" aria-level=\"1\"><span style=\"font-weight: 400;\">W bibliografii podajemy ca\u0142y zakres stron w przypadku artyku\u0142\u00f3w w czasopismach b\u0105d\u017a rozdzia\u0142\u00f3w w monografiach wieloautorskich.<\/span><\/li>\n<li style=\"font-weight: 400;\" aria-level=\"1\"><span style=\"font-weight: 400;\">Nale\u017cy podawa\u0107 numery DOI publikacji online.<\/span><\/li>\n<li style=\"font-weight: 400;\" aria-level=\"1\"><span style=\"font-weight: 400;\">Cytaty do 50 s\u0142\u00f3w zapisujemy czcionk\u0105 prost\u0105, ujmuj\u0105c tekst w cudzys\u0142\u00f3w. Cudzys\u0142owy powinny by\u0107 polskie (dolny i g\u00f3rny). Powy\u017cej 50 s\u0142\u00f3w stosujemy cytat blokowy, pomijaj\u0105c cudzys\u0142\u00f3w. Cytat w tek\u015bcie ujmujemy w cudzys\u0142\u00f3w pojedynczy. Opuszczenia w cytatach ujmujemy w nawias kwadratowy: [\u2026]. Znaki interpunkcyjne umieszczamy za zamkni\u0119ciem cudzys\u0142owu, odsy\u0142acze przypisu przed znakiem przestankowym.<\/span><\/li>\n<\/ol>\n<p><span style=\"font-weight: 400;\">\u201ePrzyk\u0142ad 'cytat\u2019 przyk\u0142ad\u201d1.<\/span><\/p>\n<p><b>Przyk\u0142adowe zapisy<\/b><\/p>\n<ul>\n<li style=\"font-weight: 400;\" aria-level=\"1\"><b>Monografia i monografia w przek\u0142adzie<\/b><\/li>\n<\/ul>\n<p><b>przypis<\/b><\/p>\n<p><span style=\"font-weight: 400;\">Jolanta Brach-Czaina, <\/span><i><span style=\"font-weight: 400;\">Szczeliny istnienia<\/span><\/i><span style=\"font-weight: 400;\"> (Krak\u00f3w: Wydawnictwo eFKa, 1999), 55.<\/span><\/p>\n<p><span style=\"font-weight: 400;\">Hans Belting, <\/span><i><span style=\"font-weight: 400;\">Antropologia obrazu. Szkice do nauki o obrazie<\/span><\/i><span style=\"font-weight: 400;\">, t\u0142um. Mariusz Bryl (Krak\u00f3w: TAiWPN UNIVERSITAS, 2007), 81.<\/span><\/p>\n<p><b>przypis skr\u00f3cony<\/b><\/p>\n<p><span style=\"font-weight: 400;\">Brach-Czaina, <\/span><i><span style=\"font-weight: 400;\">Szczeliny istnienia<\/span><\/i><span style=\"font-weight: 400;\">, 55.<\/span><\/p>\n<p><span style=\"font-weight: 400;\">Belting, <\/span><i><span style=\"font-weight: 400;\">Antropologia obrazu\u2026<\/span><\/i><span style=\"font-weight: 400;\">, 30-31.<\/span><\/p>\n<p><b>bibliografia<\/b><\/p>\n<p><span style=\"font-weight: 400;\">Brach-Czaina, Jolanta. <\/span><i><span style=\"font-weight: 400;\">Szczeliny istnienia. <\/span><\/i><span style=\"font-weight: 400;\">Krak\u00f3w: Wydawnictwo eFKa, 1999.<\/span><\/p>\n<p><span style=\"font-weight: 400;\">Belting, Hans. <\/span><i><span style=\"font-weight: 400;\">Antropologia obrazu. Szkice do nauki o obrazie. <\/span><\/i><span style=\"font-weight: 400;\">T\u0142um. Mariusz Bryl. Krak\u00f3w: TAiWPN UNIVERSITAS, 2007.<\/span><\/p>\n<ul>\n<li style=\"font-weight: 400;\" aria-level=\"1\"><b>Rozdzia\u0142 w monografii wieloautorskiej pod redakcj\u0105<\/b><\/li>\n<\/ul>\n<p><b>przypis<\/b><\/p>\n<p><span style=\"font-weight: 400;\">Ryszard W. Kluszczy\u0144ski, \u201eNet art \u2013 nowe terytorium sztuki,\u201d w: <\/span><i><span style=\"font-weight: 400;\">Nowe media w komunikacji spo\u0142ecznej w XX wieku<\/span><\/i><span style=\"font-weight: 400;\">, red. Maryla Hopfinger (Warszawa: Oficyna Naukowa, 2002), 419.<\/span><\/p>\n<p><b>przypis skr\u00f3cony<\/b><\/p>\n<p><span style=\"font-weight: 400;\">Kluszczy\u0144ski, \u201eNet art\u2026,\u201d 419.<\/span><\/p>\n<p><b>bibliografia<\/b><\/p>\n<p><span style=\"font-weight: 400;\">Kluszczy\u0144ski, Ryszard W. \u201eNet art \u2013 nowe terytorium sztuki.\u201d W: <\/span><i><span style=\"font-weight: 400;\">Nowe media w komunikacji spo\u0142ecznej w XX wieku<\/span><\/i><span style=\"font-weight: 400;\">, red. Maryla Hopfinger, 417-429. Warszawa: Oficyna Naukowa, 2002.<\/span><\/p>\n<ol>\n<li style=\"font-weight: 400;\" aria-level=\"1\"><b>Artyku\u0142 w czasopi\u015bmie<\/b><\/li>\n<\/ol>\n<p><b>przypis<\/b><\/p>\n<p><span style=\"font-weight: 400;\">Marianna Micha\u0142owska, \u201eKrajobraz krytyczny w polskiej fotografii \u2013 geografie peryferii,\u201d <\/span><i><span style=\"font-weight: 400;\">Zeszyty Artystyczne<\/span><\/i><span style=\"font-weight: 400;\"> 37, nr 1 (2020): 25-26.<\/span><\/p>\n<p><b>przypis skr\u00f3cony<\/b><\/p>\n<p><span style=\"font-weight: 400;\">Micha\u0142owska, \u201eKrajobraz krytyczny\u2026,\u201d 25-26.<\/span><\/p>\n<p><b>bibliografia<\/b><\/p>\n<p><span style=\"font-weight: 400;\">Micha\u0142owska, Marianna. \u201eKrajobraz krytyczny w polskiej fotografii \u2013 geografie peryferii.\u201d <\/span><i><span style=\"font-weight: 400;\">Zeszyty Artystyczne<\/span><\/i><span style=\"font-weight: 400;\"> 37, nr 1 (2020): 17-32.<\/span><\/p>\n<ul>\n<li style=\"font-weight: 400;\" aria-level=\"1\"><b>Artyku\u0142 ze strony internetowej, czasopisma online, bloga<\/b><\/li>\n<\/ul>\n<p><b>przypis<\/b><\/p>\n<p><span style=\"font-weight: 400;\">R\u00e9gine Debatty, \u201eUnknown Unknowns,\u201d <\/span><i><span style=\"font-weight: 400;\">We Make Money Not Art<\/span><\/i><span style=\"font-weight: 400;\">, 23.08.2022, https:\/\/we-make-money-not-art.com\/unknown-unknowns\/ (19.12.2022).<\/span><\/p>\n<p><span style=\"font-weight: 400;\">Susan Jones, \u201eArtists\u2019 low income and status are international issues,\u201d <\/span><i><span style=\"font-weight: 400;\">The Guardian<\/span><\/i><span style=\"font-weight: 400;\">, 12.01.2015, https:\/\/www.theguardian.com\/culture-professionals-network\/2015\/jan\/12\/artists-low-income-international-issues (19.12.2022).<\/span><\/p>\n<p><span style=\"font-weight: 400;\">Jussi Parikka, \u201eG\u0142\u0119boki czas planetarnych problem\u00f3w. Notatki o polityce kulturowej medi\u00f3w i materialno\u015bci,\u201d t\u0142um. Ma\u0142gorzata Szubartowska, <\/span><i><span style=\"font-weight: 400;\">Widok. Teorie i Praktyki Kultury Wizualnej <\/span><\/i><span style=\"font-weight: 400;\">22 (2018) https:\/\/doi.org\/10.36854\/widok\/2018.22.1793 (19.12.2022).<\/span><\/p>\n<p><b>przypis skr\u00f3cony<\/b><\/p>\n<p><span style=\"font-weight: 400;\">Debatty, \u201eUnknown Unknowns,\u201d 2022.<\/span><\/p>\n<p><span style=\"font-weight: 400;\">Jones, \u201eArtists\u2019 low income\u2026,\u201d 2015.<\/span><\/p>\n<p><span style=\"font-weight: 400;\">Parikka, \u201eG\u0142\u0119boki czas planetarnych problem\u00f3w\u2026,\u201d 2018.<\/span><\/p>\n<p><b>bibliografia<\/b><\/p>\n<p><span style=\"font-weight: 400;\">Debatty, R\u00e9gine. \u201eUnknown Unknowns.\u201d <\/span><i><span style=\"font-weight: 400;\">We Make Money Not Art.<\/span><\/i><span style=\"font-weight: 400;\"> 23.08.2022. https:\/\/we-make-money-not-art.com\/unknown-unknowns\/ (19.12.2022).<\/span><\/p>\n<p><span style=\"font-weight: 400;\">Jones, Susan. \u201eArtists\u2019 low income and status are international issues.\u201d <\/span><i><span style=\"font-weight: 400;\">The Guardian<\/span><\/i><span style=\"font-weight: 400;\">, 12.01.2015. https:\/\/www.theguardian.com\/culture-professionals-network\/2015\/jan\/12\/artists-low-income-international-issues (19.12.2022).<\/span><\/p>\n<p><span style=\"font-weight: 400;\">Parikka, Jussi. \u201eG\u0142\u0119boki czas planetarnych problem\u00f3w. Notatki o polityce kulturowej medi\u00f3w i materialno\u015bci.\u201d T\u0142um. Ma\u0142gorzata Szubartowska, <\/span><i><span style=\"font-weight: 400;\">Widok. Teorie i Praktyki Kultury Wizualnej <\/span><\/i><span style=\"font-weight: 400;\">22 (2018). https:\/\/doi.org\/10.36854\/widok\/2018.22.1793 (19.12.2022).<\/span><\/p>\n<ul>\n<li style=\"font-weight: 400;\" aria-level=\"1\"><b>Has\u0142o encyklopedyczne lub s\u0142ownikowe<\/b><\/li>\n<\/ul>\n<p><span style=\"font-weight: 400;\">Has\u0142o: \u201eperspektywa\u201d\u200a, w: <\/span><i><span style=\"font-weight: 400;\">Nowy s\u0142ownik poprawnej polszczyzny PWN<\/span><\/i><span style=\"font-weight: 400;\">, red. Andrzej Markowski (Warszawa: Wydawnictwo Naukowe PWN, 1999), 649.<\/span><\/p>\n<ul>\n<li style=\"font-weight: 400;\" aria-level=\"1\"><b>Film (tak\u017ce np. dzie\u0142o sztuki wideo)<\/b><\/li>\n<\/ul>\n<p><i><span style=\"font-weight: 400;\">Antropocen: epoka cz\u0142owieka<\/span><\/i><span style=\"font-weight: 400;\">, re\u017c. Jennifer Baichwal, Nicholas de Pencier, Edward Burtynsky, Kanada, 2018.<\/span><\/p>\n","protected":false},"excerpt":{"rendered":"<p>Przygotowanie tekstu \u201eZeszyty Artystyczne\u201d figuruj\u0105 w wykazie Ministerstwa Nauki i Szkolnictwa Wy\u017cszego z liczb\u0105 20 punkt\u00f3w (Unikatowy Identyfikator Czasopisma 496752). Przypisan\u0105 dyscyplin\u0105 s\u0105 nauki o sztuce. Wszystkie artyku\u0142y po opublikowaniu udost\u0119pniane s\u0105 w nast\u0119puj\u0105cych repozytoriach: EBSCO, POLONA \/ Repozytorium cyfrowe&hellip;<\/p>\n<p class=\"more-link-p\"><a class=\"more-link\" href=\"http:\/\/za.uap.edu.pl\/?page_id=12\">Read more &rarr;<\/a><\/p>\n","protected":false},"author":1,"featured_media":0,"parent":0,"menu_order":0,"comment_status":"closed","ping_status":"open","template":"","meta":[],"_links":{"self":[{"href":"http:\/\/za.uap.edu.pl\/index.php?rest_route=\/wp\/v2\/pages\/12"}],"collection":[{"href":"http:\/\/za.uap.edu.pl\/index.php?rest_route=\/wp\/v2\/pages"}],"about":[{"href":"http:\/\/za.uap.edu.pl\/index.php?rest_route=\/wp\/v2\/types\/page"}],"author":[{"embeddable":true,"href":"http:\/\/za.uap.edu.pl\/index.php?rest_route=\/wp\/v2\/users\/1"}],"replies":[{"embeddable":true,"href":"http:\/\/za.uap.edu.pl\/index.php?rest_route=%2Fwp%2Fv2%2Fcomments&post=12"}],"version-history":[{"count":20,"href":"http:\/\/za.uap.edu.pl\/index.php?rest_route=\/wp\/v2\/pages\/12\/revisions"}],"predecessor-version":[{"id":1884,"href":"http:\/\/za.uap.edu.pl\/index.php?rest_route=\/wp\/v2\/pages\/12\/revisions\/1884"}],"wp:attachment":[{"href":"http:\/\/za.uap.edu.pl\/index.php?rest_route=%2Fwp%2Fv2%2Fmedia&parent=12"}],"curies":[{"name":"wp","href":"https:\/\/api.w.org\/{rel}","templated":true}]}}