{"id":1257,"date":"2021-01-13T16:19:29","date_gmt":"2021-01-13T16:19:29","guid":{"rendered":"http:\/\/za.uap.edu.pl\/?page_id=1257"},"modified":"2021-01-21T15:54:52","modified_gmt":"2021-01-21T15:54:52","slug":"37-2","status":"publish","type":"page","link":"http:\/\/za.uap.edu.pl\/?page_id=1257","title":{"rendered":"37"},"content":{"rendered":"<p>1(37)2020<\/p>\n<p><a href=\"http:\/\/za.uap.edu.pl\/wp-content\/uploads\/2021\/01\/37M.pdf\">ZESZYTY ARTYSTYCZNE \/ 37<\/a><\/p>\n<p><a href=\"http:\/\/za.uap.edu.pl\/wp-content\/uploads\/2020\/07\/ZA_37_wizualizacja.jpg\"><img loading=\"lazy\" class=\"alignnone wp-image-1220\" src=\"http:\/\/za.uap.edu.pl\/wp-content\/uploads\/2020\/07\/ZA_37_wizualizacja.jpg\" alt=\"37\" width=\"510\" height=\"387\" \/><\/a><\/p>\n<p>Temat numeru: Centra i peryferie \u2013 idiom geograficzny w sztukach audiowizualnych<\/p>\n<p>Redaktor prowadz\u0105ca: dr hab. Ewa W\u00f3jtowicz, prof. UAP<\/p>\n<p>&nbsp;<\/p>\n<p>Spis tre\u015bci<\/p>\n<p>Ewa W\u00f3jtowicz <em><a href=\"http:\/\/za.uap.edu.pl\/wp-content\/uploads\/2021\/01\/10-14.pdf\">Wst\u0119p. Centra i peryferie \u2013 idiom geograficzny w sztukach audiowizualnych<\/a><\/em><br \/>\nMarianna Micha\u0142owska <em><a href=\"http:\/\/za.uap.edu.pl\/wp-content\/uploads\/2021\/01\/16-32.pdf\">Krajobraz krytyczny w polskiej fotografii \u2013 geografie peryferii<\/a><\/em><br \/>\nEwa W\u00f3jtowicz <em><a href=\"http:\/\/za.uap.edu.pl\/wp-content\/uploads\/2021\/01\/34-44.pdf\">\u201eGeokino\u201d jako model widzenia ksenoprzestrzeni<\/a><\/em><br \/>\nSylwia Szykowna <em><a href=\"http:\/\/za.uap.edu.pl\/wp-content\/uploads\/2021\/01\/46-57.pdf\">Pogoda jako medium sztuki \u2013 przemiany kultury artystycznej w dobie posthumanizmu<\/a><\/em><br \/>\nWeronika Bryl-Roman <em><a href=\"http:\/\/za.uap.edu.pl\/wp-content\/uploads\/2021\/01\/58-72.pdf\">Zobaczy\u0107 miasto rozproszone: sztuka wobec eksurbanizacji<\/a><\/em><br \/>\nKrzysztof Siatka <em><a href=\"http:\/\/za.uap.edu.pl\/wp-content\/uploads\/2021\/01\/74-83.pdf\">Wystawy na peryferiach centrum<\/a><\/em><br \/>\nInside Job (Ula Luci\u0144ska \/ Micha\u0142 Knychaus) <em><a href=\"http:\/\/za.uap.edu.pl\/wp-content\/uploads\/2021\/01\/84-96.pdf\">Aktualne strategie site-specific wobec przestrzeni galeryjno-instytucjonalnych<\/a><\/em><br \/>\nKamil Lipi\u0144ski <em><a href=\"http:\/\/za.uap.edu.pl\/wp-content\/uploads\/2021\/01\/98-108.pdf\">Migracje obrazu i obecno\u015b\u0107 kinowej iluzji w przestrzeniach artystycznych<\/a><\/em><br \/>\nJacek Szymala <em><a href=\"http:\/\/za.uap.edu.pl\/wp-content\/uploads\/2021\/01\/110-119.pdf\">W\u0142odzimierz Puchalski (1909-1979) \u2013 przyrodnik i artysta mi\u0119dzy Dolnym \u015al\u0105skiem a Svalbardem<\/a><\/em><br \/>\nSonia Rammer <em><a href=\"http:\/\/za.uap.edu.pl\/wp-content\/uploads\/2021\/01\/120-137.pdf\">May You Find Your Inner Yeti<\/a><\/em><\/p>\n<p>English summaries<br \/>\nMarianna Micha\u0142owska <em><a href=\"http:\/\/za.uap.edu.pl\/wp-content\/uploads\/2021\/01\/140-144.pdf\">Critical Landscape of Polish Photography \u2013 Geographies of Peripheries<\/a><\/em><br \/>\nEwa W\u00f3jtowicz <em><a href=\"http:\/\/za.uap.edu.pl\/wp-content\/uploads\/2021\/01\/146-148.pdf\">\u201cGeocinema\u201d as a Mode of Seeing Xenospaces<\/a><\/em><br \/>\nSylwia Szykowna <em><a href=\"http:\/\/za.uap.edu.pl\/wp-content\/uploads\/2021\/01\/150-153.pdf\">Weather as an Art Medium \u2013 Changes in Artistic Culture in the Era of Posthumanism<\/a><\/em><br \/>\nKrzysztof Siatka <em><a href=\"http:\/\/za.uap.edu.pl\/wp-content\/uploads\/2021\/01\/158-161.pdf\">Exhibitions at the Centre\u2019s Periphery<\/a><\/em><br \/>\nWeronika Bryl-Roman <em><a href=\"http:\/\/za.uap.edu.pl\/wp-content\/uploads\/2021\/01\/154-157.pdf\">To See a Dispersed City: Art vs. Exurbanization<\/a><\/em><br \/>\nInside Job (Ula Luci\u0144ska \/ Micha\u0142 Knychaus) <em><a href=\"http:\/\/za.uap.edu.pl\/wp-content\/uploads\/2021\/01\/162-165.pdf\">Current Site-specific Strategies towards Institutional Gallery Spaces<\/a><\/em><br \/>\nKamil Lipi\u0144ski <em><a href=\"http:\/\/za.uap.edu.pl\/wp-content\/uploads\/2021\/01\/166-169.pdf\">Migrations of Images and the Presence of Cinematic Illusion in the Space of Artistic Culture<\/a><\/em><br \/>\nJacek Szymala <em><a href=\"http:\/\/za.uap.edu.pl\/wp-content\/uploads\/2021\/01\/170-172.pdf\">W\u0142odzimierz Puchalski (1909-1979) \u2013 Naturalist and Artist between Lower Silesia and Svalbard<\/a><\/em><br \/>\nSonia Rammer <em><a href=\"http:\/\/za.uap.edu.pl\/wp-content\/uploads\/2021\/01\/174-177.pdf\">May You Find Your Inner Yeti<\/a><\/em><\/p>\n<p>Recenzje i komentarze<br \/>\nIzabela Kowalczyk <em><a href=\"http:\/\/za.uap.edu.pl\/wp-content\/uploads\/2021\/01\/180-189.pdf\">Dlaczego Duchamp nie czesa\u0142 si\u0119 z przedzia\u0142kiem?\u201d \u2013 i co z tego wynika? Recenzja ksi\u0105\u017cki Anny Markowskiej<\/a><\/em><\/p>\n<p>Justyna Ryczek <em><a href=\"http:\/\/za.uap.edu.pl\/wp-content\/uploads\/2021\/01\/190-195.pdf\">Wystawa jako pretekst do my\u015blenia o \u015bwiecie. B\u00f3br a sztuka malarska<\/a><\/em><br \/>\nMarta Miaskowska <em><a href=\"http:\/\/za.uap.edu.pl\/wp-content\/uploads\/2021\/01\/196-207.pdf\">Rzeczywisto\u015b\u0107 wed\u0142ug Robakowskiego. Przeznaczenie i przekle\u0144stwo. Analiza metod badawczo-artystycznych J\u00f3zefa Robakowskiego<\/a><\/em><\/p>\n<p>Praca konkursowa<br \/>\nAdrian Szwarc <em><a href=\"http:\/\/za.uap.edu.pl\/wp-content\/uploads\/2021\/01\/210-227.pdf\">Figura japo\u0144skiego idola wobec spo\u0142eczno\u015bci rzeczywisto\u015bci mieszanej<\/a><\/em><\/p>\n<p><a href=\"http:\/\/za.uap.edu.pl\/wp-content\/uploads\/2021\/01\/228-233.pdf\">Kronika WEAiK<\/a><br \/>\n<a href=\"http:\/\/za.uap.edu.pl\/wp-content\/uploads\/2021\/01\/234-264.pdf\">Kalendarium<\/a><\/p>\n<p>Numer 37. powsta\u0142 przy wsparciu Polskiego Towarzystwa Bada\u0144 nad Filmem i Mediami. Cz\u0119\u015b\u0107<br \/>\nartyku\u0142\u00f3w to rozwini\u0119te wersje referat\u00f3w wyg\u0142oszonych na III Zje\u017adzie Filmoznawc\u00f3w i Medioznawc\u00f3w<br \/>\nw \u0141odzi (17-19 czerwca 2019).<\/p>\n","protected":false},"excerpt":{"rendered":"<p>1(37)2020 ZESZYTY ARTYSTYCZNE \/ 37 Temat numeru: Centra i peryferie \u2013 idiom geograficzny w sztukach audiowizualnych Redaktor prowadz\u0105ca: dr hab. Ewa W\u00f3jtowicz, prof. UAP &nbsp; Spis tre\u015bci Ewa W\u00f3jtowicz Wst\u0119p. Centra i peryferie \u2013 idiom geograficzny w sztukach audiowizualnych Marianna&hellip;<\/p>\n<p class=\"more-link-p\"><a class=\"more-link\" href=\"http:\/\/za.uap.edu.pl\/?page_id=1257\">Read more &rarr;<\/a><\/p>\n","protected":false},"author":3,"featured_media":0,"parent":0,"menu_order":0,"comment_status":"closed","ping_status":"closed","template":"","meta":[],"_links":{"self":[{"href":"http:\/\/za.uap.edu.pl\/index.php?rest_route=\/wp\/v2\/pages\/1257"}],"collection":[{"href":"http:\/\/za.uap.edu.pl\/index.php?rest_route=\/wp\/v2\/pages"}],"about":[{"href":"http:\/\/za.uap.edu.pl\/index.php?rest_route=\/wp\/v2\/types\/page"}],"author":[{"embeddable":true,"href":"http:\/\/za.uap.edu.pl\/index.php?rest_route=\/wp\/v2\/users\/3"}],"replies":[{"embeddable":true,"href":"http:\/\/za.uap.edu.pl\/index.php?rest_route=%2Fwp%2Fv2%2Fcomments&post=1257"}],"version-history":[{"count":4,"href":"http:\/\/za.uap.edu.pl\/index.php?rest_route=\/wp\/v2\/pages\/1257\/revisions"}],"predecessor-version":[{"id":1291,"href":"http:\/\/za.uap.edu.pl\/index.php?rest_route=\/wp\/v2\/pages\/1257\/revisions\/1291"}],"wp:attachment":[{"href":"http:\/\/za.uap.edu.pl\/index.php?rest_route=%2Fwp%2Fv2%2Fmedia&parent=1257"}],"curies":[{"name":"wp","href":"https:\/\/api.w.org\/{rel}","templated":true}]}}