{"id":1356,"date":"2021-11-04T09:50:26","date_gmt":"2021-11-04T09:50:26","guid":{"rendered":"http:\/\/za.uap.edu.pl\/?page_id=1356"},"modified":"2024-05-24T16:33:26","modified_gmt":"2024-05-24T16:33:26","slug":"strategia-rozwoju-na-lata-2020-2024","status":"publish","type":"page","link":"http:\/\/za.uap.edu.pl\/?page_id=1356","title":{"rendered":"Strategia rozwoju na lata 2024-2028"},"content":{"rendered":"\n<h1><\/h1>\n\n\n\n<ol><li><strong>Misja czasopisma<\/strong><\/li><\/ol>\n\n\n\n<p>\u201eZeszyty Artystyczne\u201d to recenzowane czasopismo naukowe, ukazuj\u0105ce si\u0119 od 1983 roku jako jedyne akademickie, artystyczne czasopismo w Polsce o tak d\u0142ugiej tradycji. Ka\u017cdy numer przygotowywany jest przez wsp\u00f3\u0142pracuj\u0105cego z redakcj\u0105, lecz samodzielnego redaktora prowadz\u0105cego b\u0105d\u017a te\u017c zesp\u00f3\u0142 redaktor\u00f3w prowadz\u0105cych. W rezultacie powstaje mo\u017cliwo\u015b\u0107 zainicjowania szerszej dyskusji oraz wielop\u0142aszczyznowy przegl\u0105d stanowisk i wypowiedzi zwi\u0105zanych z danym tematem. Profil czasopisma ukierunkowany jest na namys\u0142 nad aktualn\u0105 kondycj\u0105 sztuki oraz nad interdyscyplinarnymi relacjami mi\u0119dzy sztuk\u0105 a m. in. filozofi\u0105, psychologi\u0105, prawem czy \u017cyciem codziennym. Poruszane zagadnienia pokazuj\u0105 szerokie spektrum problematyki poruszanej przez czasopismo.&nbsp;<\/p>\n\n\n\n<p>Zgodnie z za\u0142o\u017ceniami przyj\u0119tymi przy powo\u0142aniu czasopisma, ka\u017cdy numer \u201eZeszyt\u00f3w Artystycznych\u201d dokumentuje \u017cycie artystyczne Uczelni poprzez publikowane kalendarium aktualnych wystaw i wydarze\u0144 a tak\u017ce recenzje wystaw i nowych wydawnictw. W czasopi\u015bmie ukazuj\u0105 si\u0119 artyku\u0142y powsta\u0142e na podstawie prac magisterskich, kt\u00f3re otrzyma\u0142y pierwsz\u0105 nagrod\u0119 w uczelnianym konkursie&nbsp; im. Alicji K\u0119pi\u0144skiej na najlepsz\u0105 prac\u0119 teoretyczn\u0105 napisan\u0105 w danym roku akademickim. Pozwala to zadebiutowa\u0107 m\u0142odym badacz(k)om i zaprezentowa\u0107 wysoki poziom efekt\u00f3w kszta\u0142cenia na Uniwersytecie Artystycznym im. Magdaleny Abakanowicz w Poznaniu.&nbsp;<\/p>\n\n\n\n<p>\u201eZeszyty Artystyczne\u201d aktywnie wsp\u00f3\u0142uczestnicz\u0105 w upowszechnianiu wiedzy w zakresie szeroko rozumianego kontekstu nauk o sztuce, nie tylko w zasi\u0119gu krajowym. Dzi\u0119ki staraniom o dofinansowanie w ramach program\u00f3w ministerialnych ukaza\u0142o si\u0119 drukiem \u0142\u0105cznie 8 obszernych, dwuj\u0119zycznych numer\u00f3w czasopisma:<\/p>\n\n\n\n<ul><li>w latach 2018-2019 dzi\u0119ki \u015brodkom otrzymanym od Ministra Nauki i Szkolnictwa Wy\u017cszego przeznaczonym na dzia\u0142alno\u015b\u0107 upowszechniaj\u0105c\u0105 nauk\u0119 (w ramach projektu 844\/P-DUN\/2018),&nbsp;<\/li><li>w latach 2022-2023 dzi\u0119ki wsparciu w ramach programu Ministerstwa Edukacji i Nauki \u201eRozw\u00f3j czasopism naukowych\u201d (numer umowy: RCN\/SP\/0363\/2021\/1).&nbsp;<\/li><\/ul>\n\n\n\n<p>Pozwoli\u0142o to na rozszerzenie zasi\u0119gu czasopisma poprzez jego umi\u0119dzynarodowienie za spraw\u0105 t\u0142umacze\u0144 artyku\u0142\u00f3w naukowych na j\u0119zyk angielski. Opr\u00f3cz wyda\u0144 dofinansowanych, redakcja stara si\u0119 utrzyma\u0107 mi\u0119dzynarodowo\u015b\u0107 czasopisma, publikuj\u0105c w nim angloj\u0119zyczne teksty autor\u00f3w zagranicznych i streszczenia artyku\u0142\u00f3w, a do&nbsp; Rady Programowej zaproszono osoby z mi\u0119dzynarodowego \u015brodowiska naukowego.<\/p>\n\n\n\n<ol start=\"2\"><li><strong>Cele<\/strong><\/li><\/ol>\n\n\n\n<ol><li>Utrzymanie i rozwijanie wysokiego poziomu naukowego i merytorycznego czasopisma.&nbsp;<\/li><li>Zwi\u0119kszenie efektywnego wp\u0142ywu czasopisma na rozw\u00f3j nauki i wzmacnianie pozycji czasopisma poprzez umieszczanie w presti\u017cowych bazach danych oraz zwi\u0119kszenie punktacji.&nbsp;<\/li><li>Skuteczne zapewnienie obecno\u015bci czasopisma w mi\u0119dzynarodowym obiegu naukowym za spraw\u0105 t\u0142umacze\u0144 na j\u0119zyk angielski artyku\u0142\u00f3w z polskiego kr\u0119gu nauki i pozyskiwanie obcoj\u0119zycznych autorek i autor\u00f3w.&nbsp;<\/li><li>Promocja poszerzaj\u0105ca kr\u0105g odbiorczy czasopisma.<\/li><li>Promowanie dorobku naukowego i artystycznego Uniwersytetu Artystycznego im. Magdaleny Abakanowicz w Poznaniu.&nbsp;<\/li><li>Dba\u0142o\u015b\u0107 o wysoki poziom praktyk edytorskich.&nbsp;<\/li><li>Wypracowanie nowej strony wizualnej czasopisma.<\/li><\/ol>\n","protected":false},"excerpt":{"rendered":"<p>Misja czasopisma \u201eZeszyty Artystyczne\u201d to recenzowane czasopismo naukowe, ukazuj\u0105ce si\u0119 od 1983 roku jako jedyne akademickie, artystyczne czasopismo w Polsce o tak d\u0142ugiej tradycji. Ka\u017cdy numer przygotowywany jest przez wsp\u00f3\u0142pracuj\u0105cego z redakcj\u0105, lecz samodzielnego redaktora prowadz\u0105cego b\u0105d\u017a te\u017c zesp\u00f3\u0142 redaktor\u00f3w&hellip;<\/p>\n<p class=\"more-link-p\"><a class=\"more-link\" href=\"http:\/\/za.uap.edu.pl\/?page_id=1356\">Read more &rarr;<\/a><\/p>\n","protected":false},"author":3,"featured_media":0,"parent":0,"menu_order":0,"comment_status":"closed","ping_status":"closed","template":"","meta":[],"_links":{"self":[{"href":"http:\/\/za.uap.edu.pl\/index.php?rest_route=\/wp\/v2\/pages\/1356"}],"collection":[{"href":"http:\/\/za.uap.edu.pl\/index.php?rest_route=\/wp\/v2\/pages"}],"about":[{"href":"http:\/\/za.uap.edu.pl\/index.php?rest_route=\/wp\/v2\/types\/page"}],"author":[{"embeddable":true,"href":"http:\/\/za.uap.edu.pl\/index.php?rest_route=\/wp\/v2\/users\/3"}],"replies":[{"embeddable":true,"href":"http:\/\/za.uap.edu.pl\/index.php?rest_route=%2Fwp%2Fv2%2Fcomments&post=1356"}],"version-history":[{"count":6,"href":"http:\/\/za.uap.edu.pl\/index.php?rest_route=\/wp\/v2\/pages\/1356\/revisions"}],"predecessor-version":[{"id":1893,"href":"http:\/\/za.uap.edu.pl\/index.php?rest_route=\/wp\/v2\/pages\/1356\/revisions\/1893"}],"wp:attachment":[{"href":"http:\/\/za.uap.edu.pl\/index.php?rest_route=%2Fwp%2Fv2%2Fmedia&parent=1356"}],"curies":[{"name":"wp","href":"https:\/\/api.w.org\/{rel}","templated":true}]}}