{"id":1376,"date":"2021-12-28T19:48:29","date_gmt":"2021-12-28T19:48:29","guid":{"rendered":"http:\/\/za.uap.edu.pl\/?page_id=1376"},"modified":"2022-02-01T19:44:42","modified_gmt":"2022-02-01T19:44:42","slug":"40-2","status":"publish","type":"page","link":"http:\/\/za.uap.edu.pl\/?page_id=1376","title":{"rendered":"40"},"content":{"rendered":"\n<p> 2(40)2021 <\/p>\n\n\n\n<figure class=\"wp-block-image size-large is-resized\"><a href=\"http:\/\/za.uap.edu.pl\/wp-content\/uploads\/2022\/02\/ZA_40_wizualizacja-scaled.jpg\"><img loading=\"lazy\" src=\"http:\/\/za.uap.edu.pl\/wp-content\/uploads\/2022\/02\/ZA_40_wizualizacja-1024x768.jpg\" alt=\"ZA_40\" class=\"wp-image-1500\" width=\"376\" height=\"282\" srcset=\"http:\/\/za.uap.edu.pl\/wp-content\/uploads\/2022\/02\/ZA_40_wizualizacja-1024x768.jpg 1024w, http:\/\/za.uap.edu.pl\/wp-content\/uploads\/2022\/02\/ZA_40_wizualizacja-300x225.jpg 300w, http:\/\/za.uap.edu.pl\/wp-content\/uploads\/2022\/02\/ZA_40_wizualizacja-768x576.jpg 768w, http:\/\/za.uap.edu.pl\/wp-content\/uploads\/2022\/02\/ZA_40_wizualizacja-1536x1152.jpg 1536w, http:\/\/za.uap.edu.pl\/wp-content\/uploads\/2022\/02\/ZA_40_wizualizacja-2048x1536.jpg 2048w, http:\/\/za.uap.edu.pl\/wp-content\/uploads\/2022\/02\/ZA_40_wizualizacja-560x420.jpg 560w, http:\/\/za.uap.edu.pl\/wp-content\/uploads\/2022\/02\/ZA_40_wizualizacja-260x195.jpg 260w, http:\/\/za.uap.edu.pl\/wp-content\/uploads\/2022\/02\/ZA_40_wizualizacja-160x120.jpg 160w\" sizes=\"(max-width: 376px) 100vw, 376px\" \/><\/a><\/figure>\n\n\n\n<p><\/p>\n\n\n\n<p>Temat numeru: D\u017awi\u0119k w pozamuzycznych dzia\u0142aniach artystycznych<\/p>\n\n\n\n<p>Redaktor prowadz\u0105cy:&nbsp;dr hab. Tomasz Misiak, prof. UAP<\/p>\n\n\n\n<div style=\"height:20px\" aria-hidden=\"true\" class=\"wp-block-spacer\"><\/div>\n\n\n\n<p>Spis tre\u015bci:<\/p>\n\n\n\n<p><a href=\"http:\/\/za.uap.edu.pl\/wp-content\/uploads\/2022\/02\/ZA_40-10-13.pdf\">Tomasz Misiak&nbsp; Wst\u0119p&nbsp;<\/a><\/p>\n\n\n\n<p><a href=\"http:\/\/za.uap.edu.pl\/wp-content\/uploads\/2022\/02\/ZA_40-14-27.pdf\">Marta Lisok <em>Odzyskiwanie s\u0142uchu \u2013 krytyka instytucjonalna w tw\u00f3rczo\u015bci Katarzyny Krakowiak<\/em><\/a><\/p>\n\n\n\n<p><a href=\"http:\/\/za.uap.edu.pl\/wp-content\/uploads\/2022\/02\/ZA_40-28-39.pdf\">Antoni Michnik <em>W poszukiwaniu nowych paradygmat\u00f3w. Wok\u00f3\u0142&nbsp; <\/em>Mannheim Chair<em> Michaeli Meli\u00e1n oraz dizajnu d\u017awi\u0119kowego fotelu<\/em><\/a><\/p>\n\n\n\n<p><a href=\"http:\/\/za.uap.edu.pl\/wp-content\/uploads\/2022\/02\/ZA_40-40-59.pdf\">Dorota \u0141agodzka <em>Poza onomatopej\u0105. Zwierz\u0119ce d\u017awi\u0119ki w wybranych pracach artyst\u00f3w wizualnych od lat. 60. XX wieku do pierwszego kwarta\u0142u wieku XXI<\/em><\/a><\/p>\n\n\n\n<p><a href=\"http:\/\/za.uap.edu.pl\/wp-content\/uploads\/2022\/01\/STERNAK_01.pdf\">Wojciech Sternak <em>Field recording a dokumentaryzm w fotografii. Szkic z natury medi\u00f3w<\/em><\/a><\/p>\n\n\n\n<p><a href=\"http:\/\/za.uap.edu.pl\/wp-content\/uploads\/2022\/02\/ZA_40-72-83.pdf\">Monika Pich <em>Uszy na d\u0142oniach. Muzyka akcji. D\u017awi\u0119k w praktykach performatywnych<\/em><\/a><\/p>\n\n\n\n<p><a href=\"http:\/\/za.uap.edu.pl\/wp-content\/uploads\/2021\/12\/ZMIDZINSKI_01.pdf\">J<\/a><a href=\"http:\/\/za.uap.edu.pl\/wp-content\/uploads\/2022\/02\/ZA_40-84-105.pdf\">akub \u017bmidzi\u0144ski <em>Musica mundana \u2013 silentium universi: artystyczne wizje mitu ciszy<\/em><\/a><\/p>\n\n\n\n<p><a href=\"http:\/\/za.uap.edu.pl\/wp-content\/uploads\/2022\/02\/ZA_40-106-125.pdf\">Szymon No\u017cy\u0144ski <em>Algorytmizacja muzyki \u2013 zagro\u017cenie prywatno\u015bci, ale tak\u017ce dobra perspektywa dla archiw\u00f3w d\u017awi\u0119kowych<\/em><\/a><\/p>\n\n\n\n<p><a href=\"http:\/\/za.uap.edu.pl\/wp-content\/uploads\/2022\/02\/ZA_40-126-139.pdf\">Tomasz Misiak, Marcin Olejniczak <em>Od kopiowania w epoce kserokopiarek do kopiowania w epoce komputer\u00f3w z muzyk\u0105 w tle. Na przyk\u0142adzie wybranych zin\u00f3w z Polski<\/em><\/a><\/p>\n\n\n\n<p><a href=\"http:\/\/za.uap.edu.pl\/wp-content\/uploads\/2022\/02\/ZA_40-140-151.pdf\">Piotr Krajewski&nbsp; <em>Ustawienia d\u017awi\u0119ku, ustawienia obrazu, kilka przyk\u0142ad\u00f3w z historii<\/em><\/a><\/p>\n\n\n\n<p><a href=\"http:\/\/za.uap.edu.pl\/wp-content\/uploads\/2022\/02\/ZA_40-152-167.pdf\">Katarzyna Kujawska-Murphy <em>SYMETRIA CISZY, SYMETRIA D\u0179WI\u0118KU. Powo\u0142ywanie, tworzenie nowych warto\u015bci, ca\u0142o\u015bci na podstawie interwencji w kreacje wizualne<\/em><\/a><\/p>\n\n\n\n<div style=\"height:20px\" aria-hidden=\"true\" class=\"wp-block-spacer\"><\/div>\n\n\n\n<p><\/p>\n\n\n\n<p>Recenzje i om\u00f3wienia<\/p>\n\n\n\n<p><a href=\"http:\/\/za.uap.edu.pl\/wp-content\/uploads\/2022\/02\/ZA_40-170-177.pdf\">Tomasz Misiak <em>Janusowe oblicze namys\u0142u nad sztuk\u0105 i jej peryferiami. <\/em>Recenzja ksi\u0105\u017cki: <em>Estetyka\/inestetyka. Wsp\u00f3\u0142czesne teorie dzia\u0142a\u0144 artystycznych, <\/em>red. Mateusz Falkowski, Piotr Graczyk, Cezary Wo\u017aniak, Wydawnictwo Uniwersytetu Jagiello\u0144skiego, Krak\u00f3w 2020.<\/a><\/p>\n\n\n\n<p><a href=\"http:\/\/za.uap.edu.pl\/wp-content\/uploads\/2022\/02\/ZA_40-178-185.pdf\">Katarzyna Michalak <em>\u201eWsp\u00f3lnota osobnych\u201d. O kolektywnym s\u0142uchaniu artystycznych narracji d\u017awi\u0119kowych<\/em><\/a><\/p>\n\n\n\n<p><a href=\"http:\/\/za.uap.edu.pl\/wp-content\/uploads\/2022\/02\/ZA_40-186-191.pdf\">Agnieszka Sukienniczak <em>Przestrzenna czu\u0142o\u015b\u0107 d\u017awi\u0119ku<\/em><\/a><\/p>\n\n\n\n<div style=\"height:20px\" aria-hidden=\"true\" class=\"wp-block-spacer\"><\/div>\n\n\n\n<p><\/p>\n\n\n\n<p><a href=\"http:\/\/za.uap.edu.pl\/wp-content\/uploads\/2022\/02\/ZA_40-192-201.pdf\">Kronika WEAiK<\/a><\/p>\n\n\n\n<p><a href=\"http:\/\/za.uap.edu.pl\/wp-content\/uploads\/2022\/02\/ZA_40-202-225.pdf\">Kalendarium <\/a><\/p>\n\n\n\n<p><a href=\"http:\/\/za.uap.edu.pl\/wp-content\/uploads\/2022\/02\/ZA_40-226-232.pdf\">Abstracts<\/a><\/p>\n","protected":false},"excerpt":{"rendered":"<p>2(40)2021 Temat numeru: D\u017awi\u0119k w pozamuzycznych dzia\u0142aniach artystycznych Redaktor prowadz\u0105cy:&nbsp;dr hab. Tomasz Misiak, prof. UAP Spis tre\u015bci: Tomasz Misiak&nbsp; Wst\u0119p&nbsp; Marta Lisok Odzyskiwanie s\u0142uchu \u2013 krytyka instytucjonalna w tw\u00f3rczo\u015bci Katarzyny Krakowiak Antoni Michnik W poszukiwaniu nowych paradygmat\u00f3w. Wok\u00f3\u0142&nbsp; Mannheim Chair&hellip;<\/p>\n<p class=\"more-link-p\"><a class=\"more-link\" href=\"http:\/\/za.uap.edu.pl\/?page_id=1376\">Read more &rarr;<\/a><\/p>\n","protected":false},"author":3,"featured_media":0,"parent":0,"menu_order":0,"comment_status":"closed","ping_status":"closed","template":"","meta":[],"_links":{"self":[{"href":"http:\/\/za.uap.edu.pl\/index.php?rest_route=\/wp\/v2\/pages\/1376"}],"collection":[{"href":"http:\/\/za.uap.edu.pl\/index.php?rest_route=\/wp\/v2\/pages"}],"about":[{"href":"http:\/\/za.uap.edu.pl\/index.php?rest_route=\/wp\/v2\/types\/page"}],"author":[{"embeddable":true,"href":"http:\/\/za.uap.edu.pl\/index.php?rest_route=\/wp\/v2\/users\/3"}],"replies":[{"embeddable":true,"href":"http:\/\/za.uap.edu.pl\/index.php?rest_route=%2Fwp%2Fv2%2Fcomments&post=1376"}],"version-history":[{"count":10,"href":"http:\/\/za.uap.edu.pl\/index.php?rest_route=\/wp\/v2\/pages\/1376\/revisions"}],"predecessor-version":[{"id":1503,"href":"http:\/\/za.uap.edu.pl\/index.php?rest_route=\/wp\/v2\/pages\/1376\/revisions\/1503"}],"wp:attachment":[{"href":"http:\/\/za.uap.edu.pl\/index.php?rest_route=%2Fwp%2Fv2%2Fmedia&parent=1376"}],"curies":[{"name":"wp","href":"https:\/\/api.w.org\/{rel}","templated":true}]}}