{"id":1403,"date":"2021-12-29T14:26:07","date_gmt":"2021-12-29T14:26:07","guid":{"rendered":"http:\/\/za.uap.edu.pl\/?page_id=1403"},"modified":"2023-10-19T10:16:01","modified_gmt":"2023-10-19T10:16:01","slug":"39-2","status":"publish","type":"page","link":"http:\/\/za.uap.edu.pl\/?page_id=1403","title":{"rendered":"39"},"content":{"rendered":"\n<p> 1(39)2021<\/p>\n\n\n\n<figure class=\"wp-block-image size-large is-resized\"><a href=\"http:\/\/za.uap.edu.pl\/wp-content\/uploads\/2021\/12\/ZA_39_wizualizacja-1-scaled.jpg\"><img loading=\"lazy\" src=\"http:\/\/za.uap.edu.pl\/wp-content\/uploads\/2021\/12\/ZA_39_wizualizacja-1-1024x768.jpg\" alt=\"\" class=\"wp-image-1433\" width=\"355\" height=\"266\" srcset=\"http:\/\/za.uap.edu.pl\/wp-content\/uploads\/2021\/12\/ZA_39_wizualizacja-1-1024x768.jpg 1024w, http:\/\/za.uap.edu.pl\/wp-content\/uploads\/2021\/12\/ZA_39_wizualizacja-1-300x225.jpg 300w, http:\/\/za.uap.edu.pl\/wp-content\/uploads\/2021\/12\/ZA_39_wizualizacja-1-768x576.jpg 768w, http:\/\/za.uap.edu.pl\/wp-content\/uploads\/2021\/12\/ZA_39_wizualizacja-1-1536x1152.jpg 1536w, http:\/\/za.uap.edu.pl\/wp-content\/uploads\/2021\/12\/ZA_39_wizualizacja-1-2048x1536.jpg 2048w, http:\/\/za.uap.edu.pl\/wp-content\/uploads\/2021\/12\/ZA_39_wizualizacja-1-560x420.jpg 560w, http:\/\/za.uap.edu.pl\/wp-content\/uploads\/2021\/12\/ZA_39_wizualizacja-1-260x195.jpg 260w, http:\/\/za.uap.edu.pl\/wp-content\/uploads\/2021\/12\/ZA_39_wizualizacja-1-160x120.jpg 160w\" sizes=\"(max-width: 355px) 100vw, 355px\" \/><\/a><\/figure>\n\n\n\n<p>Temat numeru: <a href=\"http:\/\/za.uap.edu.pl\/wp-content\/uploads\/2023\/10\/ZA_39_web_30122021.pdf\">Polska szko\u0142a plakatu \u2013 geneza, tradycja, kontynuacja <\/a><\/p>\n\n\n\n<p>Redaktor prowadz\u0105cy:&nbsp;dr hab. Mateusz Bieczy\u0144ski, prof. UAP<\/p>\n\n\n\n<p><\/p>\n\n\n\n<p><\/p>\n\n\n\n<p> Spis tre\u015bci: <\/p>\n\n\n\n<p><a href=\"http:\/\/za.uap.edu.pl\/wp-content\/uploads\/2021\/12\/ZA_39_10-15.pdf\">Mateusz M. Bieczy\u0144ski<strong> <\/strong>Wprowadzenie&nbsp;<\/a><\/p>\n\n\n\n<p><a href=\"http:\/\/za.uap.edu.pl\/wp-content\/uploads\/2021\/12\/ZA_39_16-27.pdf\">Zdzis\u0142aw Schubert&nbsp; <em>\u201ePolska szko\u0142a plakatu\u201d \u2013 konkret czy iluzja?<\/em><\/a><\/p>\n\n\n\n<p><a href=\"http:\/\/za.uap.edu.pl\/wp-content\/uploads\/2021\/12\/ZA_39_28-53.pdf\">Mariusz Knorowski <em>Polska Szko\u0142a Plakatu \u2013 rzecz o wolno\u015bci my\u015blenia i szczeg\u00f3lnym rodzaju synergii&nbsp;<\/em><\/a><\/p>\n\n\n\n<p><a href=\"http:\/\/za.uap.edu.pl\/wp-content\/uploads\/2021\/12\/ZA_39_54-73.pdf\">Katarzyna Matul <em>O kilku wa\u017cnych cezurach w pierwszym powojennym dziesi\u0119cioleciu plakatu polskiego&nbsp;<\/em><\/a><\/p>\n\n\n\n<p><a href=\"http:\/\/za.uap.edu.pl\/wp-content\/uploads\/2021\/12\/ZA_39_74-89.pdf\">Mateusz M. Bieczy\u0144ski \u201e<em>Artystyczno\u015b\u0107\u201d plakatu jako mit za\u0142o\u017cycielski \u201epolskiej szko\u0142y plakatu\u201d<\/em><\/a><\/p>\n\n\n\n<p><a href=\"http:\/\/za.uap.edu.pl\/wp-content\/uploads\/2021\/12\/ZA_39_90-105.pdf\">Anna Grabowska- Konwent&nbsp;<em> Roman Cie\u015blewicz (1930-\u20131996) \u2013 Pocz\u0105tek<\/em><\/a><\/p>\n\n\n\n<p><a href=\"http:\/\/za.uap.edu.pl\/wp-content\/uploads\/2021\/12\/ZA_39_106-123.pdf\">Barbara G\u00f3recka <em>Ksi\u0105\u017cki ilustrowane tw\u00f3rc\u00f3w polskiej szko\u0142y plakatu \u2013 pozaplakatowe \u015blady tw\u00f3rczo\u015bci Henryka Tomaszewskiego, Jana M\u0142odo\u017ce\u0144ca i Jana Lenicy<\/em><\/a><\/p>\n\n\n\n<p><a href=\"http:\/\/za.uap.edu.pl\/wp-content\/uploads\/2021\/12\/ZA_39_124-131.pdf\">Krzysztof Dydo <em>Okiem obserwatora i kolekcjonera &#8211; moje \u017cycie z plakatem<\/em><\/a><\/p>\n\n\n\n<p><a href=\"http:\/\/za.uap.edu.pl\/wp-content\/uploads\/2021\/12\/ZA_39_132-145.pdf\">Justyna Budzik <em>(Eko)plakat wobec zmian krajobrazu w antropocenie<\/em><\/a><\/p>\n\n\n\n<p><a href=\"http:\/\/za.uap.edu.pl\/wp-content\/uploads\/2021\/12\/ZA_39_146-157.pdf\">Jacob Zhicheng Zhang<strong> <\/strong>Two <em>Comparative Studies: Repositioning the Work of Antoni Starczewski<\/em><\/a><\/p>\n\n\n\n<div style=\"height:20px\" aria-hidden=\"true\" class=\"wp-block-spacer\"><\/div>\n\n\n\n<p>Recenzje i komentarze<\/p>\n\n\n\n<p><a href=\"http:\/\/za.uap.edu.pl\/wp-content\/uploads\/2021\/12\/ZA_39_160-169.pdf\">Ewa W\u00f3jtowicz, <em>Mapowanie neoawangardowych (r)ewolucji<\/em><\/a><\/p>\n\n\n\n<p><a href=\"http:\/\/za.uap.edu.pl\/wp-content\/uploads\/2021\/12\/ZA_39_170-174.pdf\">Agnieszka Rejniak-Majewska, Recenzja ksi\u0105\u017cki Marty Smoli\u0144skiej <em>Haptyczno\u015b\u0107 poszerzona: zmys\u0142 dotyku w sztuce polskiej drugiej po\u0142owy XX i pocz\u0105tku XXI wieku<\/em><\/a><\/p>\n\n\n\n<p><a href=\"http:\/\/za.uap.edu.pl\/wp-content\/uploads\/2021\/12\/ZA_39_176-180.pdf\">Sonia Rammer, Rafa\u0142 Boettner-\u0141ubowski. <em>Wobec przedmiotu\u2026 wybrane prace z lat 2004\u20132021<\/em><\/a><\/p>\n\n\n\n<div style=\"height:20px\" aria-hidden=\"true\" class=\"wp-block-spacer\"><\/div>\n\n\n\n<p>Nowy Obraz\/ Nowe Spojrzenie<\/p>\n\n\n\n<p><a href=\"http:\/\/za.uap.edu.pl\/wp-content\/uploads\/2021\/12\/ZA_39_184-187.pdf\">Natalia Czarci\u0144ska, Marcin Lorenc, Agnieszka Sowis\u0142o-Przyby\u0142<\/a><\/p>\n\n\n\n<p><a href=\"http:\/\/za.uap.edu.pl\/wp-content\/uploads\/2021\/12\/ZA_39_188-189.pdf\">Bogna B\u0142a\u017cewicz<\/a><\/p>\n\n\n\n<div style=\"height:20px\" aria-hidden=\"true\" class=\"wp-block-spacer\"><\/div>\n\n\n\n<p>In memoriam<\/p>\n\n\n\n<p><a href=\"http:\/\/za.uap.edu.pl\/wp-content\/uploads\/2021\/12\/ZA_39_190-195.pdf\">Jaros\u0142aw Klup\u015b, <em>Witold Przymusza\u0142a<\/em><\/a><\/p>\n\n\n\n<div style=\"height:20px\" aria-hidden=\"true\" class=\"wp-block-spacer\"><\/div>\n\n\n\n<p><a href=\"http:\/\/za.uap.edu.pl\/wp-content\/uploads\/2021\/12\/ZA_39_196-203.pdf\">Kronika WEAiK<\/a><\/p>\n\n\n\n<p><a href=\"http:\/\/za.uap.edu.pl\/wp-content\/uploads\/2021\/12\/ZA_39_204-233.pdf\">Kalendarium<\/a><\/p>\n\n\n\n<p><a href=\"http:\/\/za.uap.edu.pl\/wp-content\/uploads\/2021\/12\/ZA_39_234-238.pdf\">Abstracts<\/a><\/p>\n","protected":false},"excerpt":{"rendered":"<p>1(39)2021 Temat numeru: Polska szko\u0142a plakatu \u2013 geneza, tradycja, kontynuacja Redaktor prowadz\u0105cy:&nbsp;dr hab. Mateusz Bieczy\u0144ski, prof. UAP Spis tre\u015bci: Mateusz M. Bieczy\u0144ski Wprowadzenie&nbsp; Zdzis\u0142aw Schubert&nbsp; \u201ePolska szko\u0142a plakatu\u201d \u2013 konkret czy iluzja? Mariusz Knorowski Polska Szko\u0142a Plakatu \u2013 rzecz o&hellip;<\/p>\n<p class=\"more-link-p\"><a class=\"more-link\" href=\"http:\/\/za.uap.edu.pl\/?page_id=1403\">Read more &rarr;<\/a><\/p>\n","protected":false},"author":3,"featured_media":0,"parent":0,"menu_order":0,"comment_status":"closed","ping_status":"closed","template":"","meta":[],"_links":{"self":[{"href":"http:\/\/za.uap.edu.pl\/index.php?rest_route=\/wp\/v2\/pages\/1403"}],"collection":[{"href":"http:\/\/za.uap.edu.pl\/index.php?rest_route=\/wp\/v2\/pages"}],"about":[{"href":"http:\/\/za.uap.edu.pl\/index.php?rest_route=\/wp\/v2\/types\/page"}],"author":[{"embeddable":true,"href":"http:\/\/za.uap.edu.pl\/index.php?rest_route=\/wp\/v2\/users\/3"}],"replies":[{"embeddable":true,"href":"http:\/\/za.uap.edu.pl\/index.php?rest_route=%2Fwp%2Fv2%2Fcomments&post=1403"}],"version-history":[{"count":8,"href":"http:\/\/za.uap.edu.pl\/index.php?rest_route=\/wp\/v2\/pages\/1403\/revisions"}],"predecessor-version":[{"id":1816,"href":"http:\/\/za.uap.edu.pl\/index.php?rest_route=\/wp\/v2\/pages\/1403\/revisions\/1816"}],"wp:attachment":[{"href":"http:\/\/za.uap.edu.pl\/index.php?rest_route=%2Fwp%2Fv2%2Fmedia&parent=1403"}],"curies":[{"name":"wp","href":"https:\/\/api.w.org\/{rel}","templated":true}]}}