{"id":1511,"date":"2022-05-08T11:04:04","date_gmt":"2022-05-08T11:04:04","guid":{"rendered":"http:\/\/za.uap.edu.pl\/?page_id=1511"},"modified":"2022-08-26T17:58:30","modified_gmt":"2022-08-26T17:58:30","slug":"misteria-rytualy-performase-wymiar-estetyczny","status":"publish","type":"page","link":"http:\/\/za.uap.edu.pl\/?page_id=1511","title":{"rendered":"Misteria \u2013 rytua\u0142y \u2013 performanse. Wymiar estetyczny"},"content":{"rendered":"\n<p><\/p>\n\n\n\n<p>W roku 2015 na Uniwersytecie Artystycznym w Poznaniu odby\u0142a si\u0119 konferencja naukowa<br>pod has\u0142em Rytua\u0142 a korespondencja sztuk. Owocem tego interesuj\u0105cego spotkania by\u0142 29<br>numer pisma \u201eZeszyty Artystyczne\u201d. R\u00f3\u017cnorodno\u015b\u0107 podej\u015b\u0107 autor\u00f3w zamieszczonych w nim<br>artyku\u0142\u00f3w potwierdzi\u0142a olbrzymi potencja\u0142 tkwi\u0105cy w po\u0142\u0105czeniu perspektywy<br>komparatystycznej i antropologicznej.<\/p>\n\n\n\n<div style=\"height:15px\" aria-hidden=\"true\" class=\"wp-block-spacer\"><\/div>\n\n\n\n<p>Proponowane obecnie has\u0142o kolejnego numeru \u201eZeszyt\u00f3w\u201d jest w pewnym sensie<br>kontynuacj\u0105 tamtych docieka\u0144 \u2013 tu r\u00f3wnie\u017c chodzi o mo\u017cliwie szerokie spojrzenie na to, co<br>\u0142\u0105czy tytu\u0142owe dzia\u0142ania z refleksj\u0105 na temat estetyki i sztuki. Proponowana obecnie formu\u0142a<br>jest jednak inna, co wynika ze zmiany stawianych przez nas akcent\u00f3w.<\/p>\n\n\n\n<div style=\"height:15px\" aria-hidden=\"true\" class=\"wp-block-spacer\"><\/div>\n\n\n\n<p>Ci\u0105g trzech poj\u0119\u0107: misteria \u2013 rytua\u0142y \u2013 performanse wskazuje na wielorako\u015b\u0107 tych<br>szczeg\u00f3lnych zachowa\u0144 performatywnych cz\u0142owieka. Wbrew jednak naturalnie nasuwaj\u0105cej<br>si\u0119 sugestii, g\u0142\u00f3wnym mianownikiem nie jest tu kult. Nie trac\u0105c z pola widzenia kontekstu<br>religijnego, spojrzenie badawcze (i inne kana\u0142y percepcji zmys\u0142owej) kierujemy w\u0142a\u015bnie na<br>wymiar estetyczny. Cho\u0107 pierwsze poj\u0119cie przywo\u0142uje zdecydowanie sfer\u0119 kultu, cz\u0119stokro\u0107<br>wch\u0142ania jednak w sw\u00f3j obr\u0119b elementy teatralne. Mowa tu zar\u00f3wno o dawnych misteriach<br>eleuzy\u0144skich czy orfickich, jak i o p\u00f3\u017aniejszych, a nawet wsp\u00f3\u0142czesnych. Poj\u0119cie rytua\u0142u,<br>cho\u0107 zdecydowanie wyrasta ze sfery sacrum, w uj\u0119ciach funkcjonalnych traktowane bywa<br>jako g\u0142\u00f3wny czynnik \u0142adu spo\u0142ecznego czy wr\u0119cz kreatywna forma rozwi\u0105zywania<br>konflikt\u00f3w spo\u0142ecznych. Z kolei poj\u0119cie performansu, akcentuj\u0105c sam przebieg zdarzenia,<br>zachowuje silne powi\u0105zania z teatrem i jego antropologi\u0105, kt\u00f3ra leg\u0142a u podstaw performatyki.<\/p>\n\n\n\n<div style=\"height:15px\" aria-hidden=\"true\" class=\"wp-block-spacer\"><\/div>\n\n\n\n<p>Ka\u017cde z tych zjawisk ma sw\u00f3j oczywisty wymiar estetyczny, przejawiaj\u0105cy si\u0119 zar\u00f3wno w<br>wykorzystaniu tradycyjnych form sztuki, takich jak architektura, malarstwo, muzyka czy<br>literatura, jak i w tworzeniu form nowych, cz\u0119sto wymykaj\u0105cych si\u0119 opisowi ze wzgl\u0119du na<br>sw\u0105 efemeryczno\u015b\u0107, interaktywno\u015b\u0107 czy intermedialno\u015b\u0107. Ka\u017cde te\u017c pe\u0142ni inne funkcje i<br>inaczej jest opisywane. Z racji ukszta\u0142towania si\u0119 performansu artystycznego ta w\u0142a\u015bnie forma<br>jest najbardziej obecna w rozwa\u017caniach nad fenomenem sztuki. Jednak r\u00f3wnie\u017c rytua\u0142 i jego<br>misteryjna wersja zdaje si\u0119 by\u0107 coraz bardziej doceniona przez teoretyk\u00f3w sztuki. Wszystkie<br>te kulturowe dzia\u0142ania maj\u0105 wsp\u00f3ln\u0105 cech\u0119: anga\u017cuj\u0105 wi\u0119cej ni\u017c jedn\u0105 form\u0119 ekspresji, w<br>kt\u00f3rej mo\u017cemy si\u0119 dopatrze\u0107 wymiaru estetycznego. Rodzi to naturalne pytania o wzajemne<br>zwi\u0105zki owych form.<\/p>\n\n\n\n<div style=\"height:15px\" aria-hidden=\"true\" class=\"wp-block-spacer\"><\/div>\n\n\n\n<p>Proponujemy nast\u0119puj\u0105ce zakresy tematyczne:<\/p>\n\n\n\n<ol><li>Specyfika estetycznych uj\u0119\u0107 fenomenu misteri\u00f3w, rytua\u0142u i performansu.<\/li><li>Wsp\u00f3\u0142dzia\u0142anie sztuk w dzia\u0142aniach performatywnych. Estetyka aktu performatywnego.<\/li><li>Nowe i stare formy ekspresji artystycznej w dawnych i nowych misteriach.<\/li><li>Misteryjny charakter sztuki dawnej i wsp\u00f3\u0142czesnej.<\/li><li>Sposoby opisu estetyki w dzia\u0142aniu rytualnym\/performatywnym.<\/li><li>Literackie wizje misteri\u00f3w, rytua\u0142\u00f3w, performans\u00f3w i innych dzia\u0142a\u0144 obrz\u0119dowych.<\/li><\/ol>\n\n\n\n<div style=\"height:15px\" aria-hidden=\"true\" class=\"wp-block-spacer\"><\/div>\n\n\n\n<p>Do nadsy\u0142ania artyku\u0142\u00f3w zapraszamy badaczy r\u00f3\u017cnych obszar\u00f3w nauki, zar\u00f3wno teoretyk\u00f3w<br>sztuki, jak i antropolog\u00f3w kultury i teatru, historyk\u00f3w, kulturoznawc\u00f3w i religioznawc\u00f3w.<\/p>\n\n\n\n<div style=\"height:14px\" aria-hidden=\"true\" class=\"wp-block-spacer\"><\/div>\n\n\n\n<p>Rozmiar tekst\u00f3w 20-40 tys. znak\u00f3w ze spacjami.<\/p>\n\n\n\n<p>Termin: 15 pa\u017adziernika 2022 r.<br>E-mail: zeszyty.artystyczne@uap.edu.pl<br>Szczeg\u00f3\u0142owe wytyczne redakcyjne dost\u0119pne pod adresem: <a href=\"http:\/\/za.uap.edu.pl\/?page_id=12\">http:\/\/za.uap.edu.pl\/?page_id=12<\/a><\/p>\n\n\n\n<p><\/p>\n","protected":false},"excerpt":{"rendered":"<p>W roku 2015 na Uniwersytecie Artystycznym w Poznaniu odby\u0142a si\u0119 konferencja naukowapod has\u0142em Rytua\u0142 a korespondencja sztuk. Owocem tego interesuj\u0105cego spotkania by\u0142 29numer pisma \u201eZeszyty Artystyczne\u201d. R\u00f3\u017cnorodno\u015b\u0107 podej\u015b\u0107 autor\u00f3w zamieszczonych w nimartyku\u0142\u00f3w potwierdzi\u0142a olbrzymi potencja\u0142 tkwi\u0105cy w po\u0142\u0105czeniu perspektywykomparatystycznej i&hellip;<\/p>\n<p class=\"more-link-p\"><a class=\"more-link\" href=\"http:\/\/za.uap.edu.pl\/?page_id=1511\">Read more &rarr;<\/a><\/p>\n","protected":false},"author":3,"featured_media":0,"parent":0,"menu_order":0,"comment_status":"closed","ping_status":"closed","template":"","meta":[],"_links":{"self":[{"href":"http:\/\/za.uap.edu.pl\/index.php?rest_route=\/wp\/v2\/pages\/1511"}],"collection":[{"href":"http:\/\/za.uap.edu.pl\/index.php?rest_route=\/wp\/v2\/pages"}],"about":[{"href":"http:\/\/za.uap.edu.pl\/index.php?rest_route=\/wp\/v2\/types\/page"}],"author":[{"embeddable":true,"href":"http:\/\/za.uap.edu.pl\/index.php?rest_route=\/wp\/v2\/users\/3"}],"replies":[{"embeddable":true,"href":"http:\/\/za.uap.edu.pl\/index.php?rest_route=%2Fwp%2Fv2%2Fcomments&post=1511"}],"version-history":[{"count":9,"href":"http:\/\/za.uap.edu.pl\/index.php?rest_route=\/wp\/v2\/pages\/1511\/revisions"}],"predecessor-version":[{"id":1525,"href":"http:\/\/za.uap.edu.pl\/index.php?rest_route=\/wp\/v2\/pages\/1511\/revisions\/1525"}],"wp:attachment":[{"href":"http:\/\/za.uap.edu.pl\/index.php?rest_route=%2Fwp%2Fv2%2Fmedia&parent=1511"}],"curies":[{"name":"wp","href":"https:\/\/api.w.org\/{rel}","templated":true}]}}