{"id":1686,"date":"2023-06-20T17:45:41","date_gmt":"2023-06-20T17:45:41","guid":{"rendered":"http:\/\/za.uap.edu.pl\/?page_id=1686"},"modified":"2023-06-20T17:48:14","modified_gmt":"2023-06-20T17:48:14","slug":"konkurs-na-najlepsza-recenzje","status":"publish","type":"page","link":"http:\/\/za.uap.edu.pl\/?page_id=1686","title":{"rendered":"Konkurs na najlepsz\u0105 recenzj\u0119"},"content":{"rendered":"\n<p>1. Konkurs skierowany jest do wszystkich os\u00f3b studiuj\u0105cych na uczelniach wy\u017cszych.<\/p>\n\n\n\n<p>2. Organizatorem Konkursu jest redakcja \u201eZeszyt\u00f3w Artystycznych\u201d, czasopisma naukowego dzia\u0142aj\u0105cego przy Wydziale Edukacji Artystycznej i Kuratorstwa, na Uniwersytecie Artystycznym im. Magdaleny Abakanowicz w Poznaniu.<\/p>\n\n\n\n<p>3. Konkurs odbywa si\u0119 cyklicznie, dwa razy do roku. Polega na nadsy\u0142aniu oryginalnych recenzji wystaw artystycznych, odbywaj\u0105cych si\u0119 w Polsce i za granic\u0105, rozpoczynaj\u0105cych si\u0119 w okresie:<\/p>\n\n\n\n<p>&#8211; od 1 stycznia do 30 pa\u017adziernika dla zg\u0142osze\u0144 wp\u0142ywaj\u0105cych do dnia 31 pa\u017adziernika;<\/p>\n\n\n\n<p>&#8211; od 1 listopada do 29 kwietnia dla zg\u0142osze\u0144 wp\u0142ywaj\u0105cych do dnia 30 kwietnia.<\/p>\n\n\n\n<p>Recenzja powinna mie\u0107 obj\u0119to\u015b\u0107 od 2 tys. do 5 tys. znak\u00f3w ze spacjami i stanowi\u0107 samodzieln\u0105 prac\u0119 osoby zg\u0142aszaj\u0105cej tekst do konkursu. Spo\u015br\u00f3d zg\u0142oszonych recenzji dokonany zostanie wyb\u00f3r najlepszej.<\/p>\n\n\n\n<p>4. Prace nale\u017cy zg\u0142asza\u0107 do 30 kwietnia i 31 pa\u017adziernika na adres mailowy: [zeszyty.artystyczne@uap.edu.pl]<\/p>\n\n\n\n<p>5. Do zg\u0142aszanego tekstu nale\u017cy poda\u0107 nast\u0119puj\u0105ce dane:<\/p>\n\n\n\n<p>&#8211; imi\u0119, nazwisko osoby autorskiej<\/p>\n\n\n\n<p>&#8211; adres korespondencyjny (stacjonarny)<\/p>\n\n\n\n<p>&#8211; adres korespondencyjny elektroniczny (e-mail)<\/p>\n\n\n\n<p>&#8211; tytu\u0142 recenzji<\/p>\n\n\n\n<p>&#8211; informacj\u0119 o recenzowanym wydarzeniu: tytu\u0142, data, organizatorzy<\/p>\n\n\n\n<p>&#8211; s\u0142owa kluczowe (pi\u0119\u0107)<\/p>\n\n\n\n<p>6. Za prawa cytowania fragment\u00f3w innych publikacji (tekst\u00f3w, tabel, ilustracji itp.) odpowiedzialni s\u0105 autorzy i autorki artyku\u0142\u00f3w.<\/p>\n\n\n\n<p>7. Zg\u0142oszone recenzje musz\u0105 by\u0107 dostarczone w pliku tekstowym w formacie doc, docx. lub odt..<\/p>\n\n\n\n<p>8. Decyzj\u0119 o wyborze najlepszej recenzji podejmuje redakcja \u201eZeszyt\u00f3w Artystycznych\u201d. Decyzja zostanie przekazana osobom uczestnicz\u0105cym w konkursie za po\u015brednictwem poczty elektronicznej.<\/p>\n\n\n\n<p>9. Nagrod\u0105 dla osoby autorskiej, kt\u00f3ra nades\u0142a\u0142a tekst uznany za najlepszy, jest publikacja zg\u0142oszonej recenzji w \u201eZeszytach Artystycznych\u201d.<\/p>\n\n\n\n<p>10. Nagroda ma charakter honorowy.<\/p>\n\n\n\n<p>11. Ukazanie si\u0119 publikacji w \u201eZeszytach Artystycznych\u201d poprzedzone jest podpisaniem umowy licencyjnej oraz formularza ochrony danych osobowych RODO.<\/p>\n\n\n\n<p>12. Redakcja zastrzega sobie prawo do nierozstrzygni\u0119cia konkursu bez podania przyczyny.<\/p>\n","protected":false},"excerpt":{"rendered":"<p>1. Konkurs skierowany jest do wszystkich os\u00f3b studiuj\u0105cych na uczelniach wy\u017cszych. 2. Organizatorem Konkursu jest redakcja \u201eZeszyt\u00f3w Artystycznych\u201d, czasopisma naukowego dzia\u0142aj\u0105cego przy Wydziale Edukacji Artystycznej i Kuratorstwa, na Uniwersytecie Artystycznym im. Magdaleny Abakanowicz w Poznaniu. 3. Konkurs odbywa si\u0119 cyklicznie,&hellip;<\/p>\n<p class=\"more-link-p\"><a class=\"more-link\" href=\"http:\/\/za.uap.edu.pl\/?page_id=1686\">Read more &rarr;<\/a><\/p>\n","protected":false},"author":3,"featured_media":0,"parent":0,"menu_order":0,"comment_status":"closed","ping_status":"closed","template":"","meta":[],"_links":{"self":[{"href":"http:\/\/za.uap.edu.pl\/index.php?rest_route=\/wp\/v2\/pages\/1686"}],"collection":[{"href":"http:\/\/za.uap.edu.pl\/index.php?rest_route=\/wp\/v2\/pages"}],"about":[{"href":"http:\/\/za.uap.edu.pl\/index.php?rest_route=\/wp\/v2\/types\/page"}],"author":[{"embeddable":true,"href":"http:\/\/za.uap.edu.pl\/index.php?rest_route=\/wp\/v2\/users\/3"}],"replies":[{"embeddable":true,"href":"http:\/\/za.uap.edu.pl\/index.php?rest_route=%2Fwp%2Fv2%2Fcomments&post=1686"}],"version-history":[{"count":2,"href":"http:\/\/za.uap.edu.pl\/index.php?rest_route=\/wp\/v2\/pages\/1686\/revisions"}],"predecessor-version":[{"id":1690,"href":"http:\/\/za.uap.edu.pl\/index.php?rest_route=\/wp\/v2\/pages\/1686\/revisions\/1690"}],"wp:attachment":[{"href":"http:\/\/za.uap.edu.pl\/index.php?rest_route=%2Fwp%2Fv2%2Fmedia&parent=1686"}],"curies":[{"name":"wp","href":"https:\/\/api.w.org\/{rel}","templated":true}]}}