{"id":1709,"date":"2023-10-11T19:55:47","date_gmt":"2023-10-11T19:55:47","guid":{"rendered":"http:\/\/za.uap.edu.pl\/?page_id=1709"},"modified":"2023-10-11T19:58:28","modified_gmt":"2023-10-11T19:58:28","slug":"143-2023","status":"publish","type":"page","link":"http:\/\/za.uap.edu.pl\/?page_id=1709","title":{"rendered":"43"},"content":{"rendered":"\n<div style=\"height:20px\" aria-hidden=\"true\" class=\"wp-block-spacer\"><\/div>\n\n\n\n<figure class=\"wp-block-image size-large is-resized\"><a href=\"http:\/\/za.uap.edu.pl\/wp-content\/uploads\/2023\/10\/ZA_43_wizualizacja-scaled.jpg\"><img loading=\"lazy\" src=\"http:\/\/za.uap.edu.pl\/wp-content\/uploads\/2023\/10\/ZA_43_wizualizacja-1024x768.jpg\" alt=\"\" class=\"wp-image-1710\" width=\"340\" height=\"255\" srcset=\"http:\/\/za.uap.edu.pl\/wp-content\/uploads\/2023\/10\/ZA_43_wizualizacja-1024x768.jpg 1024w, http:\/\/za.uap.edu.pl\/wp-content\/uploads\/2023\/10\/ZA_43_wizualizacja-300x225.jpg 300w, http:\/\/za.uap.edu.pl\/wp-content\/uploads\/2023\/10\/ZA_43_wizualizacja-768x576.jpg 768w, http:\/\/za.uap.edu.pl\/wp-content\/uploads\/2023\/10\/ZA_43_wizualizacja-1536x1152.jpg 1536w, http:\/\/za.uap.edu.pl\/wp-content\/uploads\/2023\/10\/ZA_43_wizualizacja-2048x1536.jpg 2048w, http:\/\/za.uap.edu.pl\/wp-content\/uploads\/2023\/10\/ZA_43_wizualizacja-560x420.jpg 560w, http:\/\/za.uap.edu.pl\/wp-content\/uploads\/2023\/10\/ZA_43_wizualizacja-260x195.jpg 260w, http:\/\/za.uap.edu.pl\/wp-content\/uploads\/2023\/10\/ZA_43_wizualizacja-160x120.jpg 160w\" sizes=\"(max-width: 340px) 100vw, 340px\" \/><\/a><figcaption>1(43)\/2023<\/figcaption><\/figure>\n\n\n\n<p id=\"block-186a7a29-6d06-4f88-91c4-2b693bf0441e\">Temat numeru: <a href=\"http:\/\/za.uap.edu.pl\/wp-content\/uploads\/2023\/10\/43_CALOSC.pdf\">Misteria \u2013 rytua\u0142y \u2013 performanse. Wymiar estetyczny<\/a><\/p>\n\n\n\n<p>Redaktor prowadz\u0105cy: dr hab. Jakub \u017bmidzi\u0144ski, prof. UAP<\/p>\n\n\n\n<div style=\"height:30px\" aria-hidden=\"true\" class=\"wp-block-spacer\"><\/div>\n\n\n\n<p>Jakub \u017bmidzi\u0144ski, <a href=\"http:\/\/za.uap.edu.pl\/wp-content\/uploads\/2023\/10\/10-13_WSTEP.pdf\">Wst\u0119p<\/a><\/p>\n\n\n\n<p>Rozmowa<br><a href=\"http:\/\/za.uap.edu.pl\/wp-content\/uploads\/2023\/10\/14-37_ROZMOWA.pdf\"><em>O wymiarze estetycznym misterium, rytua\u0142u i performansu<\/em>&nbsp;<\/a>rozmawiaj\u0105 Janusz Ba\u0142dyga, Tomasz Misiak, Pawe\u0142 Mo\u017cd\u017cy\u0144ski, Tomasz Rokosz, Ewa W\u00f3jtowicz i Jakub \u017bmidzi\u0144ski<\/p>\n\n\n\n<p>Maryia Pruzhanets,&nbsp;<em><a href=\"http:\/\/za.uap.edu.pl\/wp-content\/uploads\/2023\/10\/38-57_Pruzhanets_PL.pdf\">Sztuka konceptualna w Bia\u0142orusi jako sztuka krytykuj\u0105ca w\u0142adz\u0119 \u2013 Ale\u015b Puszkin i Aleksiej Ku\u017amicz<\/a><\/em><\/p>\n\n\n\n<p>Pawe\u0142 Mo\u017cd\u017cy\u0144ski,&nbsp;<em><a href=\"http:\/\/za.uap.edu.pl\/wp-content\/uploads\/2023\/10\/58-81_Mozdzynski_PL.pdf\">Performanse, rytua\u0142y i misteria kobiet w najnowszej sztuce polskiej. Analiza na wybranych przyk\u0142adach<\/a><\/em><\/p>\n\n\n\n<p>Weronika Pir\u00f3g,&nbsp;<a href=\"http:\/\/za.uap.edu.pl\/wp-content\/uploads\/2023\/10\/82-95_Pirog_PL.pdf\"><em>Cia\u0142o jako medium do\u015bwiadczenia Innego. Posthumanizm i duchowo\u015b\u0107 postsekularna w sztuce performansu na przyk\u0142adzie pracy Teresy Murak pod tytu\u0142em \u201eZiarno<\/em>\u201e<\/a><\/p>\n\n\n\n<p>Agata Myjak,&nbsp;<em><a href=\"http:\/\/za.uap.edu.pl\/wp-content\/uploads\/2023\/10\/96-113_Myjak_PL.pdf\">Misterium, rytua\u0142 i dzia\u0142ania performatywne, czyli teatr plastyczny Krzysztofa Junga<\/a><\/em><\/p>\n\n\n\n<p>Izabela Franckiewicz-Olczak,&nbsp;<em><a href=\"http:\/\/za.uap.edu.pl\/wp-content\/uploads\/2023\/10\/114-127_Franckiewicz-Olczak_PL.pdf\">Performatywna sztuka \u015bwiat\u0142a \u2013 mi\u0119dzy elitaryzmem sztuki a egalitaryzmem widowiska masowego<\/a><\/em><\/p>\n\n\n\n<p>Olga Pankalla \/ Andrzej Pankalla,&nbsp;<em><a href=\"http:\/\/za.uap.edu.pl\/wp-content\/uploads\/2023\/10\/128-149_Pankalla_PL.pdf\">Performatywne rytua\u0142y j\u0119zykowe w polskim prawie karnym<\/a><\/em><\/p>\n\n\n\n<p>Sebastian Lesiczka,<em>&nbsp;<a href=\"http:\/\/za.uap.edu.pl\/wp-content\/uploads\/2023\/10\/150-169_Lesiczka_PL.pdf\">Ludowy obrz\u0119d pogrzebowy w Polsce i jego sonosfera<\/a><\/em><\/p>\n\n\n\n<p>Jakub \u017bmidzi\u0144ski,&nbsp;<em><a href=\"http:\/\/za.uap.edu.pl\/wp-content\/uploads\/2023\/10\/170-191_Zmidzinski_PL.pdf\">Pie\u015b\u0144 transcendencji. Muzyczne misteria Keitha Jarretta<\/a><\/em><\/p>\n\n\n\n<div style=\"height:20px\" aria-hidden=\"true\" class=\"wp-block-spacer\"><\/div>\n\n\n\n<p>Jakub \u017bmidzi\u0144ski, <a href=\"http:\/\/za.uap.edu.pl\/wp-content\/uploads\/2023\/10\/194-197_INTRODUCTION.pdf\">Introduction<\/a><\/p>\n\n\n\n<p>Maryia Pruzhanets,&nbsp;<em><a href=\"http:\/\/za.uap.edu.pl\/wp-content\/uploads\/2023\/10\/198-217_Pruzhanets_ENG.pdf\">Conceptual Art in Belarus as a Regime-Criticising Art \u2013 Ales Pushkin and Alexei Kuzmich<\/a><\/em><\/p>\n\n\n\n<p>Pawe\u0142 Mo\u017cd\u017cy\u0144ski,&nbsp;<em><a href=\"http:\/\/za.uap.edu.pl\/wp-content\/uploads\/2023\/10\/218-241_Mozdzynski_ENG.pdf\">Women\u2019s Performances, Rituals and Mysteries in Contemporary Polish Art. Analysis of Selected Examples<\/a><\/em><\/p>\n\n\n\n<p>Weronika Pir\u00f3g,&nbsp;<em><a href=\"http:\/\/za.uap.edu.pl\/wp-content\/uploads\/2023\/10\/242_255_Pirog_ENG.pdf\">The Body as a Medium of Experiencing the Other. Posthumanism and Postsecular Spirituality in the Art of Performance \u2013 a Case Study of Teresa Murak\u2019s Work \u201eThe Grain\u201d<\/a><\/em><\/p>\n\n\n\n<p>Agata Myjak,&nbsp;<em><a href=\"http:\/\/za.uap.edu.pl\/wp-content\/uploads\/2023\/10\/256-273_Myjak_ENG.pdf\">Mystery, Ritual and Performative Action \u2013 Krzysztof Jung\u2019s Visual Theatre<\/a><\/em><\/p>\n\n\n\n<p>Izabela Franckiewicz-Olczak,&nbsp;<em><a href=\"http:\/\/za.uap.edu.pl\/wp-content\/uploads\/2023\/10\/274-287_Franckiewicz-Olczak_ENG.pdf\">Performative Light Art \u2013 Between the Elitism of Art and the Egalitarianism of Mass Spectacle<\/a><\/em><\/p>\n\n\n\n<p>Olga Pankalla \/ Andrzej Pankalla,&nbsp;<em><a href=\"http:\/\/za.uap.edu.pl\/wp-content\/uploads\/2023\/10\/288-309_Pankalla_ENG.pdf\">Performative Linguistic Rituals in Polish Criminal Law<\/a><\/em><\/p>\n\n\n\n<p>Sebastian Lesiczka,&nbsp;<em><a href=\"http:\/\/za.uap.edu.pl\/wp-content\/uploads\/2023\/10\/310-329_Lesiczka_ENG.pdf\">Folk Funeral Rites in Poland and Their Sonosphere<\/a><\/em><\/p>\n\n\n\n<p>Jakub \u017bmidzi\u0144ski,&nbsp;<em><a href=\"http:\/\/za.uap.edu.pl\/wp-content\/uploads\/2023\/10\/330-349_Zmidzinski_ENG.pdf\">The Song of Transcendence. Keith Jarrett\u2019s Musical Mysteries<\/a><\/em><\/p>\n\n\n\n<div style=\"height:20px\" aria-hidden=\"true\" class=\"wp-block-spacer\"><\/div>\n\n\n\n<p>Recenzje i om\u00f3wienia<br>Sebastian Dudzik,&nbsp;<em><a href=\"http:\/\/za.uap.edu.pl\/wp-content\/uploads\/2023\/10\/352-359_Dudzik.pdf\">Izabella Gustowska. Manifesty i osobiste oblicza buntu<\/a><\/em><\/p>\n\n\n\n<p>Sidey Myoo,&nbsp;<em><a href=\"http:\/\/za.uap.edu.pl\/wp-content\/uploads\/2023\/10\/360-371_Myoo.pdf\">Ars Electronica 2022 \u2013 Welcome to Planet B<\/a><\/em><\/p>\n\n\n\n<p>Paulina Pukyt\u0117,&nbsp;<em><a href=\"http:\/\/za.uap.edu.pl\/wp-content\/uploads\/2023\/10\/372-377_Pukyte.pdf\">O dw\u00f3ch artystkach<\/a><\/em><\/p>\n\n\n\n<div style=\"height:20px\" aria-hidden=\"true\" class=\"wp-block-spacer\"><\/div>\n\n\n\n<p>Konkurs im. prof. Alicji K\u0119pi\u0144skiej<br>Kuba Krysiak,&nbsp;<em><a href=\"http:\/\/za.uap.edu.pl\/wp-content\/uploads\/2023\/10\/378-401_Krysiak.pdf\">Droga do podmiotowo\u015bci dzielnicy w kurcz\u0105cym si\u0119 mie\u015bcie. Wytyczne do projektu nowego centrum Ba\u0142ut<\/a><\/em><\/p>\n\n\n\n<div style=\"height:20px\" aria-hidden=\"true\" class=\"wp-block-spacer\"><\/div>\n\n\n\n<p>Konkurs im. Marii Dokowicz<br><a href=\"http:\/\/za.uap.edu.pl\/wp-content\/uploads\/2023\/10\/402-407_Konkurs-im.-Marii-Dokowicz.pdf\">Podw\u00f3jna edycja Konkursu im. Marii Dokowicz<\/a><\/p>\n\n\n\n<div style=\"height:20px\" aria-hidden=\"true\" class=\"wp-block-spacer\"><\/div>\n\n\n\n<p>In memoriam<br>Micha\u0142 Jakubowicz,&nbsp;<em><a href=\"http:\/\/za.uap.edu.pl\/wp-content\/uploads\/2023\/10\/408-416_Jakubowicz.pdf\">Wobec bezwymiaru. Wspomnienie Jerzego Olka \u2013 teoretyka fotografii, artysty, profesora akademickiego, mentora, przyjaciela<\/a><\/em><\/p>\n\n\n\n<p>Piotr Wo\u0142y\u0144ski,&nbsp;<em><a href=\"http:\/\/za.uap.edu.pl\/wp-content\/uploads\/2023\/10\/417-427_Wolynski.pdf\">Profesor Stefan Wojnecki (1929\u20132023). Wspomnienie<\/a><\/em><\/p>\n\n\n\n<div style=\"height:20px\" aria-hidden=\"true\" class=\"wp-block-spacer\"><\/div>\n\n\n\n<p><a href=\"http:\/\/za.uap.edu.pl\/wp-content\/uploads\/2023\/10\/428-437_KRONIKA.pdf\">Kronika WEAiK<\/a><br><a href=\"http:\/\/za.uap.edu.pl\/wp-content\/uploads\/2023\/10\/438-459_KALENDARIUM.pdf\">Kalendarium<\/a><\/p>\n\n\n\n<div style=\"height:30px\" aria-hidden=\"true\" class=\"wp-block-spacer\"><\/div>\n\n\n\n<figure class=\"wp-block-image size-full is-resized\"><a href=\"http:\/\/za.uap.edu.pl\/wp-content\/uploads\/2023\/10\/01_znak_podstawowy_kolor_biale_tlo-1-560x176-1.jpg\"><img loading=\"lazy\" src=\"http:\/\/za.uap.edu.pl\/wp-content\/uploads\/2023\/10\/01_znak_podstawowy_kolor_biale_tlo-1-560x176-1.jpg\" alt=\"\" class=\"wp-image-1712\" width=\"150\" height=\"47\" srcset=\"http:\/\/za.uap.edu.pl\/wp-content\/uploads\/2023\/10\/01_znak_podstawowy_kolor_biale_tlo-1-560x176-1.jpg 560w, http:\/\/za.uap.edu.pl\/wp-content\/uploads\/2023\/10\/01_znak_podstawowy_kolor_biale_tlo-1-560x176-1-300x94.jpg 300w, http:\/\/za.uap.edu.pl\/wp-content\/uploads\/2023\/10\/01_znak_podstawowy_kolor_biale_tlo-1-560x176-1-260x82.jpg 260w, http:\/\/za.uap.edu.pl\/wp-content\/uploads\/2023\/10\/01_znak_podstawowy_kolor_biale_tlo-1-560x176-1-160x50.jpg 160w\" sizes=\"(max-width: 150px) 100vw, 150px\" \/><\/a><figcaption>\u2014\u2014\u2014\u2014\u2014\u2014\u2014\u2014\u2014\u2014\u2014\u2014\u2014\u2014\u2014\u2013<br>Stworzenie angloj\u0119zycznej wersji publikacji \u2013 p\u0142atne ze \u015brodk\u00f3w Ministerstwa Edukacji i Nauki na podstawie umowy nr RCN\/SP\/0363\/2021\/1 stanowi\u0105cych pomoc przyznan\u0105 w ramach programu \u201eRozw\u00f3j czasopism naukowych\u201d.<\/figcaption><\/figure>\n\n\n\n<p><\/p>\n","protected":false},"excerpt":{"rendered":"<p>Temat numeru: Misteria \u2013 rytua\u0142y \u2013 performanse. Wymiar estetyczny Redaktor prowadz\u0105cy: dr hab. Jakub \u017bmidzi\u0144ski, prof. UAP Jakub \u017bmidzi\u0144ski, Wst\u0119p RozmowaO wymiarze estetycznym misterium, rytua\u0142u i performansu&nbsp;rozmawiaj\u0105 Janusz Ba\u0142dyga, Tomasz Misiak, Pawe\u0142 Mo\u017cd\u017cy\u0144ski, Tomasz Rokosz, Ewa W\u00f3jtowicz i Jakub \u017bmidzi\u0144ski&hellip;<\/p>\n<p class=\"more-link-p\"><a class=\"more-link\" href=\"http:\/\/za.uap.edu.pl\/?page_id=1709\">Read more &rarr;<\/a><\/p>\n","protected":false},"author":3,"featured_media":0,"parent":0,"menu_order":0,"comment_status":"closed","ping_status":"closed","template":"","meta":[],"_links":{"self":[{"href":"http:\/\/za.uap.edu.pl\/index.php?rest_route=\/wp\/v2\/pages\/1709"}],"collection":[{"href":"http:\/\/za.uap.edu.pl\/index.php?rest_route=\/wp\/v2\/pages"}],"about":[{"href":"http:\/\/za.uap.edu.pl\/index.php?rest_route=\/wp\/v2\/types\/page"}],"author":[{"embeddable":true,"href":"http:\/\/za.uap.edu.pl\/index.php?rest_route=\/wp\/v2\/users\/3"}],"replies":[{"embeddable":true,"href":"http:\/\/za.uap.edu.pl\/index.php?rest_route=%2Fwp%2Fv2%2Fcomments&post=1709"}],"version-history":[{"count":7,"href":"http:\/\/za.uap.edu.pl\/index.php?rest_route=\/wp\/v2\/pages\/1709\/revisions"}],"predecessor-version":[{"id":1812,"href":"http:\/\/za.uap.edu.pl\/index.php?rest_route=\/wp\/v2\/pages\/1709\/revisions\/1812"}],"wp:attachment":[{"href":"http:\/\/za.uap.edu.pl\/index.php?rest_route=%2Fwp%2Fv2%2Fmedia&parent=1709"}],"curies":[{"name":"wp","href":"https:\/\/api.w.org\/{rel}","templated":true}]}}