{"id":1818,"date":"2023-12-03T17:11:02","date_gmt":"2023-12-03T17:11:02","guid":{"rendered":"https:\/\/za.uap.edu.pl\/?page_id=1818"},"modified":"2023-12-03T17:11:02","modified_gmt":"2023-12-03T17:11:02","slug":"konfabulacje-pamieci-wokol-dziedzictwa-stefana-wojneckiego","status":"publish","type":"page","link":"http:\/\/za.uap.edu.pl\/?page_id=1818","title":{"rendered":"Konfabulacje pami\u0119ci \u2013 wok\u00f3\u0142 dziedzictwa Stefana Wojneckiego"},"content":{"rendered":"\n<p><strong>Opieka nad numerem: Marianna Micha\u0142owska<\/strong><\/p>\n\n\n\n<div style=\"height:21px\" aria-hidden=\"true\" class=\"wp-block-spacer\"><\/div>\n\n\n\n<p>W tek\u015bcie <em>Inteligentna automatyka \u2013 fotografia jako przedmiot i podmiot<\/em> Stefan Wojnecki napisa\u0142:<\/p>\n\n\n\n<p>\u201eObraz fotograficzny jest w pewnym sensie pami\u0119ci\u0105 zewn\u0119trzn\u0105. Jeszcze raz zaznaczam, \u017ce jest on trwa\u0142y, bardziej niezawodny ni\u017c obraz pami\u0119ciowy w naszym umy\u015ble, poniewa\u017c nie podlega procesom prowadz\u0105cym do ubytk\u00f3w lub uzupe\u0142nie\u0144 tre\u015bci obrazu. To ostatnie zdanie nie w pe\u0142ni dotyczy fotografii cyfrowej, poniewa\u017c jej dalsza obr\u00f3bka umo\u017cliwia dowolna konfabulacj\u0119, podobnie jak to si\u0119 dzieje w umy\u015ble\u201d<a href=\"#_ftn1\">[1]<\/a>.<\/p>\n\n\n\n<p>Szczeg\u00f3lnie ciekawym obszarem zainteresowa\u0144 pozna\u0144skiego artysty by\u0142y zwi\u0105zki,&nbsp; kt\u00f3re zachodz\u0105 w relacji obrazu fotochemicznego i cyfrowego. W du\u017cej mierze odnosi\u0142y si\u0119 one do funkcjonowania obrazu dokumentowanego i przetworzonego praca pami\u0119ci. Po latach chcemy powr\u00f3ci\u0107 do tej problematyki, przygl\u0105daj\u0105c si\u0119 jej w kontek\u015bcie wsp\u00f3\u0142czesnych praktyk technologiczno-artystycznych. Interesuj\u0105 nas przekszta\u0142cenia i granice obrazu fotograficznego, ale te\u017c aktualno\u015b\u0107 my\u015blenia o fotografii identyfikowanej z poj\u0119ciami \u201efotografia intermedialna\u201d i \u201epostmedialna\u201d.<\/p>\n\n\n\n<p>Po\u015bwi\u0119caj\u0105c numer \u201eZeszyt\u00f3w Artystycznych\u201d wybitnej postaci artysty, pedagoga i animatora fotografii w polskim \u015brodowisku fotograficznym, Stefanowi Wojneckiemu zadajemy pytanie o to, jak pami\u0119tamy archiwum fotografii, ale te\u017c jak je przekszta\u0142camy pod wp\u0142ywem w\u0142asnych do\u015bwiadcze\u0144 i prze\u017cy\u0107. Co znaczy dla nas \u201edziedzictwo\u201d nurt\u00f3w artystycznych, kt\u00f3re ukszta\u0142towa\u0142y obraz polskiej fotografii na prze\u0142omie XX i XXI wieku? Czym by\u0142o i jest \u201e\u015brodowisko fotograficzne\u201d? Czy obraz pami\u0119ciowy dzisiaj rozumiemy inaczej ni\u017c wydawa\u0142o si\u0119 w\u00f3wczas? Czy przemiany zachodz\u0105c\u0105 w polskiej fotografii i teorii obrazu by\u0142y tw\u00f3rcze na tle przeobra\u017ce\u0144 kultury europejskiej? Jakie w\u0105tki porusza\u0142y?<\/p>\n\n\n\n<p>Chcieliby\u015bmy, aby w numerze znalaz\u0142y si\u0119 artyku\u0142y, tak lu\u017ano jak i bardziej szczeg\u00f3\u0142owo, inspirowane tw\u00f3rczo\u015bci\u0105 pozna\u0144skiego artysty:<\/p>\n\n\n\n<p>&#8211; analizy wybranych w\u0105tk\u00f3w tw\u00f3rczo\u015bci Stefana Wojneckiego,<\/p>\n\n\n\n<p>&#8211; rozwa\u017cania nad relacj\u0105 obrazu fotochemicznego i cyfrowego, z uwzgl\u0119dnieniem wsp\u00f3\u0142czesnych przemian technologicznych.<\/p>\n\n\n\n<p>&#8211; teksty pozwalaj\u0105ce w szerszym, \u015bwiatowym kontek\u015bcie bada\u0144 nad fotografi\u0105 osadzi\u0107 koncepcje artystyczno-teoretyczne Wojneckiego (np. poprzez si\u0119ganie do koncepcji Vil\u00e9ma Flussera)<\/p>\n\n\n\n<p>&#8211; rozmowy-wspomnienia przeprowadzone ze osobami wsp\u00f3\u0142pracuj\u0105cymi ze Stefanem Wojneckim<\/p>\n\n\n\n<p>Do pracy nad tekstami zach\u0119camy poprzez si\u0119ganie do zdigitalizowanego archiwum Stefana Wojneckiego, znajduj\u0105cego si\u0119 w zbiorach Uniwersytetu Artystycznego im. Magdaleny Abakanowicz w Poznaniu (udost\u0119pnienie poprzez kontakt z Naukowym Towarzystwem Fotografii).<\/p>\n\n\n\n<div style=\"height:29px\" aria-hidden=\"true\" class=\"wp-block-spacer\"><\/div>\n\n\n\n<p>Abstrakty nale\u017cy przesy\u0142a\u0107 na adres mariamne@amu.edu.pl do ko\u0144ca grudnia 2023. <\/p>\n\n\n\n<p>Gotowe teksty w obj\u0119to\u015bci oko\u0142o p\u00f3\u0142 arkusza (20 tys. znak\u00f3w) nale\u017cy przesy\u0142a\u0107 do 30 marca 2024. <\/p>\n\n\n\n<p>Artyku\u0142y zostan\u0105 poddane procedurze recenzji. <\/p>\n\n\n\n<p>\u201eZeszyty Artystyczne\u201d (<a href=\"https:\/\/za.uap.edu.pl\/\">https:\/\/za.uap.edu.pl\/<\/a>) s\u0105 uwzgl\u0119dnione na li\u015bcie czasopism punktowanych.<\/p>\n\n\n\n<hr class=\"wp-block-separator\"\/>\n\n\n\n<p><a href=\"#_ftnref1\">[1]<\/a> S. Wojnecki, <em>Do\u015bwiadczanie (w) fotografii<\/em>, Pozna\u0144 2016, s. 155.<\/p>\n","protected":false},"excerpt":{"rendered":"<p>Opieka nad numerem: Marianna Micha\u0142owska W tek\u015bcie Inteligentna automatyka \u2013 fotografia jako przedmiot i podmiot Stefan Wojnecki napisa\u0142: \u201eObraz fotograficzny jest w pewnym sensie pami\u0119ci\u0105 zewn\u0119trzn\u0105. Jeszcze raz zaznaczam, \u017ce jest on trwa\u0142y, bardziej niezawodny ni\u017c obraz pami\u0119ciowy w naszym&hellip;<\/p>\n<p class=\"more-link-p\"><a class=\"more-link\" href=\"http:\/\/za.uap.edu.pl\/?page_id=1818\">Read more &rarr;<\/a><\/p>\n","protected":false},"author":3,"featured_media":0,"parent":0,"menu_order":0,"comment_status":"closed","ping_status":"closed","template":"","meta":[],"_links":{"self":[{"href":"http:\/\/za.uap.edu.pl\/index.php?rest_route=\/wp\/v2\/pages\/1818"}],"collection":[{"href":"http:\/\/za.uap.edu.pl\/index.php?rest_route=\/wp\/v2\/pages"}],"about":[{"href":"http:\/\/za.uap.edu.pl\/index.php?rest_route=\/wp\/v2\/types\/page"}],"author":[{"embeddable":true,"href":"http:\/\/za.uap.edu.pl\/index.php?rest_route=\/wp\/v2\/users\/3"}],"replies":[{"embeddable":true,"href":"http:\/\/za.uap.edu.pl\/index.php?rest_route=%2Fwp%2Fv2%2Fcomments&post=1818"}],"version-history":[{"count":1,"href":"http:\/\/za.uap.edu.pl\/index.php?rest_route=\/wp\/v2\/pages\/1818\/revisions"}],"predecessor-version":[{"id":1819,"href":"http:\/\/za.uap.edu.pl\/index.php?rest_route=\/wp\/v2\/pages\/1818\/revisions\/1819"}],"wp:attachment":[{"href":"http:\/\/za.uap.edu.pl\/index.php?rest_route=%2Fwp%2Fv2%2Fmedia&parent=1818"}],"curies":[{"name":"wp","href":"https:\/\/api.w.org\/{rel}","templated":true}]}}