{"id":1888,"date":"2024-05-24T14:43:14","date_gmt":"2024-05-24T14:43:14","guid":{"rendered":"https:\/\/za.uap.edu.pl\/?page_id=1888"},"modified":"2024-05-24T14:43:14","modified_gmt":"2024-05-24T14:43:14","slug":"dostepnosc","status":"publish","type":"page","link":"http:\/\/za.uap.edu.pl\/?page_id=1888","title":{"rendered":"Dost\u0119pno\u015b\u0107"},"content":{"rendered":"\n<p>Dla czasopisma naukowego \u201eZeszyty Artystyczne\u201d przyj\u0119te s\u0105 zasady zawarte w \u201cDeklaracji dost\u0119pno\u015bci\u201d wydawcy czasopisma, t.j. Uniwersytetu Artystycznego im. Magdaleny Abakanowicz w Poznaniu (<a href=\"https:\/\/uap.edu.pl\/deklaracja-dostepnosci\/\">https:\/\/uap.edu.pl\/deklaracja-dostepnosci\/<\/a>). Wa\u017cne s\u0105 obowi\u0105zuj\u0105ce w niej podstawy i aktualizacje.&nbsp;<\/p>\n\n\n\n<p>Strona internetowa czasopisma jest cz\u0119\u015bciowo zgodna z ustaw\u0105 z dnia 4 kwietnia 2019 r. o dost\u0119pno\u015bci cyfrowej stron internetowych i aplikacji mobilnych podmiot\u00f3w publicznych.&nbsp;<\/p>\n\n\n\n<p>Skr\u00f3ty klawiaturowe<\/p>\n\n\n\n<p>Na stronie internetowej mo\u017cna u\u017cywa\u0107 standardowych skr\u00f3t\u00f3w klawiaturowych przegl\u0105darki.<\/p>\n\n\n\n<p>Informacje zwrotne i dane kontaktowe<\/p>\n\n\n\n<p>W przypadku problem\u00f3w z dost\u0119pno\u015bci\u0105 strony internetowej \u201eZeszyt\u00f3w Artystycznych\u201d prosimy o kontakt na adres redakcji. Osob\u0105 kontaktow\u0105 jest sekretarzyni redakcji. Kontaktowa\u0107 mo\u017cna si\u0119 drog\u0105 mailow\u0105 pod adresem: zeszyty.artystyczne@uap.edu.pl. T\u0105 sam\u0105 drog\u0105 mo\u017cna sk\u0142ada\u0107 wnioski o udost\u0119pnienie informacji niedost\u0119pnej oraz sk\u0142ada\u0107 skargi na brak zapewnienia dost\u0119pno\u015bci.<\/p>\n\n\n\n<p>Obs\u0142uga wniosk\u00f3w i skarg zwi\u0105zanych z dost\u0119pno\u015bci\u0105<\/p>\n\n\n\n<p>Ka\u017cdy ma prawo do wyst\u0105pienia z \u017c\u0105daniem zapewnienia dost\u0119pno\u015bci cyfrowej strony internetowej lub jakiego\u015b ich elementu. Mo\u017cna tak\u017ce zwr\u00f3ci\u0107 si\u0119 o udost\u0119pnienie informacji za pomoc\u0105 alternatywnego sposobu dost\u0119pu, na przyk\u0142ad przez odczytanie niedost\u0119pnego cyfrowo dokumentu, itp. \u017b\u0105danie powinno zawiera\u0107 dane osoby zwracaj\u0105cej si\u0119 w sprawie, wskazanie, o kt\u00f3ry element strony internetowej chodzi oraz spos\u00f3b kontaktu. Je\u017celi osoba \u017c\u0105daj\u0105ca zg\u0142asza potrzeb\u0119 otrzymania informacji za pomoc\u0105 alternatywnego sposobu dost\u0119pu, powinna tak\u017ce okre\u015bli\u0107 dogodny dla niej spos\u00f3b przedstawienia tej informacji. Podmiot publiczny powinien zrealizowa\u0107 \u017c\u0105danie niezw\u0142ocznie, nie p\u00f3\u017aniej ni\u017c w ci\u0105gu 7 dni od dnia wyst\u0105pienia z \u017c\u0105daniem. Je\u017celi dotrzymanie tego terminu nie jest mo\u017cliwe, podmiot publiczny niezw\u0142ocznie informuje o tym wnosz\u0105cego \u017c\u0105danie, kiedy realizacja \u017c\u0105dania b\u0119dzie mo\u017cliwa, przy czym termin ten nie mo\u017ce by\u0107 d\u0142u\u017cszy ni\u017c 2 miesi\u0105ce od dnia wyst\u0105pienia z \u017c\u0105daniem. Je\u017celi zapewnienie dost\u0119pno\u015bci cyfrowej nie jest mo\u017cliwe, podmiot publiczny mo\u017ce zaproponowa\u0107 alternatywny spos\u00f3b dost\u0119pu do informacji. W przypadku, gdy podmiot publiczny odm\u00f3wi realizacji \u017c\u0105dania zapewnienia dost\u0119pno\u015bci lub alternatywnego sposobu dost\u0119pu do informacji, wnosz\u0105cy \u017c\u0105danie mo\u017cna z\u0142o\u017cy\u0107 skarg\u0119 w sprawie zapewniana dost\u0119pno\u015bci cyfrowej strony internetowej lub jej elementu.<\/p>\n","protected":false},"excerpt":{"rendered":"<p>Dla czasopisma naukowego \u201eZeszyty Artystyczne\u201d przyj\u0119te s\u0105 zasady zawarte w \u201cDeklaracji dost\u0119pno\u015bci\u201d wydawcy czasopisma, t.j. Uniwersytetu Artystycznego im. Magdaleny Abakanowicz w Poznaniu (https:\/\/uap.edu.pl\/deklaracja-dostepnosci\/). Wa\u017cne s\u0105 obowi\u0105zuj\u0105ce w niej podstawy i aktualizacje.&nbsp; Strona internetowa czasopisma jest cz\u0119\u015bciowo zgodna z ustaw\u0105 z&hellip;<\/p>\n<p class=\"more-link-p\"><a class=\"more-link\" href=\"http:\/\/za.uap.edu.pl\/?page_id=1888\">Read more &rarr;<\/a><\/p>\n","protected":false},"author":3,"featured_media":0,"parent":0,"menu_order":0,"comment_status":"closed","ping_status":"closed","template":"","meta":[],"_links":{"self":[{"href":"http:\/\/za.uap.edu.pl\/index.php?rest_route=\/wp\/v2\/pages\/1888"}],"collection":[{"href":"http:\/\/za.uap.edu.pl\/index.php?rest_route=\/wp\/v2\/pages"}],"about":[{"href":"http:\/\/za.uap.edu.pl\/index.php?rest_route=\/wp\/v2\/types\/page"}],"author":[{"embeddable":true,"href":"http:\/\/za.uap.edu.pl\/index.php?rest_route=\/wp\/v2\/users\/3"}],"replies":[{"embeddable":true,"href":"http:\/\/za.uap.edu.pl\/index.php?rest_route=%2Fwp%2Fv2%2Fcomments&post=1888"}],"version-history":[{"count":1,"href":"http:\/\/za.uap.edu.pl\/index.php?rest_route=\/wp\/v2\/pages\/1888\/revisions"}],"predecessor-version":[{"id":1889,"href":"http:\/\/za.uap.edu.pl\/index.php?rest_route=\/wp\/v2\/pages\/1888\/revisions\/1889"}],"wp:attachment":[{"href":"http:\/\/za.uap.edu.pl\/index.php?rest_route=%2Fwp%2Fv2%2Fmedia&parent=1888"}],"curies":[{"name":"wp","href":"https:\/\/api.w.org\/{rel}","templated":true}]}}