{"id":2087,"date":"2024-12-29T15:38:42","date_gmt":"2024-12-29T15:38:42","guid":{"rendered":"http:\/\/za.uap.edu.pl\/?page_id=2087"},"modified":"2025-06-18T19:07:52","modified_gmt":"2025-06-18T19:07:52","slug":"46-2","status":"publish","type":"page","link":"http:\/\/za.uap.edu.pl\/?page_id=2087","title":{"rendered":"46"},"content":{"rendered":"\n<div class=\"wp-block-group\"><div class=\"wp-block-group__inner-container\">\n<div class=\"wp-block-columns\">\n<div class=\"wp-block-column\" style=\"flex-basis:100%\">\n<figure class=\"wp-block-image size-large is-resized\"><a href=\"http:\/\/za.uap.edu.pl\/wp-content\/uploads\/2024\/12\/mockup-2-scaled.jpg\"><img loading=\"lazy\" src=\"http:\/\/za.uap.edu.pl\/wp-content\/uploads\/2024\/12\/mockup-2-1024x683.jpg\" alt=\"\" class=\"wp-image-2090\" width=\"281\" height=\"187\" srcset=\"http:\/\/za.uap.edu.pl\/wp-content\/uploads\/2024\/12\/mockup-2-1024x683.jpg 1024w, http:\/\/za.uap.edu.pl\/wp-content\/uploads\/2024\/12\/mockup-2-300x200.jpg 300w, http:\/\/za.uap.edu.pl\/wp-content\/uploads\/2024\/12\/mockup-2-768x512.jpg 768w, http:\/\/za.uap.edu.pl\/wp-content\/uploads\/2024\/12\/mockup-2-1536x1024.jpg 1536w, http:\/\/za.uap.edu.pl\/wp-content\/uploads\/2024\/12\/mockup-2-2048x1365.jpg 2048w, http:\/\/za.uap.edu.pl\/wp-content\/uploads\/2024\/12\/mockup-2-560x373.jpg 560w, http:\/\/za.uap.edu.pl\/wp-content\/uploads\/2024\/12\/mockup-2-260x173.jpg 260w, http:\/\/za.uap.edu.pl\/wp-content\/uploads\/2024\/12\/mockup-2-160x107.jpg 160w\" sizes=\"(max-width: 281px) 100vw, 281px\" \/><\/a><figcaption>2(46)\/2024<br>Temat numeru: <a href=\"http:\/\/za.uap.edu.pl\/wp-content\/uploads\/2025\/06\/ZA_46.pdf\" data-type=\"URL\" data-id=\"http:\/\/za.uap.edu.pl\/wp-content\/uploads\/2025\/06\/ZA_46.pdf\">\u201eBerli\u0144ski pok\u00f3j\u201d \u2013 wsp\u00f3\u0142czesne relacje mi\u0119dzy Poznaniem a Berlinem<\/a><br>Redaktor prowadz\u0105ca: prof. Hanna Grzeszczuk-Brendel<\/figcaption><\/figure>\n<\/div>\n<\/div>\n<\/div><\/div>\n\n\n\n<div style=\"height:25px\" aria-hidden=\"true\" class=\"wp-block-spacer\"><\/div>\n\n\n\n<p><strong>Wst\u0119p \/ od redakcji<\/strong><\/p>\n\n\n\n<p><a href=\"http:\/\/za.uap.edu.pl\/wp-content\/uploads\/2024\/12\/Numer_46_01_E_Wojtowicz_Wstep.pdf\" data-type=\"URL\" data-id=\"http:\/\/za.uap.edu.pl\/wp-content\/uploads\/2024\/12\/Numer_46_01_E_Wojtowicz_Wstep.pdf\">Ewa W\u00f3jtowicz <\/a><\/p>\n\n\n\n<div style=\"height:15px\" aria-hidden=\"true\" class=\"wp-block-spacer\"><\/div>\n\n\n\n<p><strong>Artyku\u0142y naukowe&nbsp;<\/strong><\/p>\n\n\n\n<p>01. Hanna Grzeszczuk-Brendel, <em><a href=\"http:\/\/za.uap.edu.pl\/wp-content\/uploads\/2024\/12\/Numer_46_02_H_Grzeszczuk_Brendel_Berlinski_pokoj.pdf\" data-type=\"URL\" data-id=\"http:\/\/za.uap.edu.pl\/wp-content\/uploads\/2024\/12\/Numer_46_02_H_Grzeszczuk_Brendel_Berlinski_pokoj.pdf\">Berli\u0144ski pok\u00f3j: zwi\u0105zki mi\u0119dzy Poznaniem a Berlinem<\/a><\/em><\/p>\n\n\n\n<p>02. Marianna Micha\u0142owska, <a href=\"http:\/\/za.uap.edu.pl\/wp-content\/uploads\/2024\/12\/Numer_46_03_M_Michalowska_Powiekszenia.pdf\" data-type=\"URL\" data-id=\"http:\/\/za.uap.edu.pl\/wp-content\/uploads\/2024\/12\/Numer_46_03_M_Michalowska_Powiekszenia.pdf\"><em>\u201ePowi\u0119kszenia\u201d<\/em> \u2013<em> kilka widok\u00f3wek Berlina i Poznania<\/em><\/a><\/p>\n\n\n\n<p>03. Lech Lechowicz, <a href=\"http:\/\/za.uap.edu.pl\/wp-content\/uploads\/2024\/12\/Numer_46_04_L_Lechowicz_Wielkie_miasto.pdf\" data-type=\"URL\" data-id=\"http:\/\/za.uap.edu.pl\/wp-content\/uploads\/2024\/12\/Numer_46_04_L_Lechowicz_Wielkie_miasto.pdf\"><em>Wielkie miasto jako nowa natura w fotografii w kr\u0119gu awangardy (1909-1939)<\/em><\/a><\/p>\n\n\n\n<p>04. Krzysztof \u015alachciak, <em><a href=\"http:\/\/za.uap.edu.pl\/wp-content\/uploads\/2024\/12\/Numer_46_05_K_Slachciak_Dziwne_widoki.pdf\" data-type=\"URL\" data-id=\"http:\/\/za.uap.edu.pl\/wp-content\/uploads\/2024\/12\/Numer_46_05_K_Slachciak_Dziwne_widoki.pdf\">Dziwne widoki miasta<\/a><\/em><\/p>\n\n\n\n<p>05. Irma Kozina, <em><a href=\"http:\/\/za.uap.edu.pl\/wp-content\/uploads\/2024\/12\/Numer_46_06_I_Kozina_Na_marginiesie.pdf\" data-type=\"URL\" data-id=\"http:\/\/za.uap.edu.pl\/wp-content\/uploads\/2024\/12\/Numer_46_06_I_Kozina_Na_marginiesie.pdf\">Na marginesie Berli\u0144skiego pokoju\u2026 Ostatnie miesi\u0105ce katowickiego Brutala w obiektywie Micha\u0142a \u0141uczaka<\/a><\/em><\/p>\n\n\n\n<p>06. Marta Smoli\u0144ska, <em><a href=\"http:\/\/za.uap.edu.pl\/wp-content\/uploads\/2024\/12\/Numer_46_07_M_Smolinska_MITbeSTIMMEn.pdf\" data-type=\"URL\" data-id=\"http:\/\/za.uap.edu.pl\/wp-content\/uploads\/2024\/12\/Numer_46_07_M_Smolinska_MITbeSTIMMEn.pdf\">MITbeSTIMMEn \u2013 wsp\u00f3\u0142decydowa\u0107. G\u0142os jako fenomen polityczny: o strategii pierwszej wystawy, kt\u00f3r\u0105 kuratorowa\u0142am w Berlinie<\/a><\/em><\/p>\n\n\n\n<div style=\"height:15px\" aria-hidden=\"true\" class=\"wp-block-spacer\"><\/div>\n\n\n\n<p><strong>Praca konkursowa<\/strong><\/p>\n\n\n\n<p>07. Monika Szczygie\u0142, <em><a href=\"http:\/\/za.uap.edu.pl\/wp-content\/uploads\/2024\/12\/Numer_46_08_M_Szczygiel_Cyfrowe_praktyki.pdf\" data-type=\"URL\" data-id=\"http:\/\/za.uap.edu.pl\/wp-content\/uploads\/2024\/12\/Numer_46_08_M_Szczygiel_Cyfrowe_praktyki.pdf\">Cyfrowe praktyki unikania malarstwa<\/a><\/em><\/p>\n\n\n\n<div style=\"height:15px\" aria-hidden=\"true\" class=\"wp-block-spacer\"><\/div>\n\n\n\n<p><strong>Recenzje i om\u00f3wienia<\/strong><\/p>\n\n\n\n<p>08. Ewa W\u00f3jtowicz, <a href=\"http:\/\/za.uap.edu.pl\/wp-content\/uploads\/2024\/12\/Numer_46_09_E_Wojtowicz_Nieznane_dotad.pdf\" data-type=\"URL\" data-id=\"http:\/\/za.uap.edu.pl\/wp-content\/uploads\/2024\/12\/Numer_46_09_E_Wojtowicz_Nieznane_dotad.pdf\">\u201e<em>Nieznane dot\u0105d relacje\u201d. Recenzja ksi\u0105\u017cki Bauhausowcy i neoplastycy o filmie i kinie pod redakcj\u0105 Andrzeja Gwo\u017adzia<\/em><\/a><\/p>\n\n\n\n<p>09. Aleksandra Paradowska,<a href=\"http:\/\/za.uap.edu.pl\/wp-content\/uploads\/2024\/12\/Numer_46_10_A_Paradowska_Iluzje_wszechwladzy.pdf\" data-type=\"URL\" data-id=\"http:\/\/za.uap.edu.pl\/wp-content\/uploads\/2024\/12\/Numer_46_10_A_Paradowska_Iluzje_wszechwladzy.pdf\"> <em>Iluzje wszechw\u0142adzy. Architektura i codzienno\u015b\u0107 pod okupacj\u0105 niemieck\u0105<\/em><\/a><\/p>\n\n\n\n<p>10. Maria Grzybowska, <em><a href=\"http:\/\/za.uap.edu.pl\/wp-content\/uploads\/2024\/12\/Numer_46_11_M_B_Grzybowska_Ktos_sie.pdf\" data-type=\"URL\" data-id=\"http:\/\/za.uap.edu.pl\/wp-content\/uploads\/2024\/12\/Numer_46_11_M_B_Grzybowska_Ktos_sie.pdf\">Kto si\u0119 nie umie dzieli\u0107?<\/a><\/em><\/p>\n\n\n\n<div style=\"height:15px\" aria-hidden=\"true\" class=\"wp-block-spacer\"><\/div>\n\n\n\n<p><strong>In memoriam<\/strong><\/p>\n\n\n\n<p>11. W\u0142adys\u0142aw Wr\u00f3blewski, Mateusz Wr\u00f3blewski, <em><a href=\"http:\/\/za.uap.edu.pl\/wp-content\/uploads\/2024\/12\/Numer_46_12_W_Wroblewski_Wspomnienie_o.pdf\" data-type=\"URL\" data-id=\"http:\/\/za.uap.edu.pl\/wp-content\/uploads\/2024\/12\/Numer_46_12_W_Wroblewski_Wspomnienie_o.pdf\">Wspomnienie o profesorze Witoldzie Gyurkovichu<\/a><\/em><\/p>\n\n\n\n<p>12. Anna Kochnowicz, <em><a href=\"http:\/\/za.uap.edu.pl\/wp-content\/uploads\/2024\/12\/Numer_46_13_A_Kochnowicz_Kann_Henryk_Regimowicz.pdf\" data-type=\"URL\" data-id=\"http:\/\/za.uap.edu.pl\/wp-content\/uploads\/2024\/12\/Numer_46_13_A_Kochnowicz_Kann_Henryk_Regimowicz.pdf\">Henryk Regimowicz \u2013 architekt wn\u0119trz, scenograf, pedagog<\/a><\/em><\/p>\n\n\n\n<div style=\"height:15px\" aria-hidden=\"true\" class=\"wp-block-spacer\"><\/div>\n\n\n\n<p><strong><a href=\"http:\/\/za.uap.edu.pl\/wp-content\/uploads\/2024\/12\/Numer_46_14_Kronika.pdf\" data-type=\"URL\" data-id=\"http:\/\/za.uap.edu.pl\/wp-content\/uploads\/2024\/12\/Numer_46_14_Kronika.pdf\">Kronika<\/a><\/strong><\/p>\n\n\n\n<p><strong><a href=\"http:\/\/za.uap.edu.pl\/wp-content\/uploads\/2024\/12\/Numer_46_15_Kalendarium.pdf\" data-type=\"URL\" data-id=\"http:\/\/za.uap.edu.pl\/wp-content\/uploads\/2024\/12\/Numer_46_15_Kalendarium.pdf\">Kalendarium<\/a><\/strong><\/p>\n","protected":false},"excerpt":{"rendered":"<p>Wst\u0119p \/ od redakcji Ewa W\u00f3jtowicz Artyku\u0142y naukowe&nbsp; 01. Hanna Grzeszczuk-Brendel, Berli\u0144ski pok\u00f3j: zwi\u0105zki mi\u0119dzy Poznaniem a Berlinem 02. Marianna Micha\u0142owska, \u201ePowi\u0119kszenia\u201d \u2013 kilka widok\u00f3wek Berlina i Poznania 03. Lech Lechowicz, Wielkie miasto jako nowa natura w fotografii w kr\u0119gu&hellip;<\/p>\n<p class=\"more-link-p\"><a class=\"more-link\" href=\"http:\/\/za.uap.edu.pl\/?page_id=2087\">Read more &rarr;<\/a><\/p>\n","protected":false},"author":3,"featured_media":0,"parent":0,"menu_order":0,"comment_status":"closed","ping_status":"closed","template":"","meta":[],"_links":{"self":[{"href":"http:\/\/za.uap.edu.pl\/index.php?rest_route=\/wp\/v2\/pages\/2087"}],"collection":[{"href":"http:\/\/za.uap.edu.pl\/index.php?rest_route=\/wp\/v2\/pages"}],"about":[{"href":"http:\/\/za.uap.edu.pl\/index.php?rest_route=\/wp\/v2\/types\/page"}],"author":[{"embeddable":true,"href":"http:\/\/za.uap.edu.pl\/index.php?rest_route=\/wp\/v2\/users\/3"}],"replies":[{"embeddable":true,"href":"http:\/\/za.uap.edu.pl\/index.php?rest_route=%2Fwp%2Fv2%2Fcomments&post=2087"}],"version-history":[{"count":3,"href":"http:\/\/za.uap.edu.pl\/index.php?rest_route=\/wp\/v2\/pages\/2087\/revisions"}],"predecessor-version":[{"id":2133,"href":"http:\/\/za.uap.edu.pl\/index.php?rest_route=\/wp\/v2\/pages\/2087\/revisions\/2133"}],"wp:attachment":[{"href":"http:\/\/za.uap.edu.pl\/index.php?rest_route=%2Fwp%2Fv2%2Fmedia&parent=2087"}],"curies":[{"name":"wp","href":"https:\/\/api.w.org\/{rel}","templated":true}]}}