{"id":2100,"date":"2025-02-25T07:16:19","date_gmt":"2025-02-25T07:16:19","guid":{"rendered":"https:\/\/za.uap.edu.pl\/?page_id=2100"},"modified":"2025-03-19T09:07:17","modified_gmt":"2025-03-19T09:07:17","slug":"kuratorstwo-dla-planetarnej-rownowagi-troskliwe-strategie-kuratorskie-wobec-wyzwan-wspolczesnosci","status":"publish","type":"page","link":"http:\/\/za.uap.edu.pl\/?page_id=2100","title":{"rendered":"Kuratorstwo dla planetarnej r\u00f3wnowagi: troskliwe strategie kuratorskie wobec wyzwa\u0144 wsp\u00f3\u0142czesno\u015bci"},"content":{"rendered":"\n<p>                                                                                                                                              (english version below)<\/p>\n\n\n\n<p>Kuratorstwo, jako przestrze\u0144 tw\u00f3rczej odpowiedzi na wyzwania ekologiczne staje si\u0119 kluczowym polem refleksji i eksperymentu wobec kryzysu klimatycznego. Obecno\u015b\u0107 gwa\u0142townych zmian w ekosystemie tworzy potrzeb\u0119 przewarto\u015bciowania utartych schemat\u00f3w my\u015blenia, szczeg\u00f3lnie tych dotycz\u0105cych relacji ludzko-nieludzkich oraz tego w jaki spos\u00f3b funkcjonujemy w \u015brodowisku. Rosn\u0105ca \u015bwiadomo\u015b\u0107 naszego spl\u0105tania ze \u015bwiatem motywuje do zadawania pyta\u0144 i dzia\u0142ania. Wierzymy, \u017ce narracje o przynale\u017ceniu oraz nowe wizje przysz\u0142o\u015bci powinny by\u0107 tworzone i przekazywane wielog\u0142osem. Nowy numer <em>Zeszyt\u00f3w Artystycznych<\/em> po\u015bwi\u0119camy strategiom instytucjonalnym oraz kuratorskim, kt\u00f3re mog\u0105 sta\u0107 si\u0119 odpowiedzi\u0105 na wyzwania zwi\u0105zane z katastrof\u0105 ekologiczn\u0105. Chcemy przyjrze\u0107 si\u0119 nowym modelom kuratorstwa, kt\u00f3re inspiruj\u0105 si\u0119 ekologi\u0105, ciemn\u0105 ekologi\u0105, ekofeminizmem, teori\u0105 aktora-sieci i posthumanizmem.\u00a0<\/p>\n\n\n\n<p>Celem numeru jest przedstawienie strategii proponowanych przez osoby kuratorskie, artystyczne, badaczki i teoretyczki, kt\u00f3ra umo\u017cliwi pog\u0142\u0119bienie funkcjonuj\u0105cych ju\u017c teorii i praktyk oraz przyczyni si\u0119 do powstania nowych idei. Punktem wyj\u015bcia do stworzenia numeru jest przekonanie, \u017ce sposob\u00f3w projektowania kultury mo\u017cemy si\u0119 nauczy\u0107 od przyrody i zastosowa\u0107 te inspiracje w praktyce. Zaproszenie do nadsy\u0142ania tekst\u00f3w kierujemy do os\u00f3b obserwuj\u0105cych zmiany klimatu oraz ich wp\u0142yw na instytucje. Interesuj\u0105 nas strategie artystycznych oraz kuratorskie w kontek\u015bcie wspomnianych zmian, namys\u0142 posthumanistyczny oraz skupienie na relacjach mi\u0119dzygatunkowych.<strong>&nbsp;<\/strong><\/p>\n\n\n\n<p>Chcemy stworzy\u0107 miejsce dialogu oraz przestrze\u0144 do eksplorowania nieoczywistych inspiracji i metafor zasi\u0119gni\u0119tych od ro\u015blin, zwierz\u0105t, materii czy zjawisk naturalnych. Mog\u0105 by\u0107 nimi grzyby wsp\u00f3\u0142tworz\u0105ce naturokulturowe sieci, opisane przez Ann\u0119 Tsing jako byty, kt\u00f3re wypracowa\u0142y strategie na przetrwanie w ruinach kapitalizmu. \u017bycie na \u015bwiecie zniszczonym przez kryzys ekologicznym opisuje r\u00f3wnie\u017c Donna Haraway, proponuj\u0105c wizje Wsp\u00f3lnot Kompostu, kt\u00f3re \u201czostaj\u0105 z k\u0142opotami\u201d i odbudowywuj\u0105 relacje z otaczaj\u0105cymi ich istotami. Podejrzewaj\u0105c, \u017ce r\u00f3wnie\u017c my b\u0119dziemy musieli \u201czosta\u0107 z k\u0142opotami\u201d, warto rozwa\u017cy\u0107 nowe sposoby projektowania kultury. Czy dobie kryzysu klimatycznego nale\u017cy tworzy\u0107 wystawy w nowy spos\u00f3b? Czego jako osoby kuratorskie, poruszaj\u0105ce si\u0119 we wsp\u00f3\u0142czesnym polu sztuki, mo\u017cemy wi\u0119c nauczy\u0107 si\u0119 od kompostu, porost\u00f3w, grzyb\u00f3w, mokrade\u0142, p\u0142yw\u00f3w oceanicznych itp.? Czym mia\u0142oby by\u0107 kuratorstwo ekofeministyczne, troskliwe, spl\u0105tane i sprzymierzone z innymi gatunkami?<\/p>\n\n\n\n<p>Podzia\u0142 na kultur\u0119 i natur\u0119 okazuje si\u0119 nieadekwatny wobec wsp\u00f3\u0142czesnych wyzwa\u0144. Szczeg\u00f3lnie istotne s\u0105 w tym kontek\u015bcie rozwa\u017cania Timothy\u2019ego Mortona, wprowadzaj\u0105ce poj\u0119cie mrocznej ekologii, kt\u00f3ra zach\u0119ca do akceptacji niepokoju oraz dyskomfortu wynikaj\u0105cego ze wsp\u00f3\u0142istnienia ze \u015brodowiskiem. Morton przypomina, \u017ce jeste\u015bmy nierozerwalnie zwi\u0105zani z przyrod\u0105, tak\u017ce z jej najciemniejszymi aspektami. Ta my\u015bl koresponduje z koncepcj\u0105 Karen Barad o \u201cbyciu ze \u015bwiata\u201d czy przekonaniem Bruno Latoura o wzajemnym wp\u0142ywie aktor\u00f3w sieci. Jak narracje o przynale\u017cno\u015bci do \u015bwiata mog\u0105 zatem wspiera\u0107 nowe wizje kuratorstwa i praktyk artystycznych w instytucjach i poza nimi?&nbsp;<\/p>\n\n\n\n<p><strong>Pytania dodatkowe:&nbsp;<\/strong><\/p>\n\n\n\n<ul><li>Jakie nowe modele kuratorskie i artystyczne mog\u0105 odpowiedzie\u0107 na wyzwania zwi\u0105zane z kryzysem klimatycznym?<\/li><li>W jaki spos\u00f3b praktyki kuratorskie i instytucjonalne mog\u0105 inspirowa\u0107 si\u0119 strategiami obserwowanymi w przyrodzie?<\/li><li>Jak odkrywanie inspiracji w ekosystemach, ro\u015blinach czy zwierz\u0119tach mo\u017ce wp\u0142yn\u0105\u0107 na projektowanie kultury?<\/li><li>Jakie przyk\u0142ady kuratorstwa inspirowanego ekologi\u0105 mo\u017cna odnale\u017a\u0107 w historii i jakie jest ich \u017ar\u00f3d\u0142o?<\/li><li>Jakie formy mi\u0119dzygatunkowej wsp\u00f3\u0142pracy mog\u0105 by\u0107 eksplorowane w ramach dzia\u0142a\u0144 kuratorskich?<\/li><li>Jak sztuka i kultura mog\u0105 stawa\u0107 si\u0119 przestrzeniami refleksji i dzia\u0142ania wobec kryzysu klimatycznego?<\/li><li>W jaki spos\u00f3b osoby kuratorskie i artystyczne&nbsp; mog\u0105 budowa\u0107 dialog i wspiera\u0107 zmiany w obliczu katastrofy ekologicznej?<\/li><li>Jakie formy wsp\u00f3\u0142pracy mi\u0119dzy lud\u017ami a nieludzkimi aktorami mog\u0105 kszta\u0142towa\u0107 przysz\u0142o\u015b\u0107 kultury?<\/li><li>W jaki spos\u00f3b instytucje artystyczne mog\u0105 adaptowa\u0107 si\u0119 do zmieniaj\u0105cych si\u0119 warunk\u00f3w ekologicznych?<\/li><\/ul>\n\n\n\n<div style=\"height:20px\" aria-hidden=\"true\" class=\"wp-block-spacer\"><\/div>\n\n\n\n<p><strong>Rozmiar tekst\u00f3w: <\/strong>20-40 tys. znak\u00f3w ze spacjami.<\/p>\n\n\n\n<p><strong>Termin przesy\u0142ania abstrakt\u00f3w:<\/strong> 15.04.2025<\/p>\n\n\n\n<p><strong>Po akceptacji abstrakt\u00f3w, termin przesy\u0142ania tekst\u00f3w: <\/strong>30.06.2025<\/p>\n\n\n\n<p><strong>E-mail:<\/strong> zeszyty.artystyczne@uap.edu.pl<\/p>\n\n\n\n<p><strong>Szczeg\u00f3\u0142owe wytyczne redakcyjne dost\u0119pne pod adresem: <\/strong>http:\/\/za.uap.edu.pl\/?page_id=12<\/p>\n\n\n\n<p>\/\/\/\/\/<\/p>\n\n\n\n<h1>Curating for Planetary Balance: Curatorial <em>Strategies of Care<\/em> in the Face of Contemporary Challenges<\/h1>\n\n\n\n<p>Curating exhibitions as&nbsp; spaces for a creative response to ecological challenges is becoming a key area of reflection and experimentation in the face of the climate crisis. The rapid changes in the ecosystem necessitate&nbsp; reevaluation&nbsp; of established patterns of thinking, particularly regarding human-nonhuman relationships and our role in the environment. Growing awareness of our entanglement with the world encourages us to ask questions and take actions. We believe that narratives of belonging and new visions for the future should be created and communicated through various voices. We are dedicating the new issue of <em>Zeszyty Artystyczne<\/em> to institutional and curatorial strategies that address&nbsp; the challenges of the environmental catastrophe. Our focus is on emerging curatorial models inspired by&nbsp; ecology, dark ecology, ecofeminism, actor-network theory (ANT) and posthumanism.<\/p>\n\n\n\n<p>The issue aims&nbsp; to showcase&nbsp; strategies proposed by curators, artists, researchers and theorists that deepen&nbsp; existing theories while fostering&nbsp; new ideas. It is grounded in the belief that nature can teach us how to shape culture and that these insights can be applied &nbsp; in practice. Submissions from those observing climate change and its impact on institutions are most welcome. Our focus includes&nbsp; artistic and curatorial strategies in the context of these changes, post-humanist reflection and interspecies relationships.<\/p>\n\n\n\n<p>We aim to create a space&nbsp; for dialogue and exploration of non-obvious inspirations and metaphors drawn from plants, animals, matter and natural phenomena. These might include&nbsp; fungi, which co-create nature-culture networks and, as described by Anna Tsing, have developed strategies for survival amid&nbsp; the ruins of capitalism. Donna Haraway also describes life in a world destroyed by the ecological crisis, proposing visions of Compost Communities that \u201cstay with the trouble\u201d and rebuild relationships with the beings around them. Suspecting that we, too, may need to \u201cstay with the trouble\u201d, it is worth considering new ways of shaping culture. In the age of the climate crisis, should exhibitions be created differently? As curators navigating the contemporary art field, how can we learn from compost, lichens, fungi, wetlands, ocean tides etc.? What might ecofeminist curating look like -caring, entangled and allied with other species?<\/p>\n\n\n\n<p>The division between culture and nature is proving inadequate in the face of contemporary challenges. Particularly relevant in this context are Timothy Morton&#8217;s reflections introducing the concept of dark ecology, which encourages us to embrace&nbsp; the anxiety and discomfort arising from coexistence with the environment. Morton reminds us that we are inextricably linked to nature, including its darkest aspects. This idea aligns with Karen Barad&#8217;s concept of \u201cbeing-of-the-world\u201d or Bruno Latour&#8217;s belief in the mutual influence of network actors. How can narratives about belonging to the world support new visions of curating and artistic practices both within and beyond institutions?<\/p>\n\n\n\n<p><strong>Additional questions:<\/strong><\/p>\n\n\n\n<ul><li>What new curatorial and artistic models can address the challenges of the climate crisis?<\/li><li>How can curatorial and institutional practices draw inspiration from&nbsp; strategies observed in nature?<\/li><li>In what way can ecosystems, plants or animals influence the design of culture?<\/li><li>What examples of ecologically inspired curating can be found in history and what is their origin?<\/li><li>What forms of interspecies cooperation can be explored through curatorial activities?<\/li><li>How can art and culture serve as space for reflection and action in response to the climate crisis?<\/li><li>How can curators and artists foster&nbsp; dialogue and drive&nbsp; change in the face of ecological disaster?<\/li><li>What forms of cooperation between human and non-human actors can shape the future of culture?<\/li><li>How can art institutions adapt to changing ecological conditions?<\/li><\/ul>\n\n\n\n<p><strong>Text length: <\/strong>20,000\u201340,000 characters with spaces.<\/p>\n\n\n\n<p><strong>Deadline for abstract submissions: <\/strong>April 15, 2025<\/p>\n\n\n\n<p><strong>After acceptance of abstracts, deadline for submitting texts:<\/strong> June 30, 2025.<\/p>\n\n\n\n<p><strong>E-mail:<\/strong> zeszyty.artystyczne@uap.edu.pl<\/p>\n\n\n\n<p><strong>Detailed editorial guidelines are available at<\/strong>: http:\/\/za.uap.edu.pl\/?page_id=12<\/p>\n","protected":false},"excerpt":{"rendered":"<p>(english version below) Kuratorstwo, jako przestrze\u0144 tw\u00f3rczej odpowiedzi na wyzwania ekologiczne staje si\u0119 kluczowym polem refleksji i eksperymentu wobec kryzysu klimatycznego. Obecno\u015b\u0107 gwa\u0142townych zmian w ekosystemie tworzy potrzeb\u0119 przewarto\u015bciowania utartych schemat\u00f3w my\u015blenia, szczeg\u00f3lnie tych dotycz\u0105cych relacji ludzko-nieludzkich oraz tego w&hellip;<\/p>\n<p class=\"more-link-p\"><a class=\"more-link\" href=\"http:\/\/za.uap.edu.pl\/?page_id=2100\">Read more &rarr;<\/a><\/p>\n","protected":false},"author":3,"featured_media":0,"parent":0,"menu_order":0,"comment_status":"closed","ping_status":"closed","template":"","meta":[],"_links":{"self":[{"href":"http:\/\/za.uap.edu.pl\/index.php?rest_route=\/wp\/v2\/pages\/2100"}],"collection":[{"href":"http:\/\/za.uap.edu.pl\/index.php?rest_route=\/wp\/v2\/pages"}],"about":[{"href":"http:\/\/za.uap.edu.pl\/index.php?rest_route=\/wp\/v2\/types\/page"}],"author":[{"embeddable":true,"href":"http:\/\/za.uap.edu.pl\/index.php?rest_route=\/wp\/v2\/users\/3"}],"replies":[{"embeddable":true,"href":"http:\/\/za.uap.edu.pl\/index.php?rest_route=%2Fwp%2Fv2%2Fcomments&post=2100"}],"version-history":[{"count":4,"href":"http:\/\/za.uap.edu.pl\/index.php?rest_route=\/wp\/v2\/pages\/2100\/revisions"}],"predecessor-version":[{"id":2106,"href":"http:\/\/za.uap.edu.pl\/index.php?rest_route=\/wp\/v2\/pages\/2100\/revisions\/2106"}],"wp:attachment":[{"href":"http:\/\/za.uap.edu.pl\/index.php?rest_route=%2Fwp%2Fv2%2Fmedia&parent=2100"}],"curies":[{"name":"wp","href":"https:\/\/api.w.org\/{rel}","templated":true}]}}