{"id":2144,"date":"2025-11-29T03:48:33","date_gmt":"2025-11-29T03:48:33","guid":{"rendered":"http:\/\/za.uap.edu.pl\/?page_id=2144"},"modified":"2025-11-29T03:48:42","modified_gmt":"2025-11-29T03:48:42","slug":"47-2","status":"publish","type":"page","link":"http:\/\/za.uap.edu.pl\/?page_id=2144","title":{"rendered":"47"},"content":{"rendered":"\n<figure class=\"wp-block-image size-large is-resized\"><a href=\"http:\/\/za.uap.edu.pl\/wp-content\/uploads\/2025\/11\/47.numer_-1-scaled.jpg\"><img loading=\"lazy\" src=\"http:\/\/za.uap.edu.pl\/wp-content\/uploads\/2025\/11\/47.numer_-1-1024x683.jpg\" alt=\"\" class=\"wp-image-2163\" width=\"253\" height=\"168\" srcset=\"http:\/\/za.uap.edu.pl\/wp-content\/uploads\/2025\/11\/47.numer_-1-1024x683.jpg 1024w, http:\/\/za.uap.edu.pl\/wp-content\/uploads\/2025\/11\/47.numer_-1-300x200.jpg 300w, http:\/\/za.uap.edu.pl\/wp-content\/uploads\/2025\/11\/47.numer_-1-768x512.jpg 768w, http:\/\/za.uap.edu.pl\/wp-content\/uploads\/2025\/11\/47.numer_-1-1536x1024.jpg 1536w, http:\/\/za.uap.edu.pl\/wp-content\/uploads\/2025\/11\/47.numer_-1-2048x1365.jpg 2048w, http:\/\/za.uap.edu.pl\/wp-content\/uploads\/2025\/11\/47.numer_-1-560x373.jpg 560w, http:\/\/za.uap.edu.pl\/wp-content\/uploads\/2025\/11\/47.numer_-1-260x173.jpg 260w, http:\/\/za.uap.edu.pl\/wp-content\/uploads\/2025\/11\/47.numer_-1-160x107.jpg 160w\" sizes=\"(max-width: 253px) 100vw, 253px\" \/><\/a><figcaption> 1(47)\/2025<br>Temat numeru: <a href=\"http:\/\/za.uap.edu.pl\/wp-content\/uploads\/2025\/11\/ZA_47.pdf\" data-type=\"URL\" data-id=\"http:\/\/za.uap.edu.pl\/wp-content\/uploads\/2025\/11\/ZA_47.pdf\">Rezonanse emancypacji. Feministyczny dialog w polskiej sztuce<\/a><br>Redaktor prowadz\u0105ca: dr Karolina Rosiejka <\/figcaption><\/figure>\n\n\n\n<p><\/p>\n\n\n\n<p><strong>Wst\u0119p<\/strong><\/p>\n\n\n\n<p>Karolina Rosiejka,<em> <a href=\"http:\/\/za.uap.edu.pl\/wp-content\/uploads\/2025\/11\/ZA_47_01.pdf\" data-type=\"URL\" data-id=\"http:\/\/za.uap.edu.pl\/wp-content\/uploads\/2025\/11\/ZA_47_01.pdf\">Wyobra\u017caj\u0105c mo\u017cliwe: feminizm i kolektywno\u015b\u0107<\/a><\/em><\/p>\n\n\n\n<div style=\"height:20px\" aria-hidden=\"true\" class=\"wp-block-spacer\"><\/div>\n\n\n\n<p><strong>Artyku\u0142y naukowe (PL)<\/strong><\/p>\n\n\n\n<p>Izabela Kowalczyk, <em><a href=\"http:\/\/za.uap.edu.pl\/wp-content\/uploads\/2025\/11\/ZA_47_02.pdf\" data-type=\"URL\" data-id=\"http:\/\/za.uap.edu.pl\/wp-content\/uploads\/2025\/11\/ZA_47_02.pdf\">Pytanie o relacje mi\u0119dzy transfeminizmem a sztuk\u0105 feministyczn\u0105 <\/a><\/em><\/p>\n\n\n\n<p>Gabi Skrzypczak, <em><a href=\"http:\/\/za.uap.edu.pl\/wp-content\/uploads\/2025\/11\/ZA_47_03.pdf\" data-type=\"URL\" data-id=\"http:\/\/za.uap.edu.pl\/wp-content\/uploads\/2025\/11\/ZA_47_03.pdf\">Feminizm queerowy czy lesbijski? Lesbijskie wystawy w Polsce po 2010 roku <\/a><\/em><\/p>\n\n\n\n<p>Magdalena Furmaniuk, <em><a href=\"http:\/\/za.uap.edu.pl\/wp-content\/uploads\/2025\/11\/ZA_47_04.pdf\" data-type=\"URL\" data-id=\"http:\/\/za.uap.edu.pl\/wp-content\/uploads\/2025\/11\/ZA_47_04.pdf\">Dialog obiekt\u00f3w tekstylnych i nowego materializmu. Nowe narracje kobieco\u015bci we wsp\u00f3\u0142czesnych obiektach tekstylnych <\/a><\/em><\/p>\n\n\n\n<p>Joanna Pankau, <em><a href=\"http:\/\/za.uap.edu.pl\/wp-content\/uploads\/2025\/11\/ZA_47_05.pdf\" data-type=\"URL\" data-id=\"http:\/\/za.uap.edu.pl\/wp-content\/uploads\/2025\/11\/ZA_47_05.pdf\">Komiksowe herstorie: kr\u00f3tka historia kobiecego g\u0142osu w polskiej sztuce komiksowej <\/a><\/em><\/p>\n\n\n\n<p>Dagmara Rode, <em><a href=\"http:\/\/za.uap.edu.pl\/wp-content\/uploads\/2025\/11\/ZA_47_06.pdf\" data-type=\"URL\" data-id=\"http:\/\/za.uap.edu.pl\/wp-content\/uploads\/2025\/11\/ZA_47_06.pdf\">#sprzeciwpolek: animacja dla (prawa do) aborcji<\/a><\/em><\/p>\n\n\n\n<div style=\"height:20px\" aria-hidden=\"true\" class=\"wp-block-spacer\"><\/div>\n\n\n\n<p><strong>Artyku\u0142y naukowe (EN)<\/strong><\/p>\n\n\n\n<p>Natalia Kalicki, <a href=\"http:\/\/za.uap.edu.pl\/wp-content\/uploads\/2025\/11\/ZA_47_07.pdf\" data-type=\"URL\" data-id=\"http:\/\/za.uap.edu.pl\/wp-content\/uploads\/2025\/11\/ZA_47_07.pdf\"><em>Intimate Knowledge: Emerging Critical Positions at the Artistic Peripheries<\/em>\u00a0 <\/a><\/p>\n\n\n\n<div style=\"height:20px\" aria-hidden=\"true\" class=\"wp-block-spacer\"><\/div>\n\n\n\n<p><strong>Praca konkursowa<\/strong><\/p>\n\n\n\n<p>Maria Grzybowska, <a href=\"http:\/\/za.uap.edu.pl\/wp-content\/uploads\/2025\/11\/ZA_47_08.pdf\" data-type=\"URL\" data-id=\"http:\/\/za.uap.edu.pl\/wp-content\/uploads\/2025\/11\/ZA_47_08.pdf\"><em>Kompost jako inspiracja dla praktyk kuratorskich<\/em><strong> <\/strong>\u00a0<\/a><\/p>\n\n\n\n<div style=\"height:20px\" aria-hidden=\"true\" class=\"wp-block-spacer\"><\/div>\n\n\n\n<p><strong>Recenzje i om\u00f3wienia<\/strong><\/p>\n\n\n\n<p>\u0141ukasz Rozmarynowski, <a href=\"http:\/\/za.uap.edu.pl\/wp-content\/uploads\/2025\/11\/ZA_47_09.pdf\" data-type=\"URL\" data-id=\"http:\/\/za.uap.edu.pl\/wp-content\/uploads\/2025\/11\/ZA_47_09.pdf\"><em>Relacyjno\u015b\u0107 wyzwolona. O wystawie<\/em> <em>Chcemy ca\u0142ego \u017cycia. Feminizmy w sztuce polskiej <\/em><\/a><\/p>\n\n\n\n<p>Karolina Rosiejka,<strong> <\/strong><em><a href=\"http:\/\/za.uap.edu.pl\/wp-content\/uploads\/2025\/11\/ZA_47_10.pdf\" data-type=\"URL\" data-id=\"http:\/\/za.uap.edu.pl\/wp-content\/uploads\/2025\/11\/ZA_47_10.pdf\">Recenzja ksi\u0105\u017cki Chcemy ca\u0142ego \u017cycia. Feminizmy w sztuce polskiej\u00a0<\/a><\/em><\/p>\n\n\n\n<p>Post Brothers, <em><a href=\"http:\/\/za.uap.edu.pl\/wp-content\/uploads\/2025\/11\/ZA_47_11.pdf\" data-type=\"URL\" data-id=\"http:\/\/za.uap.edu.pl\/wp-content\/uploads\/2025\/11\/ZA_47_11.pdf\">Yellow Coal<\/a><\/em><\/p>\n\n\n\n<div style=\"height:20px\" aria-hidden=\"true\" class=\"wp-block-spacer\"><\/div>\n\n\n\n<p><strong>In memoriam<\/strong><\/p>\n\n\n\n<p>Tomasz Bukowski, <em><a href=\"http:\/\/za.uap.edu.pl\/wp-content\/uploads\/2025\/11\/ZA_47_12.pdf\" data-type=\"URL\" data-id=\"http:\/\/za.uap.edu.pl\/wp-content\/uploads\/2025\/11\/ZA_47_12.pdf\">Wspomnienia. Jan \u015awitka (1939-2024)<\/a><\/em><\/p>\n\n\n\n<div style=\"height:20px\" aria-hidden=\"true\" class=\"wp-block-spacer\"><\/div>\n\n\n\n<p><strong><a href=\"http:\/\/za.uap.edu.pl\/wp-content\/uploads\/2025\/11\/ZA_47_13.pdf\" data-type=\"URL\" data-id=\"http:\/\/za.uap.edu.pl\/wp-content\/uploads\/2025\/11\/ZA_47_13.pdf\">Kronika\u00a0<\/a><\/strong><\/p>\n\n\n\n<p><strong><a href=\"http:\/\/za.uap.edu.pl\/wp-content\/uploads\/2025\/11\/ZA_47_14.pdf\" data-type=\"URL\" data-id=\"http:\/\/za.uap.edu.pl\/wp-content\/uploads\/2025\/11\/ZA_47_14.pdf\">Kalendarium\u00a0<\/a><\/strong><\/p>\n\n\n\n<p><\/p>\n","protected":false},"excerpt":{"rendered":"<p>Wst\u0119p Karolina Rosiejka, Wyobra\u017caj\u0105c mo\u017cliwe: feminizm i kolektywno\u015b\u0107 Artyku\u0142y naukowe (PL) Izabela Kowalczyk, Pytanie o relacje mi\u0119dzy transfeminizmem a sztuk\u0105 feministyczn\u0105 Gabi Skrzypczak, Feminizm queerowy czy lesbijski? Lesbijskie wystawy w Polsce po 2010 roku Magdalena Furmaniuk, Dialog obiekt\u00f3w tekstylnych i&hellip;<\/p>\n<p class=\"more-link-p\"><a class=\"more-link\" href=\"http:\/\/za.uap.edu.pl\/?page_id=2144\">Read more &rarr;<\/a><\/p>\n","protected":false},"author":3,"featured_media":0,"parent":0,"menu_order":0,"comment_status":"closed","ping_status":"closed","template":"","meta":[],"_links":{"self":[{"href":"http:\/\/za.uap.edu.pl\/index.php?rest_route=\/wp\/v2\/pages\/2144"}],"collection":[{"href":"http:\/\/za.uap.edu.pl\/index.php?rest_route=\/wp\/v2\/pages"}],"about":[{"href":"http:\/\/za.uap.edu.pl\/index.php?rest_route=\/wp\/v2\/types\/page"}],"author":[{"embeddable":true,"href":"http:\/\/za.uap.edu.pl\/index.php?rest_route=\/wp\/v2\/users\/3"}],"replies":[{"embeddable":true,"href":"http:\/\/za.uap.edu.pl\/index.php?rest_route=%2Fwp%2Fv2%2Fcomments&post=2144"}],"version-history":[{"count":5,"href":"http:\/\/za.uap.edu.pl\/index.php?rest_route=\/wp\/v2\/pages\/2144\/revisions"}],"predecessor-version":[{"id":2166,"href":"http:\/\/za.uap.edu.pl\/index.php?rest_route=\/wp\/v2\/pages\/2144\/revisions\/2166"}],"wp:attachment":[{"href":"http:\/\/za.uap.edu.pl\/index.php?rest_route=%2Fwp%2Fv2%2Fmedia&parent=2144"}],"curies":[{"name":"wp","href":"https:\/\/api.w.org\/{rel}","templated":true}]}}