{"id":2168,"date":"2025-12-22T16:25:09","date_gmt":"2025-12-22T16:25:09","guid":{"rendered":"https:\/\/za.uap.edu.pl\/?page_id=2168"},"modified":"2025-12-23T09:57:45","modified_gmt":"2025-12-23T09:57:45","slug":"48-2","status":"publish","type":"page","link":"http:\/\/za.uap.edu.pl\/?page_id=2168","title":{"rendered":"48"},"content":{"rendered":"\n<figure class=\"wp-block-image size-large is-resized\"><a href=\"https:\/\/za.uap.edu.pl\/wp-content\/uploads\/2025\/12\/mockup_48-scaled.jpg\"><img loading=\"lazy\" src=\"https:\/\/za.uap.edu.pl\/wp-content\/uploads\/2025\/12\/mockup_48-1024x683.jpg\" alt=\"\" class=\"wp-image-2169\" width=\"225\" height=\"150\" srcset=\"http:\/\/za.uap.edu.pl\/wp-content\/uploads\/2025\/12\/mockup_48-1024x683.jpg 1024w, http:\/\/za.uap.edu.pl\/wp-content\/uploads\/2025\/12\/mockup_48-300x200.jpg 300w, http:\/\/za.uap.edu.pl\/wp-content\/uploads\/2025\/12\/mockup_48-768x512.jpg 768w, http:\/\/za.uap.edu.pl\/wp-content\/uploads\/2025\/12\/mockup_48-1536x1024.jpg 1536w, http:\/\/za.uap.edu.pl\/wp-content\/uploads\/2025\/12\/mockup_48-2048x1365.jpg 2048w, http:\/\/za.uap.edu.pl\/wp-content\/uploads\/2025\/12\/mockup_48-560x373.jpg 560w, http:\/\/za.uap.edu.pl\/wp-content\/uploads\/2025\/12\/mockup_48-260x173.jpg 260w, http:\/\/za.uap.edu.pl\/wp-content\/uploads\/2025\/12\/mockup_48-160x107.jpg 160w\" sizes=\"(max-width: 225px) 100vw, 225px\" \/><\/a><figcaption>2(48)\/2025<br>Temat numeru: <a href=\"http:\/\/za.uap.edu.pl\/wp-content\/uploads\/2025\/12\/ZA_48.pdf\" data-type=\"URL\">Kuratorstwo dla planetarnej r\u00f3wnowagi: troskliwe strategie kuratorskie wobec wyzwa\u0144 wsp\u00f3\u0142czesno\u015bci<\/a><br>Redaktorki prowadz\u0105ce: prof. Marta Smoli\u0144ska, mgr Maria Blanka Grzybowska<\/figcaption><\/figure>\n\n\n\n<div style=\"height:20px\" aria-hidden=\"true\" class=\"wp-block-spacer\"><\/div>\n\n\n\n<p> <strong>Wst\u0119p<\/strong> <\/p>\n\n\n\n<p>Maria Blanka Grzybowska, Marta Smoli\u0144ska, <em><a href=\"http:\/\/za.uap.edu.pl\/wp-content\/uploads\/2025\/12\/ZA_48-1.pdf\">Troskliwe praktyki kuratorskie. Wprowadzenie<\/a><\/em><\/p>\n\n\n\n<div style=\"height:20px\" aria-hidden=\"true\" class=\"wp-block-spacer\"><\/div>\n\n\n\n<p><strong>Artyku\u0142y naukowe<\/strong><\/p>\n\n\n\n<p>Ewa W\u00f3jtowicz, <em><a href=\"http:\/\/za.uap.edu.pl\/wp-content\/uploads\/2025\/12\/ZA_48-2.pdf\">Troska o Ziemi\u0119 w koncepcjach kuratorskich Bruno Latoura: Critical Zones i Biennale w Tajpej<\/a><\/em><\/p>\n\n\n\n<p>Nat Paterson, <em><a href=\"http:\/\/za.uap.edu.pl\/wp-content\/uploads\/2025\/12\/ZA_48-3.pdf\" data-type=\"URL\" data-id=\"http:\/\/za.uap.edu.pl\/wp-content\/uploads\/2025\/12\/ZA_48-3.pdf\">Dreaming of Interspecies Community: The Mus\u00e9e d\u2019Orsay\u2019s Re-imagining of its Collections in Les arpenteurs des r\u00eaves and Pompon, Pompon<\/a><\/em><\/p>\n\n\n\n<p>Jos\u00e9 Imanol Basurto Lucio, David Gutierrez Casta\u00f1eda, Ivett Pe\u00f1a-Azcona and Fernando Lomel\u00ed Bravo, <em><a href=\"http:\/\/za.uap.edu.pl\/wp-content\/uploads\/2025\/12\/ZA_48-4.pdf\">Intuiciones Ambientales, towards a worldly knowledge making between situated agroecological and artistic practices<\/a><\/em><\/p>\n\n\n\n<p>Ewa Sobczyk, <a href=\"http:\/\/za.uap.edu.pl\/wp-content\/uploads\/2025\/12\/ZA_48-5.pdf\"><em>Podsk\u00f3rnie. Zakorzenione. Wi\u0119zi<\/em>i. <em>O sztuce wsp\u00f3\u0142<\/em><\/a><em><a href=\"http:\/\/za.uap.edu.pl\/wp-content\/uploads\/2025\/12\/ZA_48-5.pdf\" data-type=\"URL\" data-id=\"http:\/\/za.uap.edu.pl\/wp-content\/uploads\/2025\/12\/ZA_48-5.pdf\">Istnienia w tw\u00f3rczo\u015bci Marii Kubit i Magdaleny Ruci\u0144skiej&nbsp;<\/a><\/em><\/p>\n\n\n\n<p>Aleksandra Wewior, <em><a href=\"http:\/\/za.uap.edu.pl\/wp-content\/uploads\/2025\/12\/ZA_48-6.pdf\">W spl\u0105taniu z chwastami. Mi\u0119dzygatunkowa relacyjno\u015b\u0107 w praktyce artystycznej Liliany Zeic<\/a><\/em><\/p>\n\n\n\n<p>Elena Righini, <em><a href=\"http:\/\/za.uap.edu.pl\/wp-content\/uploads\/2025\/12\/ZA_48-7.pdf\">Sustainable Curating: The Exhibition as Ecosystem<\/a><\/em><\/p>\n\n\n\n<p>El\u017cbieta Kowalska, <em><a href=\"http:\/\/za.uap.edu.pl\/wp-content\/uploads\/2025\/12\/ZA_48-8.pdf\">Mo\u017cliwe s\u0105 inne \u015bwiaty. Rodzaje troski i nadziei w sztuce dekolonialnej Adeli Goldbard<\/a><\/em><\/p>\n\n\n\n<p>Mateusz Nowacki, <em><a href=\"http:\/\/za.uap.edu.pl\/wp-content\/uploads\/2025\/12\/ZA_48-9.pdf\" data-type=\"URL\" data-id=\"http:\/\/za.uap.edu.pl\/wp-content\/uploads\/2025\/12\/ZA_48-9.pdf\">Praktyki uwsp\u00f3lniania miejskich nieu\u017cytk\u00f3w w dzia\u0142aniach ekokulturowych. Przyk\u0142ad Lotary\u0144skiej 6: Mikro Domu Kultury<\/a><\/em><\/p>\n\n\n\n<p>Friederike Nastold, <em><a href=\"http:\/\/za.uap.edu.pl\/wp-content\/uploads\/2025\/12\/ZA_48-10.pdf\" data-type=\"URL\" data-id=\"http:\/\/za.uap.edu.pl\/wp-content\/uploads\/2025\/12\/ZA_48-10.pdf\">Planetary Interdependencies. Between Mourning, Caring, and Repairing\u2014Curatorial Strategies of Care for a Changing Planet<\/a><\/em><\/p>\n\n\n\n<p>Wanda Janakiewicz, <em><a href=\"http:\/\/za.uap.edu.pl\/wp-content\/uploads\/2025\/12\/ZA_48-11.pdf\" data-type=\"URL\" data-id=\"http:\/\/za.uap.edu.pl\/wp-content\/uploads\/2025\/12\/ZA_48-11.pdf\">[Troskliwe] strategie kuratorskie wobec wyzwa\u0144 klimatycznych na przyk\u0142adzie Muzeum Sztuki w \u0141odzi<\/a><\/em><\/p>\n\n\n\n<div style=\"height:20px\" aria-hidden=\"true\" class=\"wp-block-spacer\"><\/div>\n\n\n\n<p><strong>Doktorat honoris causa &#8211; Ewa Partum<\/strong><\/p>\n\n\n\n<p>Marta Smoli\u0144ska, <em><a href=\"http:\/\/za.uap.edu.pl\/wp-content\/uploads\/2025\/12\/ZA_48-12.pdf\" data-type=\"URL\" data-id=\"http:\/\/za.uap.edu.pl\/wp-content\/uploads\/2025\/12\/ZA_48-12.pdf\">Laudacja <\/a><\/em><\/p>\n\n\n\n<p>Iwona Demko, <em><a href=\"http:\/\/za.uap.edu.pl\/wp-content\/uploads\/2025\/12\/ZA_48-13.pdf\" data-type=\"URL\" data-id=\"http:\/\/za.uap.edu.pl\/wp-content\/uploads\/2025\/12\/ZA_48-13.pdf\">Czy m\u00f3j problem jest nadal problemem kobiety?<\/a><\/em><\/p>\n\n\n\n<p><a href=\"http:\/\/za.uap.edu.pl\/wp-content\/uploads\/2025\/12\/ZA_48-14.pdf\" data-type=\"URL\" data-id=\"http:\/\/za.uap.edu.pl\/wp-content\/uploads\/2025\/12\/ZA_48-14.pdf\">Izabela Kowalczyk <\/a><\/p>\n\n\n\n<p><a href=\"http:\/\/za.uap.edu.pl\/wp-content\/uploads\/2025\/12\/ZA_48-15.pdf\">Urszula \u015alusarczyk <\/a><\/p>\n\n\n\n<p>Ewa Partum, <em><a href=\"http:\/\/za.uap.edu.pl\/wp-content\/uploads\/2025\/12\/ZA_48-16.pdf\">Wyk\u0142ad z okazji nadania tytu\u0142u doktory honoris causa<\/a><\/em><\/p>\n\n\n\n<div style=\"height:20px\" aria-hidden=\"true\" class=\"wp-block-spacer\"><\/div>\n\n\n\n<p><strong>In memoriam<\/strong><\/p>\n\n\n\n<p>Krzysztof Kochnowicz, <em><a href=\"http:\/\/za.uap.edu.pl\/wp-content\/uploads\/2025\/12\/ZA_48-17.pdf\">Grzegorz Marsza\u0142ek (1946-2025)<\/a><\/em><\/p>\n\n\n\n<p>Wies\u0142aw Koronowski, <em><a href=\"http:\/\/za.uap.edu.pl\/wp-content\/uploads\/2025\/12\/ZA_48-18.pdf\">Norbert Sarnecki (1974-2025)<\/a><\/em><br><\/p>\n\n\n\n<div style=\"height:20px\" aria-hidden=\"true\" class=\"wp-block-spacer\"><\/div>\n\n\n\n<p><strong>Recenzje i om\u00f3wienia<\/strong><\/p>\n\n\n\n<p>Justyna Ryczek, <em><a href=\"http:\/\/za.uap.edu.pl\/wp-content\/uploads\/2025\/12\/ZA_48-19.pdf\" data-type=\"URL\" data-id=\"http:\/\/za.uap.edu.pl\/wp-content\/uploads\/2025\/12\/ZA_48-19.pdf\">Artystyczne opowie\u015bci wok\u00f3\u0142 przemian, m\u0119sko\u015bci, w\u0142adzy i architektury. Drwal. Historie o m\u0119sko\u015bci<\/a><\/em><\/p>\n\n\n\n<p>Maria Grzybowska, <em><a href=\"http:\/\/za.uap.edu.pl\/wp-content\/uploads\/2025\/12\/ZA_48-20.pdf\" data-type=\"URL\" data-id=\"http:\/\/za.uap.edu.pl\/wp-content\/uploads\/2025\/12\/ZA_48-20.pdf\">O wystawie Jestota Zapoznana (Herbarium Novum II)<\/a><\/em><\/p>\n\n\n\n<div style=\"height:20px\" aria-hidden=\"true\" class=\"wp-block-spacer\"><\/div>\n\n\n\n<p><strong><a href=\"http:\/\/za.uap.edu.pl\/wp-content\/uploads\/2025\/12\/ZA_48-21.pdf\" data-type=\"URL\" data-id=\"http:\/\/za.uap.edu.pl\/wp-content\/uploads\/2025\/12\/ZA_48-21.pdf\">Kronika<\/a><\/strong><\/p>\n\n\n\n<p><strong><a href=\"http:\/\/za.uap.edu.pl\/wp-content\/uploads\/2025\/12\/ZA_48-22.pdf\" data-type=\"URL\" data-id=\"http:\/\/za.uap.edu.pl\/wp-content\/uploads\/2025\/12\/ZA_48-22.pdf\">Kalendarium<\/a><\/strong><\/p>\n","protected":false},"excerpt":{"rendered":"<p>Wst\u0119p Maria Blanka Grzybowska, Marta Smoli\u0144ska, Troskliwe praktyki kuratorskie. Wprowadzenie Artyku\u0142y naukowe Ewa W\u00f3jtowicz, Troska o Ziemi\u0119 w koncepcjach kuratorskich Bruno Latoura: Critical Zones i Biennale w Tajpej Nat Paterson, Dreaming of Interspecies Community: The Mus\u00e9e d\u2019Orsay\u2019s Re-imagining of its&hellip;<\/p>\n<p class=\"more-link-p\"><a class=\"more-link\" href=\"http:\/\/za.uap.edu.pl\/?page_id=2168\">Read more &rarr;<\/a><\/p>\n","protected":false},"author":3,"featured_media":0,"parent":0,"menu_order":0,"comment_status":"closed","ping_status":"closed","template":"","meta":[],"_links":{"self":[{"href":"http:\/\/za.uap.edu.pl\/index.php?rest_route=\/wp\/v2\/pages\/2168"}],"collection":[{"href":"http:\/\/za.uap.edu.pl\/index.php?rest_route=\/wp\/v2\/pages"}],"about":[{"href":"http:\/\/za.uap.edu.pl\/index.php?rest_route=\/wp\/v2\/types\/page"}],"author":[{"embeddable":true,"href":"http:\/\/za.uap.edu.pl\/index.php?rest_route=\/wp\/v2\/users\/3"}],"replies":[{"embeddable":true,"href":"http:\/\/za.uap.edu.pl\/index.php?rest_route=%2Fwp%2Fv2%2Fcomments&post=2168"}],"version-history":[{"count":7,"href":"http:\/\/za.uap.edu.pl\/index.php?rest_route=\/wp\/v2\/pages\/2168\/revisions"}],"predecessor-version":[{"id":2225,"href":"http:\/\/za.uap.edu.pl\/index.php?rest_route=\/wp\/v2\/pages\/2168\/revisions\/2225"}],"wp:attachment":[{"href":"http:\/\/za.uap.edu.pl\/index.php?rest_route=%2Fwp%2Fv2%2Fmedia&parent=2168"}],"curies":[{"name":"wp","href":"https:\/\/api.w.org\/{rel}","templated":true}]}}