{"id":220,"date":"2016-10-02T10:41:59","date_gmt":"2016-10-02T10:41:59","guid":{"rendered":"http:\/\/za.uap.edu.pl\/?page_id=220"},"modified":"2025-05-09T19:23:44","modified_gmt":"2025-05-09T19:23:44","slug":"about","status":"publish","type":"page","link":"http:\/\/za.uap.edu.pl\/?page_id=220","title":{"rendered":"About"},"content":{"rendered":"\n<div style=\"height:36px\" aria-hidden=\"true\" class=\"wp-block-spacer\"><\/div>\n\n\n<p><span style=\"font-weight: 400;\">\u201cZeszyty Artystyczne\u201d (transl. as \u201cArt Notebooks\u201d) is an academic peer-reviewed journal focusing on the broad perspective of issues regarding visual arts, humanities and art education. This journal, published by the Faculty of Art Education and Curatorial Studies, Magdalena Abakanowicz University of the Arts in Pozna\u0144, Poland, uniquely combines scholarly analysis and critical artistic methods of creating and writing. It has been published since 1983, being the only academic and artistic journal with such a long tradition in Poland. The referential version is the paper edition, which is published twice a year.\u00a0<\/span><\/p>\n<p><span style=\"font-weight: 400;\">ISSN: 1232-6682\u00a0<\/span><\/p>\n<p><b>History and Overview<\/b><\/p>\n<p><span style=\"font-weight: 400;\">The journal \u201cZeszyty Artystyczne\u201d was founded in 1983 and the founding editor was the artist Jan Berdyszak. Among the editorial committee at the time were: Grzegorz Dziamski, Rafa\u0142 Grupi\u0144ski, Alicja K\u0119pi\u0144ska, Jaros\u0142aw Koz\u0142owski, Andrzej Kurzawski, Wojciech M\u00fcller. Afterwards, for numerous years the editor-in-chief was Marek Wasilewski, then, since 2014\u00a0 &#8211; Justyna Ryczek. From April 2024 the editor-in-chief is Ewa W\u00f3jtowicz.<\/span><\/p>\n<p><span style=\"font-weight: 400;\">The editorial team is based in Poland and Germany and affiliated to the Faculty of Art Education and Curatorial Studies at Magdalena Abakanowicz University of Arts in Pozna\u0144, Poland.<\/span><\/p>\n<p><span style=\"font-weight: 400;\">The editorial team:<\/span><\/p>\n<ul>\n<li style=\"font-weight: 400;\" aria-level=\"1\"><span style=\"font-weight: 400;\">dr hab. Ewa W\u00f3jtowicz, prof. nadzw. UAP.\u00a0<\/span><\/li>\n<li style=\"font-weight: 400;\" aria-level=\"1\"><span style=\"font-weight: 400;\">dr Magdalena Kleszy\u0144ska, ad.\u00a0<\/span><\/li>\n<\/ul>\n<ul>\n<li style=\"font-weight: 400;\" aria-level=\"1\"><span style=\"font-weight: 400;\">dr hab. Izabela Kowalczyk, prof. nadzw. UAP.<\/span><\/li>\n<li style=\"font-weight: 400;\" aria-level=\"1\"><span style=\"font-weight: 400;\">dr Justyna Ryczek, ad.\u00a0<\/span><\/li>\n<li style=\"font-weight: 400;\" aria-level=\"1\"><span style=\"font-weight: 400;\">prof. dr hab. Marta Smoli\u0144ska.<\/span><\/li>\n<li style=\"font-weight: 400;\" aria-level=\"1\"><span style=\"font-weight: 400;\">Secretary: dr Karolina Rosiejka, ad.\u00a0<\/span><\/li>\n<\/ul>\n<p><span style=\"font-weight: 400;\">Advisory Board:<\/span><\/p>\n<ul>\n<li>prof. Izabella Gustowska, Uniwersytet Artystyczny im. Magdaleny Abakanowicz w Poznaniu, Poland<\/li>\n<li>prof. Marek Krajewski, Uniwersytet im. A. Mickiewicza w Poznaniu, Poland<\/li>\n<li>doc. M\u00e1ria Ori\u0161kov\u00e1, dr fil., Trnavsk\u00e1 Univerzita w Trnave, Slovakia<\/li>\n<li>doc. J\u00f6rg Scheller, dr fil., Z\u00fcrcher Hochschule der K\u00fcnste (ZHdK), Switzerland<\/li>\n<li>prof. Mi\u0161ko \u0160uvakovi\u0107, Singidunum University, Belgrade, Serbia<\/li>\n<li>prof. dr Sabeth Buchmann, Akademie der bildenden K\u00fcnste Wien, Institut f\u00fcr Kunst und Kulturwissenschaft, Austria<\/li>\n<li>prof. Burcu Dogramaci, LMU, Monachium, Germany<\/li>\n<\/ul>\n<p><span style=\"font-weight: 400;\">First editions were designed by Grzegorz Marsza\u0142ek, then, between 2003 and 2016 the graphic layout has been designed by Miros\u0142aw Paw\u0142owski. The issues from 29th to 45th were designed and typesetted by Bartosz Mamak. From the 46. issue the graphic designer is Mateusz Janik.<\/span><\/p>\n<p><span style=\"font-weight: 400;\">The founders of \u201cZeszyty Artystyczne\u201d noticed a need for a cross-disciplinary journal that is a forum and means of communication between artists, theorists and cultural workers from Pozna\u0144, Polish academia, and beyond. The journal has been published by the leading academic institution in the field of artistic education in Poland, despite changing its name, accordingly, from the PWSSP to Academy of Fine Arts in Pozna\u0144 (ASP) in 1996 and finally to the Magdalena Abakanowicz University of the Arts in Pozna\u0144 (UAP) in 2010. From 2016 the journal is published by the Faculty of Artistic Education and Curatorial Studies.<\/span><\/p>\n<p><span style=\"font-weight: 400;\">Selected issues of \u201cZeszyty Artystyczne\u201d are bilingual, with articles published in Polish and translated to English. This was possible due to the grants received from the Ministry of Science and Higher Education (2018-2019) and the Ministry of Education and Science (2022-2023). Apart from the grants, the journal publishes abstracts in English, as well as titles of articles and keywords.<\/span><\/p>\n<p><span style=\"font-weight: 400;\">The published articles are available to readers as free pdf files without any subscription or fees. The editorial team is currently working on adjusting the pdf files to meet\u00a0 WCAG 2.1 criteria in full scope<\/span><span style=\"font-weight: 400;\">. Also, the archive of the journal has been digitized as a part of the project supported by one of the grants, aimed at the development of scholarly journals, therefore the electronic backup is secured by the University.<\/span><\/p>\n<p><span style=\"font-weight: 400;\">So far the numerous monographic editions of \u201cZeszyty Artystyczne\u201d covered such topics as:<\/span><\/p>\n<ul>\n<li style=\"font-weight: 400;\" aria-level=\"1\"><span style=\"font-weight: 400;\">Confabulations of memory \u2013 the legacy of Stefan Wojnecki,<\/span><\/li>\n<li style=\"font-weight: 400;\" aria-level=\"1\"><span style=\"font-weight: 400;\">Textile Art. In the face of contemporary times,\u00a0<\/span><\/li>\n<li style=\"font-weight: 400;\" aria-level=\"1\"><span style=\"font-weight: 400;\">Mysteries \u2013 Rituals \u2013 Performances. The aesthetic dimension,<\/span><\/li>\n<li style=\"font-weight: 400;\" aria-level=\"1\"><span style=\"font-weight: 400;\">Sound in non-musical artistic activities,<\/span><\/li>\n<li style=\"font-weight: 400;\" aria-level=\"1\"><span style=\"font-weight: 400;\">Polish school of poster \u2013 genesis, clashes, continuation,<\/span><\/li>\n<li style=\"font-weight: 400;\" aria-level=\"1\"><span style=\"font-weight: 400;\">Art in the face of the world,<\/span><\/li>\n<li style=\"font-weight: 400;\" aria-level=\"1\"><span style=\"font-weight: 400;\">Centers and peripheries \u2013 geographical idiom in audiovisual arts,<\/span><\/li>\n<li style=\"font-weight: 400;\" aria-level=\"1\"><span style=\"font-weight: 400;\">Curatorial strategies,<\/span><\/li>\n<li style=\"font-weight: 400;\" aria-level=\"1\"><span style=\"font-weight: 400;\">Museum education,<\/span><\/li>\n<li style=\"font-weight: 400;\" aria-level=\"1\"><span style=\"font-weight: 400;\">Art and philosophy: #now,<\/span><\/li>\n<li style=\"font-weight: 400;\" aria-level=\"1\"><span style=\"font-weight: 400;\">Context \/ Contextualism. Between theory and practice,<\/span><\/li>\n<li style=\"font-weight: 400;\" aria-level=\"1\"><span style=\"font-weight: 400;\">Illegibility,<\/span><\/li>\n<li style=\"font-weight: 400;\" aria-level=\"1\"><span style=\"font-weight: 400;\">Educational potential of photography,<\/span><\/li>\n<li style=\"font-weight: 400;\" aria-level=\"1\"><span style=\"font-weight: 400;\">Ritual and correspondence of arts,<\/span><\/li>\n<li style=\"font-weight: 400;\" aria-level=\"1\"><span style=\"font-weight: 400;\">Education in the context of neoliberal policy of profitability,<\/span><\/li>\n<li style=\"font-weight: 400;\" aria-level=\"1\"><span style=\"font-weight: 400;\">On the verge of art and psychology,<\/span><\/li>\n<li style=\"font-weight: 400;\" aria-level=\"1\"><span style=\"font-weight: 400;\">Axiological boundaries of art,<\/span><\/li>\n<li style=\"font-weight: 400;\" aria-level=\"1\"><span style=\"font-weight: 400;\">Impossible\/Possible. Fiction in artistic creation,<\/span><\/li>\n<li style=\"font-weight: 400;\" aria-level=\"1\"><span style=\"font-weight: 400;\">Visual literacy,<\/span><\/li>\n<li style=\"font-weight: 400;\" aria-level=\"1\"><span style=\"font-weight: 400;\">Design \u2013 between art and science,<\/span><\/li>\n<li style=\"font-weight: 400;\" aria-level=\"1\"><span style=\"font-weight: 400;\">New media art and its cultural contexts.<\/span><\/li>\n<\/ul>\n<p><span style=\"font-weight: 400;\">While most of the authors are affiliated in Poland, the geographical diversity of authors contributing to \u201cZeszyty Artystyczne\u201d includes Belarus, Canada, Costa Rica, France, Germany, Great Britain, India, Japan,\u00a0 Lithuania, The Netherlands, Portugal, Serbia.<\/span><\/p>\n<p><b>Mission and Statement<\/b><\/p>\n<p><span style=\"font-weight: 400;\">Since 1983, \u201cZeszyty Artystyczne\u201d has aimed to be a leading artistic and scholarly journal in the scope of reflection upon art within Polish academia. The key research issues are sought from the intersection of arts and humanities, with an emphasis on art education and examining creative activity in the local, national and international art scenes. Each issue is monographic and is edited by a commissioning editor. This approach results in a broad discussion and fosters a multidimensional, collaborative overview of the chosen topics. In order to document the artistic life around Magdalena Abakanowicz University of the Arts in Pozna\u0144, every issue of \u201cZeszyty Artystyczne\u201d contains reviews of books and exhibitions, and a list of current exhibitions in galleries connected to the University.<\/span><\/p>\n<p><span style=\"font-weight: 400;\">After many years, \u201cZeszyty Artystyczne\u201d still continues to identify new paths in the interdisciplinary discourse, thus creating opportunities for a fruitful exchange of ideas between practitioners in the field of arts and humanities.<\/span><\/p>\n\n\n<div style=\"height:22px\" aria-hidden=\"true\" class=\"wp-block-spacer\"><\/div>\n","protected":false},"excerpt":{"rendered":"<p>\u201cZeszyty Artystyczne\u201d (transl. as \u201cArt Notebooks\u201d) is an academic peer-reviewed journal focusing on the broad perspective of issues regarding visual arts, humanities and art education. This journal, published by the Faculty of Art Education and Curatorial Studies, Magdalena Abakanowicz University&hellip;<\/p>\n<p class=\"more-link-p\"><a class=\"more-link\" href=\"http:\/\/za.uap.edu.pl\/?page_id=220\">Read more &rarr;<\/a><\/p>\n","protected":false},"author":3,"featured_media":0,"parent":0,"menu_order":0,"comment_status":"closed","ping_status":"closed","template":"","meta":[],"_links":{"self":[{"href":"http:\/\/za.uap.edu.pl\/index.php?rest_route=\/wp\/v2\/pages\/220"}],"collection":[{"href":"http:\/\/za.uap.edu.pl\/index.php?rest_route=\/wp\/v2\/pages"}],"about":[{"href":"http:\/\/za.uap.edu.pl\/index.php?rest_route=\/wp\/v2\/types\/page"}],"author":[{"embeddable":true,"href":"http:\/\/za.uap.edu.pl\/index.php?rest_route=\/wp\/v2\/users\/3"}],"replies":[{"embeddable":true,"href":"http:\/\/za.uap.edu.pl\/index.php?rest_route=%2Fwp%2Fv2%2Fcomments&post=220"}],"version-history":[{"count":20,"href":"http:\/\/za.uap.edu.pl\/index.php?rest_route=\/wp\/v2\/pages\/220\/revisions"}],"predecessor-version":[{"id":2128,"href":"http:\/\/za.uap.edu.pl\/index.php?rest_route=\/wp\/v2\/pages\/220\/revisions\/2128"}],"wp:attachment":[{"href":"http:\/\/za.uap.edu.pl\/index.php?rest_route=%2Fwp%2Fv2%2Fmedia&parent=220"}],"curies":[{"name":"wp","href":"https:\/\/api.w.org\/{rel}","templated":true}]}}