{"id":347,"date":"2017-02-24T15:50:40","date_gmt":"2017-02-24T15:50:40","guid":{"rendered":"http:\/\/za.uap.edu.pl\/?page_id=347"},"modified":"2019-03-26T08:22:40","modified_gmt":"2019-03-26T08:22:40","slug":"18-2","status":"publish","type":"page","link":"http:\/\/za.uap.edu.pl\/?page_id=347","title":{"rendered":"18"},"content":{"rendered":"<p><span style=\"font-family: 'Times New Roman', serif;\"><span style=\"font-size: medium;\"><b>18 \/ 2009<\/b><\/span><\/span><\/p>\n<p><a href=\"http:\/\/za.uap.edu.pl\/wp-content\/uploads\/2018\/07\/Cz-213_2009_z.18.pdf\">ZESZYTY ARTYSTYCZNE \/ nr 18<\/a><\/p>\n<p>&#8212;&#8212;&#8212;&#8212;&#8212;&#8212;&#8212;&#8212;&#8212;&#8212;&#8212;&#8212;&#8212;&#8212;-<\/p>\n<p><span style=\"font-family: 'Times New Roman', serif;\"><span style=\"font-size: medium;\"><i><b>Krytyka promocji, promocja krytyki<\/b><\/i><\/span><\/span><\/p>\n<p><a href=\"http:\/\/za.uap.edu.pl\/wp-content\/uploads\/2012\/02\/ZA_18_Face.jpg\"><img loading=\"lazy\" class=\"alignnone size-large wp-image-180\" src=\"http:\/\/za.uap.edu.pl\/wp-content\/uploads\/2012\/02\/ZA_18_Face-703x1024.jpg\" alt=\"ZA_18_Face\" width=\"640\" height=\"932\" srcset=\"http:\/\/za.uap.edu.pl\/wp-content\/uploads\/2012\/02\/ZA_18_Face-703x1024.jpg 703w, http:\/\/za.uap.edu.pl\/wp-content\/uploads\/2012\/02\/ZA_18_Face-206x300.jpg 206w, http:\/\/za.uap.edu.pl\/wp-content\/uploads\/2012\/02\/ZA_18_Face.jpg 974w\" sizes=\"(max-width: 640px) 100vw, 640px\" \/><\/a><\/p>\n<ul>\n<li><span style=\"font-family: 'Times New Roman', serif;\"><span style=\"font-size: medium;\">Justyna Ryczek \/ wst\u0119p<\/span><\/span><\/li>\n<li><span style=\"font-family: 'Times New Roman', serif;\"><span style=\"font-size: medium;\">Andrzej Kosto\u0142owski \/ <\/span><\/span><span style=\"font-family: 'Times New Roman', serif;\"><span style=\"font-size: medium;\"><i>Kr\u0105g promocyjny (cz\u0119\u015b\u0107 pierwsza)<\/i><\/span><\/span><\/li>\n<li><span style=\"font-family: 'Times New Roman', serif;\"><span style=\"font-size: medium;\">Agnieszka Okrzeja \/ <\/span><\/span><span style=\"font-family: 'Times New Roman', serif;\"><span style=\"font-size: medium;\"><i>Promocja sztuki wsp\u00f3\u0142czesnej w obliczu praktyk kuratorskich<\/i><\/span><\/span><\/li>\n<li><span style=\"font-family: 'Times New Roman', serif;\"><span style=\"font-size: medium;\">Paulina Sztabi\u0144ska \/ <\/span><\/span><span style=\"font-family: 'Times New Roman', serif;\"><span style=\"font-size: medium;\"><i>Minimal art \u2013 polemiki zwi\u0105zane z formalistyczn\u0105 interpretacj\u0105 kierunku<\/i><\/span><\/span><\/li>\n<li><span style=\"font-family: 'Times New Roman', serif;\"><span style=\"font-size: medium;\">Marianna Micha\u0142owska \/ <\/span><\/span><span style=\"font-family: 'Times New Roman', serif;\"><span style=\"font-size: medium;\"><i>Teoria fotografii teraz<\/i><\/span><\/span><\/li>\n<li><span style=\"font-family: 'Times New Roman', serif;\"><span style=\"font-size: medium;\">Piotr Bernatowicz \/ <\/span><\/span><span style=\"font-family: 'Times New Roman', serif;\"><span style=\"font-size: medium;\"><i>Nowe pokolenie-strategia promocji sztuki<\/i><\/span><\/span><\/li>\n<li><span style=\"font-family: 'Times New Roman', serif;\"><span style=\"font-size: medium;\">Ewa W\u00f3jtowicz \/ <\/span><\/span><span style=\"font-family: 'Times New Roman', serif;\"><span style=\"font-size: medium;\"><i>Dyskurs krytyczny wok\u00f3\u0142 sztuki Internetu<\/i><\/span><\/span><\/li>\n<li><span style=\"font-family: 'Times New Roman', serif;\"><span style=\"font-size: medium;\">Grzegorz Dziamski \/ <\/span><\/span><span style=\"font-family: 'Times New Roman', serif;\"><span style=\"font-size: medium;\"><i>Kultura promocji<\/i><\/span><\/span><\/li>\n<li><span style=\"font-family: 'Times New Roman', serif;\"><span style=\"font-size: medium;\">Teoretyczne konteksty sztuki \u2013 plener teoretyczny Wydzia\u0142u Edukacji Artystycznej<\/span><\/span><\/li>\n<li><span style=\"font-family: 'Times New Roman', serif;\"><span style=\"font-size: medium;\">Kalendarium 2008-2009<\/span><\/span><\/li>\n<li><span style=\"font-family: 'Times New Roman', serif;\"><span style=\"font-size: medium;\">Abstracts<\/span><\/span><\/li>\n<\/ul>\n<p><span style=\"font-family: arial, helvetica, sans-serif;\"><a title=\"Zeszyty Artystyczne 18\" href=\"http:\/\/za.uap.edu.pl\/wp-content\/uploads\/2012\/02\/Zeszyty-Artystyczne-18.pdf\">PDF Zeszyty Artystyczne 18<\/a><\/span><\/p>\n","protected":false},"excerpt":{"rendered":"<p>18 \/ 2009 ZESZYTY ARTYSTYCZNE \/ nr 18 &#8212;&#8212;&#8212;&#8212;&#8212;&#8212;&#8212;&#8212;&#8212;&#8212;&#8212;&#8212;&#8212;&#8212;- Krytyka promocji, promocja krytyki Justyna Ryczek \/ wst\u0119p Andrzej Kosto\u0142owski \/ Kr\u0105g promocyjny (cz\u0119\u015b\u0107 pierwsza) Agnieszka Okrzeja \/ Promocja sztuki wsp\u00f3\u0142czesnej w obliczu praktyk kuratorskich Paulina Sztabi\u0144ska \/ Minimal art \u2013&hellip;<\/p>\n<p class=\"more-link-p\"><a class=\"more-link\" href=\"http:\/\/za.uap.edu.pl\/?page_id=347\">Read more &rarr;<\/a><\/p>\n","protected":false},"author":3,"featured_media":0,"parent":0,"menu_order":0,"comment_status":"closed","ping_status":"closed","template":"","meta":[],"_links":{"self":[{"href":"http:\/\/za.uap.edu.pl\/index.php?rest_route=\/wp\/v2\/pages\/347"}],"collection":[{"href":"http:\/\/za.uap.edu.pl\/index.php?rest_route=\/wp\/v2\/pages"}],"about":[{"href":"http:\/\/za.uap.edu.pl\/index.php?rest_route=\/wp\/v2\/types\/page"}],"author":[{"embeddable":true,"href":"http:\/\/za.uap.edu.pl\/index.php?rest_route=\/wp\/v2\/users\/3"}],"replies":[{"embeddable":true,"href":"http:\/\/za.uap.edu.pl\/index.php?rest_route=%2Fwp%2Fv2%2Fcomments&post=347"}],"version-history":[{"count":6,"href":"http:\/\/za.uap.edu.pl\/index.php?rest_route=\/wp\/v2\/pages\/347\/revisions"}],"predecessor-version":[{"id":735,"href":"http:\/\/za.uap.edu.pl\/index.php?rest_route=\/wp\/v2\/pages\/347\/revisions\/735"}],"wp:attachment":[{"href":"http:\/\/za.uap.edu.pl\/index.php?rest_route=%2Fwp%2Fv2%2Fmedia&parent=347"}],"curies":[{"name":"wp","href":"https:\/\/api.w.org\/{rel}","templated":true}]}}