{"id":354,"date":"2017-02-24T15:52:25","date_gmt":"2017-02-24T15:52:25","guid":{"rendered":"http:\/\/za.uap.edu.pl\/?page_id=354"},"modified":"2019-03-26T08:24:43","modified_gmt":"2019-03-26T08:24:43","slug":"21-2","status":"publish","type":"page","link":"http:\/\/za.uap.edu.pl\/?page_id=354","title":{"rendered":"21"},"content":{"rendered":"<p><span style=\"font-family: 'Times New Roman', serif;\"><span style=\"font-size: medium;\"><b>21 \/ 2011<\/b><\/span><\/span><\/p>\n<p><a href=\"http:\/\/za.uap.edu.pl\/wp-content\/uploads\/2018\/07\/Cz-213_2011_z.21-compressed.pdf\">ZESZYTY ARTYSTYCZNE \/ nr 21<\/a><\/p>\n<p>&#8212;&#8212;&#8212;&#8212;&#8212;&#8212;&#8212;&#8212;&#8212;&#8212;&#8212;&#8212;&#8212;&#8212;-<\/p>\n<p><span style=\"font-family: 'Times New Roman', serif;\"><span style=\"font-size: medium;\"><i><b>Edukacja spo\u0142ecze\u0144stwa obywatelskiego \u2013 zr\u00f3\u017cnicowanie kultur edukacji<\/b><\/i><\/span><\/span><\/p>\n<p><img loading=\"lazy\" class=\"alignnone wp-image-177\" src=\"http:\/\/za.uap.edu.pl\/wp-content\/uploads\/2012\/02\/ZA_21_Face-703x1024.jpg\" alt=\"ZA_21_Face\" width=\"650\" height=\"938\" \/><\/p>\n<p><strong><span style=\"color: #000000;\"><span style=\"font-family: 'Times New Roman', serif;\"><span style=\"font-size: medium;\">PDF \/\u00a0<a style=\"color: #000000;\" href=\"http:\/\/za.uap.edu.pl\/wp-content\/uploads\/2012\/02\/Zeszyty-Artystyczne-21.pdf\">Zeszyty Artystyczne 21<\/a><\/span><\/span><\/span><\/strong><\/p>\n<ul>\n<li><span style=\"font-family: 'Times New Roman', serif;\"><span style=\"font-size: medium;\">Justyna Ryczek\/ Wst\u0119p<\/span><\/span><\/li>\n<li><span style=\"font-family: 'Times New Roman', serif;\"><span style=\"font-size: medium;\">Zbyszko Melosik \/ <\/span><\/span><span style=\"font-family: 'Times New Roman', serif;\"><span style=\"font-size: medium;\"><i>(Re)konstrukcje podr\u00f3\u017cowania w kulturze instant: konteksty socjopedagogiczne<\/i><\/span><\/span><\/li>\n<li><span style=\"font-family: 'Times New Roman', serif;\"><span style=\"font-size: medium;\">S\u0142awomir Brzoska \/ <\/span><\/span><span style=\"font-family: 'Times New Roman', serif;\"><span style=\"font-size: medium;\"><i>P\u0142ynna To\u017csamo\u015b\u0107. Projekt papuaski<\/i><\/span><\/span><\/li>\n<li><span style=\"font-family: 'Times New Roman', serif;\"><span style=\"font-size: medium;\">Jan Wasiewicz \/ <\/span><\/span><span style=\"font-family: 'Times New Roman', serif;\"><span style=\"font-size: medium;\"><i>Kontrowersje wok\u00f3\u0142 miejsca religii w edukacji spo\u0142ecze\u0144stwa obywatelskiego<\/i><\/span><\/span><\/li>\n<li><span style=\"font-family: 'Times New Roman', serif;\"><span style=\"font-size: medium;\">Piotr Juskowiak \/ <\/span><\/span><span style=\"font-family: 'Times New Roman', serif;\"><span style=\"font-size: medium;\"><i>Sztuka wsp\u00f3\u0142pracy w dobie kapitalizmu kognitywnego \u2013 estetyzacja, edukacja, relacja<\/i><\/span><\/span><\/li>\n<li><span style=\"font-family: 'Times New Roman', serif;\"><span style=\"font-size: medium;\">Rafa\u0142 Drozdowski\/ <\/span><\/span><span style=\"font-family: 'Times New Roman', serif;\"><span style=\"font-size: medium;\"><i>Dlaczego sojusz sztuki publicznej i spo\u0142ecze\u0144stwa obywatelskiego jest ( na razie) sojuszem papierowym?<\/i><\/span><\/span><\/li>\n<li><span style=\"font-family: 'Times New Roman', serif;\"><span style=\"font-size: medium;\">Izabela Kowalczyk \/ <\/span><\/span><span style=\"font-family: 'Times New Roman', serif;\"><span style=\"font-size: medium;\"><i>Prawo artysty do jego skrzynki albo o potrzebie demokratyzacji pola sztuki<\/i><\/span><\/span><\/li>\n<li><span style=\"font-family: 'Times New Roman', serif;\"><span style=\"font-size: medium;\">Piotr Kurka \/ <\/span><\/span><span style=\"font-family: 'Times New Roman', serif;\"><span style=\"font-size: medium;\"><i>Mistrz i Ucze\u0144<\/i><\/span><\/span><\/li>\n<li><span style=\"font-family: 'Times New Roman', serif;\"><span style=\"font-size: medium;\">Piotr C. Kowalski \/ <\/span><\/span><span style=\"font-family: 'Times New Roman', serif;\"><span style=\"font-size: medium;\"><i>Nauczanie malarstwa<\/i><\/span><\/span><\/li>\n<li><span style=\"font-family: 'Times New Roman', serif;\"><span style=\"font-size: medium;\">Kuba Szreder, Micha\u0142 Koz\u0142owski, Jan Sowa \/ <\/span><\/span><span style=\"font-family: 'Times New Roman', serif;\"><span style=\"font-size: medium;\"><i>Wolny Uniwersytet Warszawy a edukacja<\/i><\/span><\/span><\/li>\n<li><span style=\"font-family: 'Times New Roman', serif;\"><span style=\"font-size: medium;\">Marek Wasilewski \/ <\/span><\/span><span style=\"font-family: 'Times New Roman', serif;\"><span style=\"font-size: medium;\"><i>Odszkolni\u0107 Akademi\u0119<\/i><\/span><\/span><\/li>\n<li><span style=\"font-family: 'Times New Roman', serif;\"><span style=\"font-size: medium;\">Sidney Myoo \/ <\/span><\/span><span style=\"font-family: 'Times New Roman', serif;\"><span style=\"font-size: medium;\"><i>Uniwersytet w sieci. Od e-learningu do e-akademicyzmu<\/i><\/span><\/span><\/li>\n<li><span style=\"font-family: 'Times New Roman', serif;\"><span style=\"font-size: medium;\">Rafa\u0142 Ilnicki \/ <\/span><\/span><span style=\"font-family: 'Times New Roman', serif;\"><span style=\"font-size: medium;\"><i>Elektroniczna paideia<\/i><\/span><\/span><\/li>\n<li><span style=\"font-family: 'Times New Roman', serif;\"><span style=\"font-size: medium;\">Marysia Lewandowska i Laurel Ptak \/ <\/span><\/span><span style=\"font-family: 'Times New Roman', serif;\"><span style=\"font-size: medium;\"><i>Rozmowa na temat w\u0142asno\u015bci intelektualnej<\/i><\/span><\/span><\/li>\n<li><span style=\"font-family: 'Times New Roman', serif;\"><span style=\"font-size: medium;\">Kalendarium<\/span><\/span><\/li>\n<li><span style=\"font-family: 'Times New Roman', serif;\"><span style=\"font-size: medium;\">Abstracts<\/span><\/span><\/li>\n<li><span style=\"font-family: 'Times New Roman', serif;\"><span style=\"font-size: medium;\">Noty o autorach<\/span><\/span><\/li>\n<\/ul>\n<p>&nbsp;<\/p>\n","protected":false},"excerpt":{"rendered":"<p>21 \/ 2011 ZESZYTY ARTYSTYCZNE \/ nr 21 &#8212;&#8212;&#8212;&#8212;&#8212;&#8212;&#8212;&#8212;&#8212;&#8212;&#8212;&#8212;&#8212;&#8212;- Edukacja spo\u0142ecze\u0144stwa obywatelskiego \u2013 zr\u00f3\u017cnicowanie kultur edukacji PDF \/\u00a0Zeszyty Artystyczne 21 Justyna Ryczek\/ Wst\u0119p Zbyszko Melosik \/ (Re)konstrukcje podr\u00f3\u017cowania w kulturze instant: konteksty socjopedagogiczne S\u0142awomir Brzoska \/ P\u0142ynna To\u017csamo\u015b\u0107. Projekt papuaski&hellip;<\/p>\n<p class=\"more-link-p\"><a class=\"more-link\" href=\"http:\/\/za.uap.edu.pl\/?page_id=354\">Read more &rarr;<\/a><\/p>\n","protected":false},"author":3,"featured_media":0,"parent":0,"menu_order":0,"comment_status":"closed","ping_status":"closed","template":"","meta":[],"_links":{"self":[{"href":"http:\/\/za.uap.edu.pl\/index.php?rest_route=\/wp\/v2\/pages\/354"}],"collection":[{"href":"http:\/\/za.uap.edu.pl\/index.php?rest_route=\/wp\/v2\/pages"}],"about":[{"href":"http:\/\/za.uap.edu.pl\/index.php?rest_route=\/wp\/v2\/types\/page"}],"author":[{"embeddable":true,"href":"http:\/\/za.uap.edu.pl\/index.php?rest_route=\/wp\/v2\/users\/3"}],"replies":[{"embeddable":true,"href":"http:\/\/za.uap.edu.pl\/index.php?rest_route=%2Fwp%2Fv2%2Fcomments&post=354"}],"version-history":[{"count":7,"href":"http:\/\/za.uap.edu.pl\/index.php?rest_route=\/wp\/v2\/pages\/354\/revisions"}],"predecessor-version":[{"id":738,"href":"http:\/\/za.uap.edu.pl\/index.php?rest_route=\/wp\/v2\/pages\/354\/revisions\/738"}],"wp:attachment":[{"href":"http:\/\/za.uap.edu.pl\/index.php?rest_route=%2Fwp%2Fv2%2Fmedia&parent=354"}],"curies":[{"name":"wp","href":"https:\/\/api.w.org\/{rel}","templated":true}]}}