{"id":377,"date":"2017-02-24T16:18:32","date_gmt":"2017-02-24T16:18:32","guid":{"rendered":"http:\/\/za.uap.edu.pl\/?page_id=377"},"modified":"2019-03-26T08:22:16","modified_gmt":"2019-03-26T08:22:16","slug":"17-2","status":"publish","type":"page","link":"http:\/\/za.uap.edu.pl\/?page_id=377","title":{"rendered":"17"},"content":{"rendered":"<p><span style=\"font-family: 'Times New Roman', serif;\"><span style=\"font-size: medium;\"><b>17 \/ 2008<\/b><\/span><\/span><\/p>\n<p><a href=\"http:\/\/za.uap.edu.pl\/wp-content\/uploads\/2018\/07\/Cz-213_2008_z.17.pdf\">ZESZYTY ARTYSTYCZNE \/ nr 17<\/a><\/p>\n<p>&#8212;&#8212;&#8212;&#8212;&#8212;&#8212;&#8212;&#8212;&#8212;&#8212;&#8212;&#8212;&#8212;&#8212;-<\/p>\n<p><span style=\"font-family: 'Times New Roman', serif;\"><span style=\"font-size: medium;\"><i><b>Sztuka nowych medi\u00f3w i jej konteksty kulturowe<\/b><\/i><\/span><\/span><\/p>\n<ul>\n<li><span style=\"font-family: 'Times New Roman', serif;\"><span style=\"font-size: medium;\">Ryszard W. Kluszczy\u0144ski \/ <\/span><\/span><span style=\"font-family: 'Times New Roman', serif;\"><span style=\"font-size: medium;\"><i>Sztuka nowych medi\u00f3w i jej konteksty kulturowe<\/i><\/span><\/span><\/li>\n<li><span style=\"font-family: 'Times New Roman', serif;\"><span style=\"font-size: medium;\">Edmond Couchot \/ <\/span><\/span><span style=\"font-family: 'Times New Roman', serif;\"><span style=\"font-size: medium;\"><i>Automatyzacja sztuki figuratywnej. Ku obrazowi autonomicznemu<\/i><\/span><\/span><\/li>\n<li><span style=\"font-family: 'Times New Roman', serif;\"><span style=\"font-size: medium;\">Maciej O\u017c\u00f3g \/ <\/span><\/span><span style=\"font-family: 'Times New Roman', serif;\"><span style=\"font-size: medium;\"><i>Patrz\u0105c przez (na) technologi\u0119. Monitoring jako narz\u0119dzie analizy technologicznych uwarunkowa\u0144 percepcji w pracach Davida Rokeby\u2019ego<\/i><\/span><\/span><\/li>\n<li><span style=\"font-family: 'Times New Roman', serif;\"><span style=\"font-size: medium;\">Ryszard W. Kluszczy\u0144ski \/ <\/span><\/span><span style=\"font-family: 'Times New Roman', serif;\"><span style=\"font-size: medium;\"><i>Portret jako do\u015bwiadczenie Innego. Interaktywno\u015b\u0107 i immersja w tw\u00f3rczo\u015bci Luca Courchesne\u2019a<\/i><\/span><\/span><\/li>\n<li><span style=\"font-family: 'Times New Roman', serif;\"><span style=\"font-size: medium;\">Ewa W\u00f3jtowicz \/ <\/span><\/span><span style=\"font-family: 'Times New Roman', serif;\"><span style=\"font-size: medium;\"><i>Od infoestetyki do teorii software\u2019u. Koncepcje Lva Manovicha wobec projekt\u00f3w net artu<\/i><\/span><\/span><\/li>\n<li><span style=\"font-family: 'Times New Roman', serif;\"><span style=\"font-size: medium;\">Marcin Sk\u0142adanek \/ <\/span><\/span><span style=\"font-family: 'Times New Roman', serif;\"><span style=\"font-size: medium;\"><i>Design interaktywny od u\u017cyteczno\u015bci do estetycznej z\u0142o\u017cono\u015bci<\/i><\/span><\/span><\/li>\n<li><span style=\"font-family: 'Times New Roman', serif;\"><span style=\"font-size: medium;\">Katarzyna Prajzner \/ <\/span><\/span><span style=\"font-family: 'Times New Roman', serif;\"><span style=\"font-size: medium;\"><i>Gry komputerowe i problem czasowo\u015bci<\/i><\/span><\/span><\/li>\n<li><span style=\"font-family: 'Times New Roman', serif;\"><span style=\"font-size: medium;\">Piotr Zawojski \/ <\/span><\/span><span style=\"font-family: 'Times New Roman', serif;\"><span style=\"font-size: medium;\"><i>Teoretyczne konteksty dokumentacji sztuki nowych medi\u00f3w<\/i><\/span><\/span><\/li>\n<\/ul>\n","protected":false},"excerpt":{"rendered":"<p>17 \/ 2008 ZESZYTY ARTYSTYCZNE \/ nr 17 &#8212;&#8212;&#8212;&#8212;&#8212;&#8212;&#8212;&#8212;&#8212;&#8212;&#8212;&#8212;&#8212;&#8212;- Sztuka nowych medi\u00f3w i jej konteksty kulturowe Ryszard W. Kluszczy\u0144ski \/ Sztuka nowych medi\u00f3w i jej konteksty kulturowe Edmond Couchot \/ Automatyzacja sztuki figuratywnej. Ku obrazowi autonomicznemu Maciej O\u017c\u00f3g \/ Patrz\u0105c&hellip;<\/p>\n<p class=\"more-link-p\"><a class=\"more-link\" href=\"http:\/\/za.uap.edu.pl\/?page_id=377\">Read more &rarr;<\/a><\/p>\n","protected":false},"author":3,"featured_media":0,"parent":0,"menu_order":0,"comment_status":"closed","ping_status":"closed","template":"","meta":[],"_links":{"self":[{"href":"http:\/\/za.uap.edu.pl\/index.php?rest_route=\/wp\/v2\/pages\/377"}],"collection":[{"href":"http:\/\/za.uap.edu.pl\/index.php?rest_route=\/wp\/v2\/pages"}],"about":[{"href":"http:\/\/za.uap.edu.pl\/index.php?rest_route=\/wp\/v2\/types\/page"}],"author":[{"embeddable":true,"href":"http:\/\/za.uap.edu.pl\/index.php?rest_route=\/wp\/v2\/users\/3"}],"replies":[{"embeddable":true,"href":"http:\/\/za.uap.edu.pl\/index.php?rest_route=%2Fwp%2Fv2%2Fcomments&post=377"}],"version-history":[{"count":10,"href":"http:\/\/za.uap.edu.pl\/index.php?rest_route=\/wp\/v2\/pages\/377\/revisions"}],"predecessor-version":[{"id":734,"href":"http:\/\/za.uap.edu.pl\/index.php?rest_route=\/wp\/v2\/pages\/377\/revisions\/734"}],"wp:attachment":[{"href":"http:\/\/za.uap.edu.pl\/index.php?rest_route=%2Fwp%2Fv2%2Fmedia&parent=377"}],"curies":[{"name":"wp","href":"https:\/\/api.w.org\/{rel}","templated":true}]}}