{"id":383,"date":"2017-02-24T16:19:12","date_gmt":"2017-02-24T16:19:12","guid":{"rendered":"http:\/\/za.uap.edu.pl\/?page_id=383"},"modified":"2019-03-26T08:21:04","modified_gmt":"2019-03-26T08:21:04","slug":"14-2","status":"publish","type":"page","link":"http:\/\/za.uap.edu.pl\/?page_id=383","title":{"rendered":"14"},"content":{"rendered":"<p><span style=\"font-family: 'Times New Roman', serif;\"><span style=\"font-size: medium;\"><b>14 \/ 2005<\/b><\/span><\/span><\/p>\n<p><a href=\"http:\/\/za.uap.edu.pl\/wp-content\/uploads\/2018\/07\/Cz213_2005_z.14-compressed.pdf\">ZESZYTY ARTYSTYCZNE \/ nr 14<\/a><\/p>\n<p>&#8212;&#8212;&#8212;&#8212;&#8212;&#8212;&#8212;&#8212;&#8212;&#8212;&#8212;&#8212;&#8212;&#8212;-<\/p>\n<p><span style=\"font-family: 'Times New Roman', serif;\"><span style=\"font-size: medium;\"><i><b>Gary Hill<\/b><\/i><\/span><\/span><span style=\"font-family: 'Times New Roman', serif;\"><span style=\"font-size: medium;\"><br \/>\nnumer dwuj\u0119zyczny polsko-angielski<\/span><\/span><\/p>\n<ul>\n<li><span style=\"font-family: 'Times New Roman', serif;\"><span style=\"font-size: medium;\">Piotr Kurka \/<em>Nie napisany tekst \/ The Unwritten Text<\/em><br \/>\nLaudacje doktoratu honoris causa dla Profesora Gary\u2019ego Hilla \/ Laudations of Doctorat Honoris Causa for Professor Gary Hill<br \/>\nAntoni Porczak<br \/>\nIzabella Gustowska<br \/>\nRyszard W. Kluszczy\u0144ski<br \/>\nAndrzej Syska<\/span><\/span><\/li>\n<li><span style=\"font-family: 'Times New Roman', serif;\"><span style=\"font-size: medium;\">Ma\u0142gorzata Dawidek-Gryglicka \/<\/span><\/span><span style=\"font-family: 'Times New Roman', serif;\"><span style=\"font-size: medium;\"><i>J\u0119zyk i rzeczywisto\u015bci pozaj\u0119zykowe. <\/i><\/span><\/span><span style=\"font-family: 'Times New Roman', serif;\"><span style=\"font-size: medium;\"><span lang=\"en-US\"><i>Refleksja nad mind on the line Gary\u2019ego Hilla \/ Language and Non-Language Realities. A Reflection on Gary Hill\u2019s mind on the line<\/i><\/span><\/span><\/span><\/li>\n<li><span style=\"font-family: 'Times New Roman', serif;\"><span style=\"font-size: medium;\"><span lang=\"en-US\">Z Garym Hillem rozmawia Marek Wasilewski \/ Gary Hill talks to Marek Wasilewski<\/span><\/span><\/span><\/li>\n<li><span style=\"font-family: 'Times New Roman', serif;\"><span style=\"font-size: medium;\"><span lang=\"en-US\">Gary Hill w dialogu z Georgem Quash\u0105 i Charlesem Steinem \/ Gary Hill in dialogue with George Quasha and Charles Stein \/<\/span><\/span><\/span><span style=\"font-family: 'Times New Roman', serif;\"><span style=\"font-size: medium;\"><span lang=\"en-US\"><i>Liminalne dzia\u0142ania artystyczne \/ Liminal Performance<\/i><\/span><\/span><\/span><\/li>\n<li><span style=\"font-family: 'Times New Roman', serif;\"><span style=\"font-size: medium;\"><span lang=\"en-US\">George Quasha &amp; Charles Stein \/ <\/span><\/span><\/span><span style=\"font-family: 'Times New Roman', serif;\"><span style=\"font-size: medium;\"><span lang=\"en-US\"><i>HAND HEARD liminal objects \/ HAND HEARD liminal objects<\/i><\/span><\/span><\/span><\/li>\n<li><span style=\"font-family: 'Times New Roman', serif;\"><span style=\"font-size: medium;\"><span lang=\"en-US\">George Quasha (w dialogu z Charlesem Steinem \/ written in dialogue with Charles Stein) \/ <\/span><\/span><\/span><span style=\"font-family: 'Times New Roman', serif;\"><span style=\"font-size: medium;\"><span lang=\"en-US\"><i>TALL SHIPS (\u017baglowce) WYBUJA\u0141E WIDZENIE \/ TALL ACTS OF SEEING<\/i><\/span><\/span><\/span><\/li>\n<li><span style=\"font-family: 'Times New Roman', serif;\"><span style=\"font-size: medium;\"><span lang=\"en-US\">George Quasha &amp; Charles Stein \/ <\/span><\/span><\/span><span style=\"font-family: 'Times New Roman', serif;\"><span style=\"font-size: medium;\"><span lang=\"en-US\"><i>Na widoku \/ ON view<\/i><\/span><\/span><\/span><\/li>\n<\/ul>\n","protected":false},"excerpt":{"rendered":"<p>14 \/ 2005 ZESZYTY ARTYSTYCZNE \/ nr 14 &#8212;&#8212;&#8212;&#8212;&#8212;&#8212;&#8212;&#8212;&#8212;&#8212;&#8212;&#8212;&#8212;&#8212;- Gary Hill numer dwuj\u0119zyczny polsko-angielski Piotr Kurka \/Nie napisany tekst \/ The Unwritten Text Laudacje doktoratu honoris causa dla Profesora Gary\u2019ego Hilla \/ Laudations of Doctorat Honoris Causa for Professor Gary&hellip;<\/p>\n<p class=\"more-link-p\"><a class=\"more-link\" href=\"http:\/\/za.uap.edu.pl\/?page_id=383\">Read more &rarr;<\/a><\/p>\n","protected":false},"author":3,"featured_media":0,"parent":0,"menu_order":0,"comment_status":"closed","ping_status":"closed","template":"","meta":[],"_links":{"self":[{"href":"http:\/\/za.uap.edu.pl\/index.php?rest_route=\/wp\/v2\/pages\/383"}],"collection":[{"href":"http:\/\/za.uap.edu.pl\/index.php?rest_route=\/wp\/v2\/pages"}],"about":[{"href":"http:\/\/za.uap.edu.pl\/index.php?rest_route=\/wp\/v2\/types\/page"}],"author":[{"embeddable":true,"href":"http:\/\/za.uap.edu.pl\/index.php?rest_route=\/wp\/v2\/users\/3"}],"replies":[{"embeddable":true,"href":"http:\/\/za.uap.edu.pl\/index.php?rest_route=%2Fwp%2Fv2%2Fcomments&post=383"}],"version-history":[{"count":3,"href":"http:\/\/za.uap.edu.pl\/index.php?rest_route=\/wp\/v2\/pages\/383\/revisions"}],"predecessor-version":[{"id":731,"href":"http:\/\/za.uap.edu.pl\/index.php?rest_route=\/wp\/v2\/pages\/383\/revisions\/731"}],"wp:attachment":[{"href":"http:\/\/za.uap.edu.pl\/index.php?rest_route=%2Fwp%2Fv2%2Fmedia&parent=383"}],"curies":[{"name":"wp","href":"https:\/\/api.w.org\/{rel}","templated":true}]}}