{"id":408,"date":"2017-02-24T16:35:33","date_gmt":"2017-02-24T16:35:33","guid":{"rendered":"http:\/\/za.uap.edu.pl\/?page_id=408"},"modified":"2019-08-02T11:37:54","modified_gmt":"2019-08-02T11:37:54","slug":"09-2","status":"publish","type":"page","link":"http:\/\/za.uap.edu.pl\/?page_id=408","title":{"rendered":"09"},"content":{"rendered":"<p><span style=\"font-family: 'Times New Roman', serif;\"><span style=\"font-size: medium;\"><b>9 \/ 1996<\/b><\/span><\/span><\/p>\n<p><a href=\"http:\/\/za.uap.edu.pl\/wp-content\/uploads\/2017\/02\/Cz-18_1996_nr9-1.pdf\">ZESZYTY ARTYSTYCZNE \/ nr 9<\/a><\/p>\n<p>&#8212;&#8212;&#8212;&#8212;&#8212;&#8212;&#8212;&#8212;&#8212;&#8212;&#8212;&#8212;&#8212;&#8212;-<\/p>\n<ul>\n<li><span style=\"font-family: 'Times New Roman', serif;\"><span style=\"font-size: medium;\">Marek Wasilewski \/ <\/span><\/span><span style=\"font-family: 'Times New Roman', serif;\"><span style=\"font-size: medium;\"><i>Wst\u0119p<\/i><\/span><\/span><\/li>\n<li><span style=\"font-family: 'Times New Roman', serif;\"><span style=\"font-size: medium;\">Tomasz Wilma\u0144ski \/ <em>Kikakoku, czyli przestrze\u0144 s\u0142owa<\/em><\/span><\/span><\/li>\n<li><span style=\"font-family: 'Times New Roman', serif;\"><span style=\"font-size: medium;\">Paul Scheerbart \/ <\/span><\/span><span style=\"font-family: 'Times New Roman', serif;\"><span style=\"font-size: medium;\"><i>Kikakoku Ekoralaps<\/i><\/span><\/span><\/li>\n<li><span style=\"font-family: 'Times New Roman', serif;\"><span style=\"font-size: medium;\">Kurt Schwitters \/ <\/span><\/span><span style=\"font-family: 'Times New Roman', serif;\"><span style=\"font-size: medium;\"><i>Poezja konsekwentna<\/i><\/span><\/span><\/li>\n<li><span style=\"font-family: 'Times New Roman', serif;\"><span style=\"font-size: medium;\">Anatol Stern, Bruno Jasie\u0144ski \/ <\/span><\/span><span style=\"font-family: 'Times New Roman', serif;\"><span style=\"font-size: medium;\"><i>Ziemia na lewo<\/i><\/span><\/span><\/li>\n<li><span style=\"font-family: 'Times New Roman', serif;\"><span style=\"font-size: medium;\">e. e. cummings \/ <\/span><\/span><span style=\"font-family: 'Times New Roman', serif;\"><span style=\"font-size: medium;\"><i>&amp;<\/i><\/span><\/span><\/li>\n<li><span style=\"font-family: 'Times New Roman', serif;\"><span style=\"font-size: medium;\">Rozmowa Jacques Donquysa z Bernardem Heidsieckiem<\/span><\/span><\/li>\n<li><span style=\"font-family: 'Times New Roman', serif;\"><span style=\"font-size: medium;\">Henri Chopin \/ <\/span><\/span><span style=\"font-family: 'Times New Roman', serif;\"><span style=\"font-size: medium;\"><i>Poezja wizualna z cyklu \u201eIluminacje<\/i><\/span><\/span><span style=\"font-family: 'Times New Roman', serif;\"><span style=\"font-size: medium;\">\u201d<\/span><\/span><\/li>\n<li><span style=\"font-family: 'Times New Roman', serif;\"><span style=\"font-size: medium;\">Piotr Rypson \/ <\/span><\/span><span style=\"font-family: 'Times New Roman', serif;\"><span style=\"font-size: medium;\"><i>Spojrzenie na poezje wizualn\u0105 poprzez Dicka Higginsa<\/i><\/span><\/span><\/li>\n<li><span style=\"font-family: 'Times New Roman', serif;\"><span style=\"font-size: medium;\">Emmett Williams \/ <\/span><\/span><span style=\"font-family: 'Times New Roman', serif;\"><span style=\"font-size: medium;\"><i>Poezja konkretna<\/i><\/span><\/span><\/li>\n<li><span style=\"font-family: 'Times New Roman', serif;\"><span style=\"font-size: medium;\">Jaros\u0142aw Koz\u0142owski \/ <\/span><\/span><span style=\"font-family: 'Times New Roman', serif;\"><span style=\"font-size: medium;\"><i>Prolegomena do \u201eREALITY\u201d \u201eJaros\u0142awa\u201d \u201eKoz\u0142owskiego\u201d<\/i><\/span><\/span><\/li>\n<li><span style=\"font-family: 'Times New Roman', serif;\"><span style=\"font-size: medium;\">Dieter Roth \/ <\/span><\/span><span style=\"font-family: 'Times New Roman', serif;\"><span style=\"font-size: medium;\"><i>Poezja wizualna<\/i><\/span><\/span><\/li>\n<li><span style=\"font-family: 'Times New Roman', serif;\"><span style=\"font-size: medium;\">Ksi\u0105\u017cka i co dalej, czyli rozmowa pomi\u0119dzy Joann\u0105 Adamczewsk\u0105, Cezarym Staniszewskim, Tomaszem Wilma\u0144skim<\/span><\/span><\/li>\n<li><span style=\"font-family: 'Times New Roman', serif;\"><span style=\"font-size: medium;\">Tomasz Wilma\u0144ski \/ <\/span><\/span><span style=\"font-family: 'Times New Roman', serif;\"><span style=\"font-size: medium;\"><i>D\u017awi\u0119ki. W ogrodzie Bruna<\/i><\/span><\/span><\/li>\n<li><span style=\"font-family: 'Times New Roman', serif;\"><span style=\"font-size: medium;\">Marek Wasilewski \/ <\/span><\/span><span style=\"font-family: 'Times New Roman', serif;\"><span style=\"font-size: medium;\"><i>Ksi\u0119gi Anselma Kiefera<\/i><\/span><\/span><\/li>\n<li><span style=\"font-family: 'Times New Roman', serif;\"><span style=\"font-size: medium;\">Ann No\u00ebl \/ You<\/span><\/span><\/li>\n<li><span style=\"font-family: 'Times New Roman', serif;\"><span style=\"font-size: medium;\">Joanna Hoffmann \/ <\/span><\/span><span style=\"font-family: 'Times New Roman', serif;\"><span style=\"font-size: medium;\"><i>Ceg\u0142a<\/i><\/span><\/span><\/li>\n<li><span style=\"font-family: 'Times New Roman', serif;\"><span style=\"font-size: medium;\">Tom Johnson \/ <\/span><\/span><span style=\"font-family: 'Times New Roman', serif;\"><span style=\"font-size: medium;\"><i>Zapisy nutowe z cyklu \u201eSymmetries\u201d<\/i><\/span><\/span><\/li>\n<li><span style=\"font-family: 'Times New Roman', serif;\"><span style=\"font-size: medium;\">Andrzej Szewczyk \/ <\/span><\/span><span style=\"font-family: 'Times New Roman', serif;\"><span style=\"font-size: medium;\"><i>Rysunki\u2026<\/i><\/span><\/span><\/li>\n<li><span style=\"font-family: 'Times New Roman', serif;\"><span style=\"font-size: medium;\">Marzena Kosi\u0144ska \/ <\/span><\/span><span style=\"font-family: 'Times New Roman', serif;\"><span style=\"font-size: medium;\"><i>Poezja konkretna<\/i><\/span><\/span><\/li>\n<li><span style=\"font-family: 'Times New Roman', serif;\"><span style=\"font-size: medium;\">Zbigniew Makarewicz \/ <\/span><\/span><span style=\"font-family: 'Times New Roman', serif;\"><span style=\"font-size: medium;\"><i>Poezjografia wroc\u0142awska<\/i><\/span><\/span><\/li>\n<li><span style=\"font-family: 'Times New Roman', serif;\"><span style=\"font-size: medium;\">Stanis\u0142aw Dr\u00f3\u017cd\u017c \/ <\/span><\/span><span style=\"font-family: 'Times New Roman', serif;\"><span style=\"font-size: medium;\"><i>Poezja konkretna<\/i><\/span><\/span><\/li>\n<li><span style=\"font-family: 'Times New Roman', serif;\"><span style=\"font-size: medium;\">Michael Lumb \/ <\/span><\/span><span style=\"font-family: 'Times New Roman', serif;\"><span style=\"font-size: medium;\"><i>Ksi\u0105\u017cka artystyczna z Wielkiej Brytanii<\/i><\/span><\/span><\/li>\n<li><span style=\"font-family: 'Times New Roman', serif;\"><span style=\"font-size: medium;\">Mariusz Kruk \/ <\/span><\/span><span style=\"font-family: 'Times New Roman', serif;\"><span style=\"font-size: medium;\"><i>Wiersze<\/i><\/span><\/span><\/li>\n<li><span style=\"font-family: 'Times New Roman', serif;\"><span style=\"font-size: medium;\">Wa\u017cniejsze wydania poezji konkretnej i wizualnej<\/span><\/span><\/li>\n<li><span style=\"font-family: 'Times New Roman', serif;\"><span style=\"font-size: medium;\">Wydawnictwa i kolekcje ksi\u0105\u017cki artystycznej<\/span><\/span><\/li>\n<li><span style=\"font-family: 'Times New Roman', serif;\"><span style=\"font-size: medium;\">Kronika galerii PWSSP (AT, ON)<\/span><\/span><\/li>\n<\/ul>\n","protected":false},"excerpt":{"rendered":"<p>9 \/ 1996 ZESZYTY ARTYSTYCZNE \/ nr 9 &#8212;&#8212;&#8212;&#8212;&#8212;&#8212;&#8212;&#8212;&#8212;&#8212;&#8212;&#8212;&#8212;&#8212;- Marek Wasilewski \/ Wst\u0119p Tomasz Wilma\u0144ski \/ Kikakoku, czyli przestrze\u0144 s\u0142owa Paul Scheerbart \/ Kikakoku Ekoralaps Kurt Schwitters \/ Poezja konsekwentna Anatol Stern, Bruno Jasie\u0144ski \/ Ziemia na lewo e. e.&hellip;<\/p>\n<p class=\"more-link-p\"><a class=\"more-link\" href=\"http:\/\/za.uap.edu.pl\/?page_id=408\">Read more &rarr;<\/a><\/p>\n","protected":false},"author":3,"featured_media":0,"parent":0,"menu_order":0,"comment_status":"closed","ping_status":"closed","template":"","meta":[],"_links":{"self":[{"href":"http:\/\/za.uap.edu.pl\/index.php?rest_route=\/wp\/v2\/pages\/408"}],"collection":[{"href":"http:\/\/za.uap.edu.pl\/index.php?rest_route=\/wp\/v2\/pages"}],"about":[{"href":"http:\/\/za.uap.edu.pl\/index.php?rest_route=\/wp\/v2\/types\/page"}],"author":[{"embeddable":true,"href":"http:\/\/za.uap.edu.pl\/index.php?rest_route=\/wp\/v2\/users\/3"}],"replies":[{"embeddable":true,"href":"http:\/\/za.uap.edu.pl\/index.php?rest_route=%2Fwp%2Fv2%2Fcomments&post=408"}],"version-history":[{"count":5,"href":"http:\/\/za.uap.edu.pl\/index.php?rest_route=\/wp\/v2\/pages\/408\/revisions"}],"predecessor-version":[{"id":964,"href":"http:\/\/za.uap.edu.pl\/index.php?rest_route=\/wp\/v2\/pages\/408\/revisions\/964"}],"wp:attachment":[{"href":"http:\/\/za.uap.edu.pl\/index.php?rest_route=%2Fwp%2Fv2%2Fmedia&parent=408"}],"curies":[{"name":"wp","href":"https:\/\/api.w.org\/{rel}","templated":true}]}}