{"id":410,"date":"2017-02-24T16:35:42","date_gmt":"2017-02-24T16:35:42","guid":{"rendered":"http:\/\/za.uap.edu.pl\/?page_id=410"},"modified":"2019-03-26T08:18:14","modified_gmt":"2019-03-26T08:18:14","slug":"08-2","status":"publish","type":"page","link":"http:\/\/za.uap.edu.pl\/?page_id=410","title":{"rendered":"08"},"content":{"rendered":"<p><span style=\"font-family: 'Times New Roman', serif;\"><span style=\"font-size: medium;\"><b>8 \/ 1995<\/b><\/span><\/span><\/p>\n<p><a href=\"http:\/\/za.uap.edu.pl\/wp-content\/uploads\/2018\/07\/Cz213_1995_nr8dodatek.pdf\">ZESZYTY ARTYSTYCZNE \/ nr 08<\/a><\/p>\n<p>&#8212;&#8212;&#8212;&#8212;&#8212;&#8212;&#8212;&#8212;&#8212;&#8212;&#8212;&#8212;&#8212;&#8212;-<\/p>\n<p><span style=\"font-family: 'Times New Roman', serif;\"><span style=\"font-size: medium;\"><i><b>Arty\u015bci polscy \u2013 lokalno\u015b\u0107 czy uniwersalizm?<\/b><\/i><\/span><\/span><\/p>\n<ul>\n<li><span style=\"font-family: 'Times New Roman', serif;\"><span style=\"font-size: medium;\">Marian Golka \/ <\/span><\/span><span style=\"font-family: 'Times New Roman', serif;\"><span style=\"font-size: medium;\"><i>S\u0142owo wst\u0119pne<\/i><\/span><\/span><\/li>\n<li><span style=\"font-family: 'Times New Roman', serif;\"><span style=\"font-size: medium;\">Alicja K\u0119pi\u0144ska \/ <\/span><\/span><span style=\"font-family: 'Times New Roman', serif;\"><span style=\"font-size: medium;\"><i>W poszukiwaniu kwarku \u201ePrawda\u201d<\/i><\/span><\/span><\/li>\n<li><span style=\"font-family: 'Times New Roman', serif;\"><span style=\"font-size: medium;\">Marian Golka \/ <\/span><\/span><span style=\"font-family: 'Times New Roman', serif;\"><span style=\"font-size: medium;\"><i>Lokalno\u015b\u0107 versus uniwersalizm: wymiary sztuki i artysty<\/i><\/span><\/span><\/li>\n<li><span style=\"font-family: 'Times New Roman', serif;\"><span style=\"font-size: medium;\">Grzegorz Dziamski \/ <\/span><\/span><span style=\"font-family: 'Times New Roman', serif;\"><span style=\"font-size: medium;\"><i>Uniwersalno\u015b\u0107 sztuki, lokalno\u015b\u0107 kultury<\/i><\/span><\/span><\/li>\n<li><span style=\"font-family: 'Times New Roman', serif;\"><span style=\"font-size: medium;\">Roman Kubicki \/ <\/span><\/span><span style=\"font-family: 'Times New Roman', serif;\"><span style=\"font-size: medium;\"><i>Estetyczne alternatywy moderny<\/i><\/span><\/span><\/li>\n<li><span style=\"font-family: 'Times New Roman', serif;\"><span style=\"font-size: medium;\">Anna Jamroziakowa \/ <\/span><\/span><span style=\"font-family: 'Times New Roman', serif;\"><span style=\"font-size: medium;\"><i>Uniwersalizacja i tw\u00f3rcze zindywidualizowanie. Artystyczno-estetyczne kategorie J. F. Lyotarda w wymiarze artystycznych urzeczywistnie\u0144<\/i><\/span><\/span><\/li>\n<li><span style=\"font-family: 'Times New Roman', serif;\"><span style=\"font-size: medium;\">Jan S. Wojciechowski \/ <\/span><\/span><span style=\"font-family: 'Times New Roman', serif;\"><span style=\"font-size: medium;\"><i>Arty\u015bci polscy w latach siedemdziesi\u0105tych i osiemdziesi\u0105tych \u2013 lokalno\u015b\u0107 czy uniwersalizm (i postmodernizm)<\/i><\/span><\/span><\/li>\n<li><span style=\"font-family: 'Times New Roman', serif;\"><span style=\"font-size: medium;\">Marek K. Wasilewski \/ <\/span><\/span><span style=\"font-family: 'Times New Roman', serif;\"><span style=\"font-size: medium;\"><i>Dom i \u015bwiat, czy autofikcja<\/i><\/span><\/span><\/li>\n<li><span style=\"font-family: 'Times New Roman', serif;\"><span style=\"font-size: medium;\">Jan W\u0119c\u0142awski \/ <\/span><\/span><span style=\"font-family: 'Times New Roman', serif;\"><span style=\"font-size: medium;\"><i>Przekraczanie lokalno\u015bci. Architektura i jej pedagodzy w Szkole pozna\u0144skiej przed wojna i w pierwszym okresie powojennym \u2013 wspomnienia i refleksje<\/i><\/span><\/span><\/li>\n<li><span style=\"font-family: 'Times New Roman', serif;\"><span style=\"font-size: medium;\">Wojciech Lipowicz \/ Bogus\u0142awski z pierwszej i z drugiej strony<\/span><\/span><\/li>\n<li><span style=\"font-family: 'Times New Roman', serif;\"><span style=\"font-size: medium;\">Jerzy Piwowarski \/ <\/span><\/span><span style=\"font-family: 'Times New Roman', serif;\"><span style=\"font-size: medium;\"><i>Bogus\u0142aw Prebisz (1879-1929). \u017bycie i tw\u00f3rczo\u015b\u0107 wsp\u00f3\u0142organizatora i dydaktyka fotografie pozna\u0144skiej Szko\u0142y Sztuk Zdobniczych<\/i><\/span><\/span><\/li>\n<li><span style=\"font-family: 'Times New Roman', serif;\"><span style=\"font-size: medium;\">Jolanta D\u0105bkowska-Zydro\u0144 \/ <\/span><\/span><span style=\"font-family: 'Times New Roman', serif;\"><span style=\"font-size: medium;\"><i>Stanis\u0142awa Teisseyre\u2019a wizja uczelni plastycznej<\/i><\/span><\/span><\/li>\n<li><span style=\"font-family: 'Times New Roman', serif;\"><span style=\"font-size: medium;\">Tadeusz Nyczek \/ <\/span><\/span><span style=\"font-family: 'Times New Roman', serif;\"><span style=\"font-size: medium;\"><i>Krak\u00f3w w Poznaniu<\/i><\/span><\/span><\/li>\n<li><span style=\"font-family: 'Times New Roman', serif;\"><span style=\"font-size: medium;\">Mariusz Rosiak \/ <\/span><\/span><span style=\"font-family: 'Times New Roman', serif;\"><span style=\"font-size: medium;\"><i>Lokalny uniwersalizm, uniwersalna lokalno\u015b\u0107<br \/>\n<\/i><\/span><\/span><span style=\"font-family: 'Times New Roman', serif;\"><span style=\"font-size: medium;\">Wystawy i prezentacje<\/span><\/span><\/li>\n<li><span style=\"font-family: 'Times New Roman', serif;\"><span style=\"font-size: medium;\">Prezentacje artyst\u00f3w towarzysz\u0105ce sesji jubileuszowej zaproszonych przez Rektora PWSSP<\/span><\/span><\/li>\n<\/ul>\n","protected":false},"excerpt":{"rendered":"<p>8 \/ 1995 ZESZYTY ARTYSTYCZNE \/ nr 08 &#8212;&#8212;&#8212;&#8212;&#8212;&#8212;&#8212;&#8212;&#8212;&#8212;&#8212;&#8212;&#8212;&#8212;- Arty\u015bci polscy \u2013 lokalno\u015b\u0107 czy uniwersalizm? Marian Golka \/ S\u0142owo wst\u0119pne Alicja K\u0119pi\u0144ska \/ W poszukiwaniu kwarku \u201ePrawda\u201d Marian Golka \/ Lokalno\u015b\u0107 versus uniwersalizm: wymiary sztuki i artysty Grzegorz Dziamski \/&hellip;<\/p>\n<p class=\"more-link-p\"><a class=\"more-link\" href=\"http:\/\/za.uap.edu.pl\/?page_id=410\">Read more &rarr;<\/a><\/p>\n","protected":false},"author":3,"featured_media":0,"parent":0,"menu_order":0,"comment_status":"closed","ping_status":"closed","template":"","meta":[],"_links":{"self":[{"href":"http:\/\/za.uap.edu.pl\/index.php?rest_route=\/wp\/v2\/pages\/410"}],"collection":[{"href":"http:\/\/za.uap.edu.pl\/index.php?rest_route=\/wp\/v2\/pages"}],"about":[{"href":"http:\/\/za.uap.edu.pl\/index.php?rest_route=\/wp\/v2\/types\/page"}],"author":[{"embeddable":true,"href":"http:\/\/za.uap.edu.pl\/index.php?rest_route=\/wp\/v2\/users\/3"}],"replies":[{"embeddable":true,"href":"http:\/\/za.uap.edu.pl\/index.php?rest_route=%2Fwp%2Fv2%2Fcomments&post=410"}],"version-history":[{"count":3,"href":"http:\/\/za.uap.edu.pl\/index.php?rest_route=\/wp\/v2\/pages\/410\/revisions"}],"predecessor-version":[{"id":725,"href":"http:\/\/za.uap.edu.pl\/index.php?rest_route=\/wp\/v2\/pages\/410\/revisions\/725"}],"wp:attachment":[{"href":"http:\/\/za.uap.edu.pl\/index.php?rest_route=%2Fwp%2Fv2%2Fmedia&parent=410"}],"curies":[{"name":"wp","href":"https:\/\/api.w.org\/{rel}","templated":true}]}}