{"id":418,"date":"2017-02-24T16:40:28","date_gmt":"2017-02-24T16:40:28","guid":{"rendered":"http:\/\/za.uap.edu.pl\/?page_id=418"},"modified":"2019-03-26T08:16:31","modified_gmt":"2019-03-26T08:16:31","slug":"04-2","status":"publish","type":"page","link":"http:\/\/za.uap.edu.pl\/?page_id=418","title":{"rendered":"04"},"content":{"rendered":"<p><span style=\"font-family: 'Times New Roman', serif;\"><span style=\"font-size: medium;\"><b>4 \/ 1988<\/b><\/span><\/span><\/p>\n<p><a href=\"http:\/\/za.uap.edu.pl\/wp-content\/uploads\/2018\/07\/Cz-213_1988_nr4-compressed.pdf\">ZESZYTY ARTYSTYCZNE \/ nr 04<\/a><\/p>\n<p><span style=\"font-family: 'Times New Roman', serif;\"><span style=\"font-size: medium;\">&#8212;&#8212;&#8212;&#8212;&#8212;&#8212;&#8212;&#8212;&#8212;&#8212;&#8212;&#8212;&#8212;&#8212;-<br \/>\nTeksty problemowe<\/span><\/span><\/p>\n<ul>\n<li><span style=\"font-family: 'Times New Roman', serif;\"><span style=\"font-size: medium;\">Rafa\u0142 Grupi\u0144ski \/ <\/span><\/span><span style=\"font-family: 'Times New Roman', serif;\"><span style=\"font-size: medium;\"><i>Kogut Asklepiosa czyli kr\u00f3tki esej o rozmowie<\/i><\/span><\/span><\/li>\n<li><span style=\"font-family: 'Times New Roman', serif;\"><span style=\"font-size: medium;\">Alicja K\u0119pi\u0144ska \/ <\/span><\/span><span style=\"font-family: 'Times New Roman', serif;\"><span style=\"font-size: medium;\"><i>Spokojna rozmowa o sztuce<\/i><\/span><\/span><\/li>\n<li><span style=\"font-family: 'Times New Roman', serif;\"><span style=\"font-size: medium;\">Rozmowa z Peterem Mondrupem Hansenem<\/span><\/span><\/li>\n<li><span style=\"font-family: 'Times New Roman', serif;\"><span style=\"font-size: medium;\">Rozmowa z Jerzym Ludwi\u0144skim<\/span><\/span><\/li>\n<li><span style=\"font-family: 'Times New Roman', serif;\"><span style=\"font-size: medium;\">Rozmowa z Goeffreyem Hendricksem<\/span><\/span><\/li>\n<li><span style=\"font-family: 'Times New Roman', serif;\"><span style=\"font-size: medium;\">Andrzej Matuszewski \/ <\/span><\/span><span style=\"font-family: 'Times New Roman', serif;\"><span style=\"font-size: medium;\"><i>Nie. Tak<\/i><\/span><\/span><\/li>\n<li><span style=\"font-family: 'Times New Roman', serif;\"><span style=\"font-size: medium;\">Jerzy Ludwi\u0144ski \/ <\/span><\/span><span style=\"font-family: 'Times New Roman', serif;\"><span style=\"font-size: medium;\"><i>8-7<\/i><\/span><\/span><\/li>\n<li><span style=\"font-family: 'Times New Roman', serif;\"><span style=\"font-size: medium;\">Andrzej Klawiter \/ <\/span><\/span><span style=\"font-family: 'Times New Roman', serif;\"><span style=\"font-size: medium;\"><i>Naturalne i czyste fenomenologie dzie\u0142a sztuki<\/i><\/span><\/span><\/li>\n<li><span style=\"font-family: 'Times New Roman', serif;\"><span style=\"font-size: medium;\">Noty o autorach<\/span><\/span><\/li>\n<li><span style=\"font-family: 'Times New Roman', serif;\"><span style=\"font-size: medium;\">Kronika<\/span><\/span><\/li>\n<li><span style=\"font-family: 'Times New Roman', serif;\"><span style=\"font-size: medium;\">Arty\u015bci i teoretycy wizytuj\u0105cy<\/span><\/span><\/li>\n<li><span style=\"font-family: 'Times New Roman', serif;\"><span style=\"font-size: medium;\">Klub dyskusyjny<\/span><\/span><\/li>\n<li><span style=\"font-family: 'Times New Roman', serif;\"><span style=\"font-size: medium;\">Obozy. Plenery. Spotkania<\/span><\/span><\/li>\n<li><span style=\"font-family: 'Times New Roman', serif;\"><span style=\"font-size: medium;\">GALERIE PWSSP<\/span><\/span><\/li>\n<li><span style=\"font-family: 'Times New Roman', serif;\"><span style=\"font-size: medium;\">Akumulatory 2<\/span><\/span><\/li>\n<li><span style=\"font-family: 'Times New Roman', serif;\"><span style=\"font-size: medium;\">Galeria AT<\/span><\/span><\/li>\n<li><span style=\"font-family: 'Times New Roman', serif;\"><span style=\"font-size: medium;\">Galeria ON<\/span><\/span><\/li>\n<li><span style=\"font-family: 'Times New Roman', serif;\"><span style=\"font-size: medium;\">Galeria Utilis<\/span><\/span><\/li>\n<li><span style=\"font-family: 'Times New Roman', serif;\"><span style=\"font-size: medium;\">Galeria Wielka 19<\/span><\/span><\/li>\n<li><span style=\"font-family: 'Times New Roman', serif;\"><span style=\"font-size: medium;\">Studio Wizualne Kontakt<\/span><\/span><\/li>\n<li><span style=\"font-family: 'Times New Roman', serif;\"><span style=\"font-size: medium;\">Varia<\/span><\/span><\/li>\n<\/ul>\n","protected":false},"excerpt":{"rendered":"<p>4 \/ 1988 ZESZYTY ARTYSTYCZNE \/ nr 04 &#8212;&#8212;&#8212;&#8212;&#8212;&#8212;&#8212;&#8212;&#8212;&#8212;&#8212;&#8212;&#8212;&#8212;- Teksty problemowe Rafa\u0142 Grupi\u0144ski \/ Kogut Asklepiosa czyli kr\u00f3tki esej o rozmowie Alicja K\u0119pi\u0144ska \/ Spokojna rozmowa o sztuce Rozmowa z Peterem Mondrupem Hansenem Rozmowa z Jerzym Ludwi\u0144skim Rozmowa z Goeffreyem&hellip;<\/p>\n<p class=\"more-link-p\"><a class=\"more-link\" href=\"http:\/\/za.uap.edu.pl\/?page_id=418\">Read more &rarr;<\/a><\/p>\n","protected":false},"author":3,"featured_media":0,"parent":0,"menu_order":0,"comment_status":"closed","ping_status":"closed","template":"","meta":[],"_links":{"self":[{"href":"http:\/\/za.uap.edu.pl\/index.php?rest_route=\/wp\/v2\/pages\/418"}],"collection":[{"href":"http:\/\/za.uap.edu.pl\/index.php?rest_route=\/wp\/v2\/pages"}],"about":[{"href":"http:\/\/za.uap.edu.pl\/index.php?rest_route=\/wp\/v2\/types\/page"}],"author":[{"embeddable":true,"href":"http:\/\/za.uap.edu.pl\/index.php?rest_route=\/wp\/v2\/users\/3"}],"replies":[{"embeddable":true,"href":"http:\/\/za.uap.edu.pl\/index.php?rest_route=%2Fwp%2Fv2%2Fcomments&post=418"}],"version-history":[{"count":4,"href":"http:\/\/za.uap.edu.pl\/index.php?rest_route=\/wp\/v2\/pages\/418\/revisions"}],"predecessor-version":[{"id":722,"href":"http:\/\/za.uap.edu.pl\/index.php?rest_route=\/wp\/v2\/pages\/418\/revisions\/722"}],"wp:attachment":[{"href":"http:\/\/za.uap.edu.pl\/index.php?rest_route=%2Fwp%2Fv2%2Fmedia&parent=418"}],"curies":[{"name":"wp","href":"https:\/\/api.w.org\/{rel}","templated":true}]}}