{"id":422,"date":"2017-02-24T16:36:36","date_gmt":"2017-02-24T16:36:36","guid":{"rendered":"http:\/\/za.uap.edu.pl\/?page_id=422"},"modified":"2019-03-26T08:16:11","modified_gmt":"2019-03-26T08:16:11","slug":"02-2","status":"publish","type":"page","link":"http:\/\/za.uap.edu.pl\/?page_id=422","title":{"rendered":"02"},"content":{"rendered":"<p><span style=\"font-family: 'Times New Roman', serif;\"><span style=\"font-size: medium;\"><b>2 \/ 1985<\/b><\/span><\/span><\/p>\n<p><a href=\"http:\/\/za.uap.edu.pl\/wp-content\/uploads\/2018\/07\/Cz-213_1985_nr2-compressed.pdf\">ZESZYTY ARTYSTYCZNE \/ nr 02<\/a><\/p>\n<p><span style=\"font-family: 'Times New Roman', serif;\"><span style=\"font-size: medium;\">&#8212;&#8212;&#8212;&#8212;&#8212;&#8212;&#8212;&#8212;&#8212;&#8212;&#8212;&#8212;&#8212;&#8212;-<br \/>\nTeksty problemowe<\/span><\/span><\/p>\n<ul>\n<li><span style=\"font-family: 'Times New Roman', serif;\"><span style=\"font-size: medium;\">Grzegorz Dziamski \/ <\/span><\/span><span style=\"font-family: 'Times New Roman', serif;\"><span style=\"font-size: medium;\"><i>Ka\u017cdy jest tw\u00f3rczy \u2013 czyli mail art u progu trzeciej dekady<\/i><\/span><\/span><\/li>\n<li><span style=\"font-family: 'Times New Roman', serif;\"><span style=\"font-size: medium;\">Alicja K\u0119pi\u0144ska \/ <\/span><\/span><span style=\"font-family: 'Times New Roman', serif;\"><span style=\"font-size: medium;\"><i>Ogrody<\/i><\/span><\/span><\/li>\n<li><span style=\"font-family: 'Times New Roman', serif;\"><span style=\"font-size: medium;\"><i>Sztuki nie da si\u0119 wymy\u015bli\u0107<\/i><\/span><\/span><span style=\"font-family: 'Times New Roman', serif;\"><span style=\"font-size: medium;\"> \/ Rozmowa Jacka Waltosia z J\u00f3zefem Fliegerem<\/span><\/span><\/li>\n<li><span style=\"font-family: 'Times New Roman', serif;\"><span style=\"font-size: medium;\"><i>O Sztuce, Uczelni i Galerii<\/i><\/span><\/span><span style=\"font-family: 'Times New Roman', serif;\"><span style=\"font-size: medium;\"> \/ Rozmowa Wies\u0142awy Wierzchowskiej z Jaros\u0142awem Koz\u0142owskim<\/span><\/span><\/li>\n<li><span style=\"font-family: 'Times New Roman', serif;\"><span style=\"font-size: medium;\">Rozmowa z Johnem Blake\u2019em<\/span><\/span><\/li>\n<li><span style=\"font-family: 'Times New Roman', serif;\"><span style=\"font-size: medium;\">Jerzy Ka\u0142ucki \/ <\/span><\/span><span style=\"font-family: 'Times New Roman', serif;\"><span style=\"font-size: medium;\"><i>Zwierzenia o przestrzeni geometrii<\/i><\/span><\/span><\/li>\n<li><span style=\"font-family: 'Times New Roman', serif;\"><span style=\"font-size: medium;\">Andrzej Matuszewski \/ <\/span><\/span><span style=\"font-family: 'Times New Roman', serif;\"><span style=\"font-size: medium;\"><i>Uroki Iluzji<\/i><\/span><\/span><\/li>\n<li><span style=\"font-family: 'Times New Roman', serif;\"><span style=\"font-size: medium;\">Noty o autorach<\/span><\/span><\/li>\n<li><span style=\"font-family: 'Times New Roman', serif;\"><span style=\"font-size: medium;\">Kronika<\/span><\/span><\/li>\n<li><span style=\"font-family: 'Times New Roman', serif;\"><span style=\"font-size: medium;\">Prezentacje postaw i pogl\u0105d\u00f3w pedagog\u00f3w<\/span><\/span><\/li>\n<li><span style=\"font-family: 'Times New Roman', serif;\"><span style=\"font-size: medium;\">Arty\u015bci wizytuj\u0105cy<\/span><\/span><\/li>\n<li><span style=\"font-family: 'Times New Roman', serif;\"><span style=\"font-size: medium;\">Plenery, Obozy, Spotkania<\/span><\/span><\/li>\n<li><span style=\"font-family: 'Times New Roman', serif;\"><span style=\"font-size: medium;\">Klub dyskusyjny<\/span><\/span><\/li>\n<li><span style=\"font-family: 'Times New Roman', serif;\"><span style=\"font-size: medium;\">Galerie PWSSP<\/span><\/span><\/li>\n<li><span style=\"font-family: 'Times New Roman', serif;\"><span style=\"font-size: medium;\">W innych galeriach Poznania<\/span><\/span><\/li>\n<li><span style=\"font-family: 'Times New Roman', serif;\"><span style=\"font-size: medium;\">Varia<\/span><\/span><\/li>\n<li><span style=\"font-family: 'Times New Roman', serif;\"><span style=\"font-size: medium;\">Programy nauczania<\/span><\/span><\/li>\n<\/ul>\n<p><span style=\"font-family: 'Times New Roman', serif;\"><span style=\"font-size: medium;\">st. wyk\u0142. Andrzej Kurzawski<\/span><\/span><\/p>\n<p><span style=\"font-family: 'Times New Roman', serif;\"><span style=\"font-size: medium;\">prof. Jacek W\u0119c\u0142awski<\/span><\/span><\/p>\n<p><span style=\"font-family: 'Times New Roman', serif;\"><span style=\"font-size: medium;\">adj. Henryk Regimowicz<\/span><\/span><\/p>\n","protected":false},"excerpt":{"rendered":"<p>2 \/ 1985 ZESZYTY ARTYSTYCZNE \/ nr 02 &#8212;&#8212;&#8212;&#8212;&#8212;&#8212;&#8212;&#8212;&#8212;&#8212;&#8212;&#8212;&#8212;&#8212;- Teksty problemowe Grzegorz Dziamski \/ Ka\u017cdy jest tw\u00f3rczy \u2013 czyli mail art u progu trzeciej dekady Alicja K\u0119pi\u0144ska \/ Ogrody Sztuki nie da si\u0119 wymy\u015bli\u0107 \/ Rozmowa Jacka Waltosia z J\u00f3zefem&hellip;<\/p>\n<p class=\"more-link-p\"><a class=\"more-link\" href=\"http:\/\/za.uap.edu.pl\/?page_id=422\">Read more &rarr;<\/a><\/p>\n","protected":false},"author":3,"featured_media":0,"parent":0,"menu_order":0,"comment_status":"closed","ping_status":"closed","template":"","meta":[],"_links":{"self":[{"href":"http:\/\/za.uap.edu.pl\/index.php?rest_route=\/wp\/v2\/pages\/422"}],"collection":[{"href":"http:\/\/za.uap.edu.pl\/index.php?rest_route=\/wp\/v2\/pages"}],"about":[{"href":"http:\/\/za.uap.edu.pl\/index.php?rest_route=\/wp\/v2\/types\/page"}],"author":[{"embeddable":true,"href":"http:\/\/za.uap.edu.pl\/index.php?rest_route=\/wp\/v2\/users\/3"}],"replies":[{"embeddable":true,"href":"http:\/\/za.uap.edu.pl\/index.php?rest_route=%2Fwp%2Fv2%2Fcomments&post=422"}],"version-history":[{"count":4,"href":"http:\/\/za.uap.edu.pl\/index.php?rest_route=\/wp\/v2\/pages\/422\/revisions"}],"predecessor-version":[{"id":720,"href":"http:\/\/za.uap.edu.pl\/index.php?rest_route=\/wp\/v2\/pages\/422\/revisions\/720"}],"wp:attachment":[{"href":"http:\/\/za.uap.edu.pl\/index.php?rest_route=%2Fwp%2Fv2%2Fmedia&parent=422"}],"curies":[{"name":"wp","href":"https:\/\/api.w.org\/{rel}","templated":true}]}}