{"id":462,"date":"2017-02-24T16:54:37","date_gmt":"2017-02-24T16:54:37","guid":{"rendered":"http:\/\/za.uap.edu.pl\/?page_id=462"},"modified":"2019-03-26T08:25:15","modified_gmt":"2019-03-26T08:25:15","slug":"22-2","status":"publish","type":"page","link":"http:\/\/za.uap.edu.pl\/?page_id=462","title":{"rendered":"22"},"content":{"rendered":"<p><span style=\"font-family: 'Times New Roman', serif;\"><span style=\"font-size: medium;\"><b>22 \/ 2012<\/b><\/span><\/span><\/p>\n<p><a href=\"http:\/\/za.uap.edu.pl\/wp-content\/uploads\/2018\/07\/Cz213_2012_z.22.pdf\">ZESZYTY ARTYSTYCZNE \/ nr 22<\/a><\/p>\n<p>&#8212;&#8212;&#8212;&#8212;&#8212;&#8212;&#8212;&#8212;&#8212;&#8212;&#8212;&#8212;&#8212;&#8212;-<\/p>\n<p><span style=\"font-family: 'Times New Roman', serif;\"><span style=\"font-size: medium;\"><i><b>Design \u2013 mi\u0119dzy sztuka i nauk\u0105<\/b><\/i><\/span><\/span><\/p>\n<p><a href=\"http:\/\/za.uap.edu.pl\/wp-content\/uploads\/2012\/02\/ZA_22_Face.jpg\"><img loading=\"lazy\" class=\"alignnone size-large wp-image-176\" src=\"http:\/\/za.uap.edu.pl\/wp-content\/uploads\/2012\/02\/ZA_22_Face-703x1024.jpg\" alt=\"ZA_22_Face\" width=\"640\" height=\"932\" srcset=\"http:\/\/za.uap.edu.pl\/wp-content\/uploads\/2012\/02\/ZA_22_Face-703x1024.jpg 703w, http:\/\/za.uap.edu.pl\/wp-content\/uploads\/2012\/02\/ZA_22_Face-206x300.jpg 206w, http:\/\/za.uap.edu.pl\/wp-content\/uploads\/2012\/02\/ZA_22_Face.jpg 974w\" sizes=\"(max-width: 640px) 100vw, 640px\" \/><\/a><\/p>\n<p><span style=\"color: #000000;\"><strong><span style=\"font-family: 'Times New Roman', serif;\"><span style=\"font-size: medium;\">PDF \/\u00a0<a style=\"color: #000000;\" href=\"http:\/\/za.uap.edu.pl\/wp-content\/uploads\/2012\/02\/ZA_22_www.pdf\">Zeszyty Artystyczne 22<\/a><\/span><\/span><\/strong><\/span><\/p>\n<ul>\n<li><span style=\"font-family: 'Times New Roman', serif;\"><span style=\"font-size: medium;\">Monika Rosi\u0144ska \/ <\/span><\/span><span style=\"font-family: 'Times New Roman', serif;\"><span style=\"font-size: medium;\"><i>Design: mi\u0119dzy estetyka a funkcjonalno\u015bci\u0105<\/i><\/span><\/span><\/li>\n<li><span style=\"font-family: 'Times New Roman', serif;\"><span style=\"font-size: medium;\">Ewa \u0141ukaszyk\/ <\/span><\/span><span style=\"font-family: 'Times New Roman', serif;\"><span style=\"font-size: medium;\"><i>Ergonomika kultury. O zasi\u0119gu idei metadesignu<\/i><\/span><\/span><\/li>\n<li><span style=\"font-family: 'Times New Roman', serif;\"><span style=\"font-size: medium;\">Rafa\u0142 Ilnicki \/ <\/span><\/span><span style=\"font-family: 'Times New Roman', serif;\"><span style=\"font-size: medium;\"><i>Projektowanie spo\u0142ecznych robot\u00f3w \u2013 wyzwanie dla technonauki i sztuki<\/i><\/span><\/span><\/li>\n<li><span style=\"font-family: 'Times New Roman', serif;\"><span style=\"font-size: medium;\">Maciej B\u0142aszak, \u0141ukasz Przybylski \/ <\/span><\/span><span style=\"font-family: 'Times New Roman', serif;\"><span style=\"font-size: medium;\"><i>Systemowy model projektowania: ewolucja mebli stymuluj\u0105cych rozw\u00f3j dziecka<\/i><\/span><\/span><\/li>\n<li><span style=\"font-family: 'Times New Roman', serif;\"><span style=\"font-size: medium;\">Marcin Moskalewicz, Tomasz Zar\u0119bski \/ <\/span><\/span><span style=\"font-family: 'Times New Roman', serif;\"><span style=\"font-size: medium;\"><i>Koncepcja uniwersalnego projektowania jako pr\u00f3ba przezwyci\u0119\u017cenia tradycyjnych modeli niepe\u0142nosprawno\u015bci<\/i><\/span><\/span><\/li>\n<li><span style=\"font-family: 'Times New Roman', serif;\"><span style=\"font-size: medium;\">Waldemar Rapier, Monika Rosi\u0144ska \/ Co-edukacja. Metody etnograficzne w projektowaniu<\/span><\/span><\/li>\n<li><span style=\"font-family: 'Times New Roman', serif;\"><span style=\"font-size: medium;\">Agnieszka Paw\u0142owska \/ <\/span><\/span><span style=\"font-family: 'Times New Roman', serif;\"><span style=\"font-size: medium;\"><i>Psychoforma. Jak my zmieniamy form\u0119 tak ona zmienia nas, czyli o wp\u0142ywie cech formy plastycznej na stan psychiczny widza<\/i><\/span><\/span><\/li>\n<li><span style=\"font-family: 'Times New Roman', serif;\"><span style=\"font-size: medium;\">W\u0142odzimierz Dreszer \/ <\/span><\/span><span style=\"font-family: 'Times New Roman', serif;\"><span style=\"font-size: medium;\"><i>Ross Lovergrove<br \/>\n<\/i><\/span><\/span><span style=\"font-family: 'Times New Roman', serif;\"><span style=\"font-size: medium;\">Projekty:<\/span><\/span><\/li>\n<li><span style=\"font-family: 'Times New Roman', serif;\"><span style=\"font-size: medium;\">Ross Lovergrove \/ <\/span><\/span><span style=\"font-family: 'Times New Roman', serif;\"><span style=\"font-size: medium;\"><i>The Alpine Capsule<\/i><\/span><\/span><\/li>\n<li><span style=\"font-family: 'Times New Roman', serif;\"><span style=\"font-size: medium;\">Jaros\u0142aw Kozakiewicz \/ <\/span><\/span><span style=\"font-family: 'Times New Roman', serif;\"><span style=\"font-size: medium;\"><i>Tardigrada botanica<\/i><\/span><\/span><\/li>\n<li><span style=\"font-family: 'Times New Roman', serif;\"><span style=\"font-size: medium;\">Pracownia wizytuj\u0105ca Dominika Lejmana<\/span><\/span><\/li>\n<li><span style=\"font-family: 'Times New Roman', serif;\"><span style=\"font-size: medium;\">Pracownia Andrzeja Wielgosza<\/span><\/span><\/li>\n<li><span style=\"font-family: 'Times New Roman', serif;\"><span style=\"font-size: medium;\">Pracownia Katarzyny Laskowskiej<br \/>\nRecenzje:<\/span><\/span><\/li>\n<li><span style=\"font-family: 'Times New Roman', serif;\"><span style=\"font-size: medium;\">Micha\u0142 Filipiak \/ <\/span><\/span><span style=\"font-family: 'Times New Roman', serif;\"><span style=\"font-size: medium;\"><i>Widzie\u0107\/Wiedzie\u0107<\/i><\/span><\/span><\/li>\n<li><span style=\"font-family: 'Times New Roman', serif;\"><span style=\"font-size: medium;\">Karolina Staszak \/ <\/span><\/span><span style=\"font-family: 'Times New Roman', serif;\"><span style=\"font-size: medium;\"><i>Obrazy fotografii<\/i><\/span><\/span><\/li>\n<li><span style=\"font-family: 'Times New Roman', serif;\"><span style=\"font-size: medium;\">Marek Wasilewski \/ <\/span><\/span><span style=\"font-family: 'Times New Roman', serif;\"><span style=\"font-size: medium;\"><i>Polityka przekraczania<\/i><\/span><\/span><\/li>\n<\/ul>\n<ul>\n<li><span style=\"font-family: 'Times New Roman', serif;\"><span style=\"font-size: medium;\">Kalendarium<\/span><\/span><\/li>\n<li><span style=\"font-family: 'Times New Roman', serif;\"><span style=\"font-size: medium;\">Abstracts<\/span><\/span><\/li>\n<li><span style=\"font-family: 'Times New Roman', serif;\"><span style=\"font-size: medium;\">Noty o autorach<\/span><\/span><\/li>\n<\/ul>\n<p>&nbsp;<\/p>\n","protected":false},"excerpt":{"rendered":"<p>22 \/ 2012 ZESZYTY ARTYSTYCZNE \/ nr 22 &#8212;&#8212;&#8212;&#8212;&#8212;&#8212;&#8212;&#8212;&#8212;&#8212;&#8212;&#8212;&#8212;&#8212;- Design \u2013 mi\u0119dzy sztuka i nauk\u0105 PDF \/\u00a0Zeszyty Artystyczne 22 Monika Rosi\u0144ska \/ Design: mi\u0119dzy estetyka a funkcjonalno\u015bci\u0105 Ewa \u0141ukaszyk\/ Ergonomika kultury. O zasi\u0119gu idei metadesignu Rafa\u0142 Ilnicki \/ Projektowanie spo\u0142ecznych&hellip;<\/p>\n<p class=\"more-link-p\"><a class=\"more-link\" href=\"http:\/\/za.uap.edu.pl\/?page_id=462\">Read more &rarr;<\/a><\/p>\n","protected":false},"author":3,"featured_media":0,"parent":0,"menu_order":0,"comment_status":"closed","ping_status":"closed","template":"","meta":[],"_links":{"self":[{"href":"http:\/\/za.uap.edu.pl\/index.php?rest_route=\/wp\/v2\/pages\/462"}],"collection":[{"href":"http:\/\/za.uap.edu.pl\/index.php?rest_route=\/wp\/v2\/pages"}],"about":[{"href":"http:\/\/za.uap.edu.pl\/index.php?rest_route=\/wp\/v2\/types\/page"}],"author":[{"embeddable":true,"href":"http:\/\/za.uap.edu.pl\/index.php?rest_route=\/wp\/v2\/users\/3"}],"replies":[{"embeddable":true,"href":"http:\/\/za.uap.edu.pl\/index.php?rest_route=%2Fwp%2Fv2%2Fcomments&post=462"}],"version-history":[{"count":4,"href":"http:\/\/za.uap.edu.pl\/index.php?rest_route=\/wp\/v2\/pages\/462\/revisions"}],"predecessor-version":[{"id":739,"href":"http:\/\/za.uap.edu.pl\/index.php?rest_route=\/wp\/v2\/pages\/462\/revisions\/739"}],"wp:attachment":[{"href":"http:\/\/za.uap.edu.pl\/index.php?rest_route=%2Fwp%2Fv2%2Fmedia&parent=462"}],"curies":[{"name":"wp","href":"https:\/\/api.w.org\/{rel}","templated":true}]}}