{"id":464,"date":"2017-02-24T16:55:14","date_gmt":"2017-02-24T16:55:14","guid":{"rendered":"http:\/\/za.uap.edu.pl\/?page_id=464"},"modified":"2019-03-26T08:25:48","modified_gmt":"2019-03-26T08:25:48","slug":"23-2","status":"publish","type":"page","link":"http:\/\/za.uap.edu.pl\/?page_id=464","title":{"rendered":"23"},"content":{"rendered":"<p><span style=\"font-family: 'Times New Roman', serif;\"><span style=\"font-size: medium;\"><b>23 \/2013<\/b><\/span><\/span><\/p>\n<p><a href=\"http:\/\/za.uap.edu.pl\/wp-content\/uploads\/2018\/07\/Cz213_2013_z.23-compressed.pdf\">ZESZYTY ARTYSTYCZNE \/ nr 23<\/a><\/p>\n<p>&#8212;&#8212;&#8212;&#8212;&#8212;&#8212;&#8212;&#8212;&#8212;&#8212;&#8212;&#8212;&#8212;&#8212;-<\/p>\n<p><span style=\"font-family: 'Times New Roman', serif;\"><span style=\"font-size: medium;\"><i><b>Bauman<\/b><\/i><\/span><\/span><\/p>\n<p><a href=\"http:\/\/za.uap.edu.pl\/wp-content\/uploads\/2012\/02\/ZA_23_Face.jpg\"><img loading=\"lazy\" class=\"alignnone size-large wp-image-175\" src=\"http:\/\/za.uap.edu.pl\/wp-content\/uploads\/2012\/02\/ZA_23_Face-703x1024.jpg\" alt=\"ZA_23_Face\" width=\"640\" height=\"932\" srcset=\"http:\/\/za.uap.edu.pl\/wp-content\/uploads\/2012\/02\/ZA_23_Face-703x1024.jpg 703w, http:\/\/za.uap.edu.pl\/wp-content\/uploads\/2012\/02\/ZA_23_Face-206x300.jpg 206w, http:\/\/za.uap.edu.pl\/wp-content\/uploads\/2012\/02\/ZA_23_Face.jpg 974w\" sizes=\"(max-width: 640px) 100vw, 640px\" \/><\/a><\/p>\n<p><strong><span style=\"font-family: 'Times New Roman', serif; color: #000000;\"><span style=\"font-size: medium;\">PDF \/\u00a0<a style=\"color: #000000;\" href=\"http:\/\/za.uap.edu.pl\/wp-content\/uploads\/2012\/02\/ZA_23_www.pdf\">Zeszyty Artystyczne 23<\/a><\/span><\/span><\/strong><\/p>\n<ul>\n<li><span style=\"font-family: 'Times New Roman', serif;\"><span style=\"font-size: medium;\">Roman Kubicki \u2013 Wst\u0119p<\/span><\/span><\/li>\n<li><span style=\"font-family: 'Times New Roman', serif;\"><span style=\"font-size: medium;\">Rozmowa \/ <\/span><\/span><span style=\"font-family: 'Times New Roman', serif;\"><span style=\"font-size: medium;\"><i>Nie mia\u0142em nigdy szacunku do sztucznie wytworzonych granic<\/i><\/span><\/span><span style=\"font-family: 'Times New Roman', serif;\"><span style=\"font-size: medium;\">. Z Zygmuntem Baumanem rozmawia Marek Wasilewski<\/span><\/span><\/li>\n<li><span style=\"font-family: 'Times New Roman', serif;\"><span style=\"font-size: medium;\">Andrzej P. Florkowski \/ Laudacja z okazji nadania profesorowi Zygmuntowi Baumanowi godno\u015bci doktora honoris causa Uniwersytetu Artystycznego w Poznaniu<\/span><\/span><\/li>\n<li><span style=\"font-family: 'Times New Roman', serif;\"><span style=\"font-size: medium;\">Piotr Piotrowski \/ <\/span><\/span><span style=\"font-family: 'Times New Roman', serif;\"><span style=\"font-size: medium;\"><i>P\u0142ynna demokracja<\/i><\/span><\/span><\/li>\n<li><span style=\"font-family: 'Times New Roman', serif;\"><span style=\"font-size: medium;\">Andrzej Turowski \/ <\/span><\/span><span style=\"font-family: 'Times New Roman', serif;\"><span style=\"font-size: medium;\"><i>Pustynia wolno\u015bci<\/i><\/span><\/span><\/li>\n<li><span style=\"font-family: 'Times New Roman', serif;\"><span style=\"font-size: medium;\">Marek Wasilewski \/ <\/span><\/span><span style=\"font-family: 'Times New Roman', serif;\"><span style=\"font-size: medium;\"><i>Sztuka oferuje azyl prawdzie<\/i><\/span><\/span><\/li>\n<li><span style=\"font-family: 'Times New Roman', serif;\"><span style=\"font-size: medium;\">Jan. P. Hudzik \/ <\/span><\/span><span style=\"font-family: 'Times New Roman', serif;\"><span style=\"font-size: medium;\"><i>Bauman i my, tacy jak K<\/i><\/span><\/span><\/li>\n<li><span style=\"font-family: 'Times New Roman', serif;\"><span style=\"font-size: medium;\">S\u0142awomir Marzec \/ <\/span><\/span><span style=\"font-family: 'Times New Roman', serif;\"><span style=\"font-size: medium;\"><i>Precyzuj\u0105c inspiruj\u0105ce odmienno\u015bci<\/i><\/span><\/span><\/li>\n<li><span style=\"font-family: 'Times New Roman', serif;\"><span style=\"font-size: medium;\">Joanna Janiak \/ <\/span><\/span><span style=\"font-family: 'Times New Roman', serif;\"><span style=\"font-size: medium;\"><i>O pozna\u0144skich spotkaniach z Janin\u0105 i Zygmuntem Baumanami<\/i><\/span><\/span><\/li>\n<li><span style=\"font-family: 'Times New Roman', serif;\"><span style=\"font-size: medium;\">Ewa W\u00f3jtowicz \/ <\/span><\/span><span style=\"font-family: 'Times New Roman', serif;\"><span style=\"font-size: medium;\"><i>Wok\u00f3\u0142 kategorii p\u0142ynno\u015bci. Do\u015bwiadczenie sztuki w globalnej kulturze<\/i><\/span><\/span><\/li>\n<li><span style=\"font-family: 'Times New Roman', serif;\"><span style=\"font-size: medium;\">Andrzej Marzec \/ <\/span><\/span><span style=\"font-family: 'Times New Roman', serif;\"><span style=\"font-size: medium;\"><i>Kultura w p\u0142ynie \u2013 o ponowoczesnych stanach skupienia<\/i><\/span><\/span><\/li>\n<li><span style=\"font-family: 'Times New Roman', serif;\"><span style=\"font-size: medium;\">Jan Stanis\u0142aw Wojciechowski \/ <\/span><\/span><span style=\"font-family: 'Times New Roman', serif;\"><span style=\"font-size: medium;\"><i>P\u0142ynna czy post-\u015bwiecka?<\/i><\/span><\/span><\/li>\n<li><span style=\"font-family: 'Times New Roman', serif;\"><span style=\"font-size: medium;\">Paulina Sztabi\u0144ska \/ <\/span><\/span><span style=\"font-family: 'Times New Roman', serif;\"><span style=\"font-size: medium;\"><i>Kultura ponowoczesna a etos sztuki<\/i><\/span><\/span><\/li>\n<li><span style=\"font-family: 'Times New Roman', serif;\"><span style=\"font-size: medium;\">Teresa P\u0119kala \/ <\/span><\/span><span style=\"font-family: 'Times New Roman', serif;\"><span style=\"font-size: medium;\"><i>O awangardzie i sztuce kilka refleksji po latach<\/i><\/span><\/span><\/li>\n<li><span style=\"font-family: 'Times New Roman', serif;\"><span style=\"font-size: medium;\">Jolanta D\u0105bkowska-Zydro\u0144 \/ <\/span><\/span><span style=\"font-family: 'Times New Roman', serif;\"><span style=\"font-size: medium;\"><i>A jednak \u201ep\u0142ynno\u015b\u0107\u201d mo\u017ce mie\u0107 wymiar optymistyczny<\/i><\/span><\/span><\/li>\n<li><span style=\"font-family: 'Times New Roman', serif;\"><span style=\"font-size: medium;\">Roman Kubicki \/ <\/span><\/span><span style=\"font-family: 'Times New Roman', serif;\"><span style=\"font-size: medium;\"><i>Wiecznie raczkuj\u0105ca sprzeczno\u015b\u0107 sztuki<\/i><\/span><\/span><\/li>\n<li><span style=\"font-family: 'Times New Roman', serif;\"><span style=\"font-size: medium;\">Kalendarium<\/span><\/span><\/li>\n<li><span style=\"font-family: 'Times New Roman', serif;\"><span style=\"font-size: medium;\">Abstracts<\/span><\/span><\/li>\n<li><span style=\"font-family: 'Times New Roman', serif;\"><span style=\"font-size: medium;\">Noty o autorach<\/span><\/span><\/li>\n<\/ul>\n","protected":false},"excerpt":{"rendered":"<p>23 \/2013 ZESZYTY ARTYSTYCZNE \/ nr 23 &#8212;&#8212;&#8212;&#8212;&#8212;&#8212;&#8212;&#8212;&#8212;&#8212;&#8212;&#8212;&#8212;&#8212;- Bauman PDF \/\u00a0Zeszyty Artystyczne 23 Roman Kubicki \u2013 Wst\u0119p Rozmowa \/ Nie mia\u0142em nigdy szacunku do sztucznie wytworzonych granic. Z Zygmuntem Baumanem rozmawia Marek Wasilewski Andrzej P. Florkowski \/ Laudacja z okazji&hellip;<\/p>\n<p class=\"more-link-p\"><a class=\"more-link\" href=\"http:\/\/za.uap.edu.pl\/?page_id=464\">Read more &rarr;<\/a><\/p>\n","protected":false},"author":3,"featured_media":0,"parent":0,"menu_order":0,"comment_status":"closed","ping_status":"closed","template":"","meta":[],"_links":{"self":[{"href":"http:\/\/za.uap.edu.pl\/index.php?rest_route=\/wp\/v2\/pages\/464"}],"collection":[{"href":"http:\/\/za.uap.edu.pl\/index.php?rest_route=\/wp\/v2\/pages"}],"about":[{"href":"http:\/\/za.uap.edu.pl\/index.php?rest_route=\/wp\/v2\/types\/page"}],"author":[{"embeddable":true,"href":"http:\/\/za.uap.edu.pl\/index.php?rest_route=\/wp\/v2\/users\/3"}],"replies":[{"embeddable":true,"href":"http:\/\/za.uap.edu.pl\/index.php?rest_route=%2Fwp%2Fv2%2Fcomments&post=464"}],"version-history":[{"count":6,"href":"http:\/\/za.uap.edu.pl\/index.php?rest_route=\/wp\/v2\/pages\/464\/revisions"}],"predecessor-version":[{"id":740,"href":"http:\/\/za.uap.edu.pl\/index.php?rest_route=\/wp\/v2\/pages\/464\/revisions\/740"}],"wp:attachment":[{"href":"http:\/\/za.uap.edu.pl\/index.php?rest_route=%2Fwp%2Fv2%2Fmedia&parent=464"}],"curies":[{"name":"wp","href":"https:\/\/api.w.org\/{rel}","templated":true}]}}