{"id":477,"date":"2017-02-24T16:56:15","date_gmt":"2017-02-24T16:56:15","guid":{"rendered":"http:\/\/za.uap.edu.pl\/?page_id=477"},"modified":"2019-07-29T12:31:44","modified_gmt":"2019-07-29T12:31:44","slug":"29-2","status":"publish","type":"page","link":"http:\/\/za.uap.edu.pl\/?page_id=477","title":{"rendered":"29"},"content":{"rendered":"<p><strong>2(29)\/2016<\/strong><\/p>\n<p><a href=\"http:\/\/za.uap.edu.pl\/wp-content\/uploads\/2018\/07\/ZA_29.pdf\">ZESZYTY ARTYSTYCZNE \/ nr 29<\/a><\/p>\n<p>&#8212;&#8212;&#8212;&#8212;&#8212;&#8212;&#8212;&#8212;&#8212;&#8212;&#8212;&#8212;&#8212;&#8212;-<\/p>\n<p><a href=\"http:\/\/za.uap.edu.pl\/wp-content\/uploads\/2012\/02\/za_29.jpg\"><img loading=\"lazy\" class=\"alignnone wp-image-331\" src=\"http:\/\/za.uap.edu.pl\/wp-content\/uploads\/2012\/02\/za_29.jpg\" alt=\"za_29\" width=\"652\" height=\"933\" \/><\/a><\/p>\n<p>Temat numeru:<em> Rytua\u0142 a korespondencja sztuk<\/em><br \/>\nRedaktor prowadz\u0105cy: dr Jakub \u017bmidzi\u0144ski.<\/p>\n<p>&nbsp;<\/p>\n<p>Spis tre\u015bci:<\/p>\n<ul>\n<li>Jakub \u017bmidzi\u0144ski, <i><a href=\"http:\/\/za.uap.edu.pl\/wp-content\/uploads\/2017\/02\/Wstep_29.pdf\">Wst\u0119p \/ Introduction<\/a>,<\/i><\/li>\n<li>Rados\u0142aw Okulicz-Kozaryn,\u00a0<a href=\"http:\/\/za.uap.edu.pl\/wp-content\/uploads\/2017\/02\/Ca\u0142osc_swiata_o_29.pdf\"><em>Ca\u0142o\u015b\u0107 \u015bwiata o szarej godzinie. Dalekosi\u0119\u017cne konsekwencje<\/em> <em>niepozornego rytua\u0142u \/ The Whole World at Twilight. Far-reaching Consequences of an Inconspicuous Ritual,<\/em><\/a><\/li>\n<li>Aneta Kozyra,\u00a0<em><a href=\"http:\/\/za.uap.edu.pl\/wp-content\/uploads\/2017\/02\/Muzycznosc-_a_obrz\u0119dowosc_29.pdf\">Muzyczno\u015b\u0107 a obrz\u0119dowo\u015b\u0107 w powie\u015bci Wita Szostaka Oberki do ko\u0144ca \u015bwiata \u2013 korespondencja literatury z muzyk\u0105 i sztukami wizualnymi \/ Musicality versus Rituals in Wit Szostak\u2019s Novel Oberki do ko\u0144ca \u015bwiata \u2013 the Correlation of Literature with Music and Visual Arts,<\/a><\/em><\/li>\n<li>Agnieszka Narewska,\u00a0<em><a href=\"http:\/\/za.uap.edu.pl\/wp-content\/uploads\/2017\/02\/Artystyczne_oblicza_29.pdf\">Artystyczne oblicza rytua\u0142u na przyk\u0142adzie baletu \u015awi\u0119to wiosny Igora Strawi\u0144skiego \/ The Artistic Views on Ritual Based on Stravinsky\u2019s Rite of Spring,<\/a><\/em><\/li>\n<li>Maciej Jarczy\u0144ski,\u00a0<em><a href=\"http:\/\/za.uap.edu.pl\/wp-content\/uploads\/2017\/02\/Muzyka_choralna-a_29.pdf\">Muzyka ch\u00f3ralna a sztuki wizualne na przyk\u0142adzie wybranych dzie\u0142 filmowych \/ Choral Music versus Visual Arts in Selected Films,<\/a><\/em><\/li>\n<li>Anna Al-Araj,\u00a0<em><a href=\"http:\/\/za.uap.edu.pl\/wp-content\/uploads\/2017\/02\/Akt_sluchania_muzyki_29.pdf\">Akt s\u0142uchania muzyki minimalistycznej wobec rytua\u0142u. Songs from Liquid Days Philipa Glassa \/ The act of listening to Minimalist Music in the Context of Ritual. Songs from Liquid Days by Philip Glass,<\/a><\/em><\/li>\n<li>\u0141ukasz Strzelczyk,\u00a0<em><a href=\"http:\/\/za.uap.edu.pl\/wp-content\/uploads\/2017\/02\/Sound_art_29.pdf\">Sound art \u2013 zjawisko na granicy estetyk \/ Sound Art \u2013 the Phenomenon of Boundary of Aesthetics,<\/a><\/em><\/li>\n<li>Pawe\u0142 Mo\u017cd\u017cy\u0144ski,\u00a0<em><a href=\"http:\/\/za.uap.edu.pl\/wp-content\/uploads\/2017\/02\/Performans_artystyczny_29.pdf\">Performans artystyczny jako rytua\u0142. Struktura i antystruktura \/ Artistic Performance as Ritual. Structure and Anti-structure,<\/a><\/em><\/li>\n<li>Izabela Franckiewicz-Olczak, <em><a href=\"http:\/\/za.uap.edu.pl\/wp-content\/uploads\/2017\/02\/Rytual_a_nowomedialna_29.pdf\">Rytua\u0142 a nowomedialna sztuka interaktywna \/ The New Media Interactive Art in Ritual Perspective,<\/a><\/em><\/li>\n<li>Marta Smoli\u0144ska,\u00a0<em><a href=\"http:\/\/za.uap.edu.pl\/wp-content\/uploads\/2017\/02\/Performatywne_gry_29.pdf\">Performatywne gry z dotykiem: ambiwalencje sztuki haptycznej \/ The Ritual of Touching: the Ambivalence of Haptic Art,<\/a><\/em><\/li>\n<li>Monika Korona,\u00a0<em><a href=\"http:\/\/za.uap.edu.pl\/wp-content\/uploads\/2017\/02\/Tradycja_syntezy_29.pdf\">Tradycja syntezy sztuk w kulturze europejskiej a opieka konserwatorska \/ The Tradition of Arts Synthesis in the European Culture versus Restoration Care,<\/a><\/em><\/li>\n<li>Andrzej Rozwadowski, <em><a href=\"http:\/\/za.uap.edu.pl\/wp-content\/uploads\/2017\/02\/Zobaczyc_nie_29.pdf\">Zobaczy\u0107 nie znaczy zrozumie\u0107: do\u015bwiadczenie sztuki naskalnej \/Seeing is Not Understanding: Experiencing Rock Art,<\/a><\/em><\/li>\n<li>Wiesna Mond-Koz\u0142owska,\u00a0<em><a href=\"http:\/\/za.uap.edu.pl\/wp-content\/uploads\/2017\/02\/Estetyka_i._29.pdf\">Estetyka i sacrum z perspektywy europejskiej sztuki chora\u0142owej oraz artystycznej tradycji wedyjskiej \/Aesthetics and the Sacred from the Perspective of European Plain Chant and the Vedic Artistic Tradition,<\/a><\/em><\/li>\n<li>Andrzej Pankalla \/ Krzysztof Napieralski,<em> <a href=\"http:\/\/za.uap.edu.pl\/wp-content\/uploads\/2017\/02\/El_Corazon_29.pdf\">El Corazon del Cielo. Rytua\u0142y limfatyczne Indian Maya Quiche i metysa\u017c psycho-mitologiczny \/Lymphatic Rituals of Quiche Maya People and Psycho-Cultural Metisage in Real Psychology Perspective,<\/a><\/em><\/li>\n<li>Jakub \u017bmidzi\u0144ski,\u00a0<em><a href=\"http:\/\/za.uap.edu.pl\/wp-content\/uploads\/2017\/02\/Quia_symphonialis_29.pdf\">\u201eQuia symphonialis est anima\u201d. O pewnych relacjach muzyki ze s\u0142owem i \u015bwiat\u0142em, \u2018Quia symphonialis est anima\u2019. On Some Relations of Music with Word and Light,<\/a><\/em><\/li>\n<li><a href=\"http:\/\/za.uap.edu.pl\/wp-content\/uploads\/2017\/02\/Kalendarium_29.pdf\">Kalendarium galerii zwi\u0105zanych z UAP \u2013 od stycznia do pa\u017adziernika 2016: Galeria AT, Galeria UAP \/ Aula, Galeria Naprzeciw, Galeria Miejska w Mosinie, Galeria UAP \/ Rotunda, :SKALA.<\/a><\/li>\n<li><a href=\"http:\/\/za.uap.edu.pl\/wp-content\/uploads\/2017\/02\/Recenzje_29.pdf\">Recenzja: Grzegorz Dziamski, <em>Na marginesie monografii galerii Wielka 19<\/em>. Recenzja ksi\u0105\u017cki <em>Wielka 19<\/em> Justyny Kowalskiej (Wyd. Stowarzyszenie Czas Kultury, Pozna\u0144 2016).<\/a><\/li>\n<li><a href=\"http:\/\/za.uap.edu.pl\/wp-content\/uploads\/2017\/02\/Abstracts_29.pdf\">Abstracts<\/a><\/li>\n<\/ul>\n<p>&nbsp;<\/p>\n","protected":false},"excerpt":{"rendered":"<p>2(29)\/2016 ZESZYTY ARTYSTYCZNE \/ nr 29 &#8212;&#8212;&#8212;&#8212;&#8212;&#8212;&#8212;&#8212;&#8212;&#8212;&#8212;&#8212;&#8212;&#8212;- Temat numeru: Rytua\u0142 a korespondencja sztuk Redaktor prowadz\u0105cy: dr Jakub \u017bmidzi\u0144ski. &nbsp; Spis tre\u015bci: Jakub \u017bmidzi\u0144ski, Wst\u0119p \/ Introduction, Rados\u0142aw Okulicz-Kozaryn,\u00a0Ca\u0142o\u015b\u0107 \u015bwiata o szarej godzinie. Dalekosi\u0119\u017cne konsekwencje niepozornego rytua\u0142u \/ The Whole World&hellip;<\/p>\n<p class=\"more-link-p\"><a class=\"more-link\" href=\"http:\/\/za.uap.edu.pl\/?page_id=477\">Read more &rarr;<\/a><\/p>\n","protected":false},"author":3,"featured_media":0,"parent":0,"menu_order":0,"comment_status":"closed","ping_status":"closed","template":"","meta":[],"_links":{"self":[{"href":"http:\/\/za.uap.edu.pl\/index.php?rest_route=\/wp\/v2\/pages\/477"}],"collection":[{"href":"http:\/\/za.uap.edu.pl\/index.php?rest_route=\/wp\/v2\/pages"}],"about":[{"href":"http:\/\/za.uap.edu.pl\/index.php?rest_route=\/wp\/v2\/types\/page"}],"author":[{"embeddable":true,"href":"http:\/\/za.uap.edu.pl\/index.php?rest_route=\/wp\/v2\/users\/3"}],"replies":[{"embeddable":true,"href":"http:\/\/za.uap.edu.pl\/index.php?rest_route=%2Fwp%2Fv2%2Fcomments&post=477"}],"version-history":[{"count":14,"href":"http:\/\/za.uap.edu.pl\/index.php?rest_route=\/wp\/v2\/pages\/477\/revisions"}],"predecessor-version":[{"id":955,"href":"http:\/\/za.uap.edu.pl\/index.php?rest_route=\/wp\/v2\/pages\/477\/revisions\/955"}],"wp:attachment":[{"href":"http:\/\/za.uap.edu.pl\/index.php?rest_route=%2Fwp%2Fv2%2Fmedia&parent=477"}],"curies":[{"name":"wp","href":"https:\/\/api.w.org\/{rel}","templated":true}]}}