{"id":576,"date":"2018-06-28T09:28:16","date_gmt":"2018-06-28T09:28:16","guid":{"rendered":"http:\/\/za.uap.edu.pl\/?page_id=576"},"modified":"2019-07-29T12:32:01","modified_gmt":"2019-07-29T12:32:01","slug":"30-2","status":"publish","type":"page","link":"http:\/\/za.uap.edu.pl\/?page_id=576","title":{"rendered":"30"},"content":{"rendered":"<p>30 \/ 2017<\/p>\n<p><a href=\"http:\/\/za.uap.edu.pl\/wp-content\/uploads\/2018\/06\/ZA_30.pdf\">ZESZYTY ARTYSTYCZNE \/ nr 30<\/a><\/p>\n<p>&#8212;&#8212;&#8212;&#8212;&#8212;&#8212;&#8212;&#8212;&#8212;&#8212;&#8212;&#8212;&#8212;&#8212;-<\/p>\n<p><i>Edukacyjny potencja\u0142 fotografii <\/i><\/p>\n<p><a href=\"http:\/\/za.uap.edu.pl\/wp-content\/uploads\/2018\/06\/Bez-nazwy-1.jpg\"><img loading=\"lazy\" class=\"alignnone size-full wp-image-578\" src=\"http:\/\/za.uap.edu.pl\/wp-content\/uploads\/2018\/06\/Bez-nazwy-1.jpg\" alt=\"Bez nazwy 1\" width=\"535\" height=\"768\" srcset=\"http:\/\/za.uap.edu.pl\/wp-content\/uploads\/2018\/06\/Bez-nazwy-1.jpg 535w, http:\/\/za.uap.edu.pl\/wp-content\/uploads\/2018\/06\/Bez-nazwy-1-209x300.jpg 209w, http:\/\/za.uap.edu.pl\/wp-content\/uploads\/2018\/06\/Bez-nazwy-1-260x373.jpg 260w, http:\/\/za.uap.edu.pl\/wp-content\/uploads\/2018\/06\/Bez-nazwy-1-160x230.jpg 160w\" sizes=\"(max-width: 535px) 100vw, 535px\" \/><\/a><br \/>\nRedaktorzy prowadz\u0105cy: Marianna Micha\u0142owska, Justyna Ryczek, Maciej Szymanowicz<\/p>\n<p>Spis tre\u015bci<\/p>\n<p>Marianna Micha\u0142owskaJustyna Ryczek \/ Maciej Szymanowicz,\u00a0<a href=\"http:\/\/za.uap.edu.pl\/wp-content\/uploads\/2018\/06\/5-6_30.pdf\">Wst\u0119p<\/a><\/p>\n<p>I. Edukacja<\/p>\n<p>Marianna Micha\u0142owska,\u00a0<em><a href=\"http:\/\/za.uap.edu.pl\/wp-content\/uploads\/2018\/06\/7-18_30.pdf\">Uczy\u0107 fotografii, uczy\u0107 fotografi\u0105<\/a><\/em><\/p>\n<p>Katarzyna Napiera\u0142a-Rydz,\u00a0<a href=\"http:\/\/za.uap.edu.pl\/wp-content\/uploads\/2018\/06\/19-22_30.pdf\"><em>Warunki skuteczno\u015bci wykorzystania fotografii w edukacji<\/em> <\/a><\/p>\n<p>Piotr Wo\u0142y\u0144ski,\u00a0<em><a href=\"http:\/\/za.uap.edu.pl\/wp-content\/uploads\/2018\/06\/23-27_30.pdf\">Powi\u0119kszenie. Przechodnie obrazy \u2013 teoria i praktyka rozumienia fotografii<\/a><\/em><\/p>\n<p>II. Interpretacja<\/p>\n<p>Ma\u0142gorzata Radkiewicz,<em>\u00a0<a href=\"http:\/\/za.uap.edu.pl\/wp-content\/uploads\/2018\/06\/28-34_30.pdf\">Mi\u0119dzy kreacj\u0105 a dokumentacj\u0105 \u2013 naukowe fotografie zabytk\u00f3w Janiny Mierzeckiej<\/a><\/em><\/p>\n<p>Joanna Szy\u0142ko-Kwas,<em>\u00a0<a href=\"http:\/\/za.uap.edu.pl\/wp-content\/uploads\/2018\/06\/35-41_30.pdf\">Mi\u0119dzy informacj\u0105 a obrazem \u2013 o funkcji fotografii w prasie<\/a><\/em><\/p>\n<p>Joanna Hoffmann-Dietrich,\u00a0<em><a href=\"http:\/\/za.uap.edu.pl\/wp-content\/uploads\/2018\/06\/42-49_30.pdf\">Poza Powierzchni\u0119: Res Invisibles<\/a><\/em><\/p>\n<p>III. Edukacja<\/p>\n<p>Tomasz Bielak,\u00a0<a href=\"http:\/\/za.uap.edu.pl\/wp-content\/uploads\/2018\/06\/50-55_30.pdf\"><em>Notoryczne \u2019zawieszanie\u2019 \u2013 foto-obrazy usieciowione<\/em> <\/a><\/p>\n<p>Marta Smole\u0144-Sidyk, <a href=\"http:\/\/za.uap.edu.pl\/wp-content\/uploads\/2018\/06\/56-61_30.pdf\"><em>Visual Storytelling \u2013 jak za pomoc\u0105 obrazu opowiada\u0107 historie na odleg\u0142o\u015b\u0107?<\/em> <\/a><\/p>\n<p>IV. Praktyka<\/p>\n<p>Aneta Kopczacka \/ Monika Kozie\u0144-\u015awica,\u00a0<a href=\"http:\/\/za.uap.edu.pl\/wp-content\/uploads\/2018\/06\/62-65_30.pdf\"><em>Edukacyjne laboratorium Muzeum Historii Fotografii w Krakowie<\/em> <\/a><\/p>\n<p><a href=\"http:\/\/za.uap.edu.pl\/wp-content\/uploads\/2018\/06\/66-73_30.pdf\">Recenzje<\/a><\/p>\n<p><a href=\"http:\/\/za.uap.edu.pl\/wp-content\/uploads\/2018\/06\/74-87_30.pdf\">Kalendarium<\/a><\/p>\n<p><a href=\"http:\/\/za.uap.edu.pl\/wp-content\/uploads\/2018\/06\/88-90_30.pdf\">Abstracts<\/a><\/p>\n","protected":false},"excerpt":{"rendered":"<p>30 \/ 2017 ZESZYTY ARTYSTYCZNE \/ nr 30 &#8212;&#8212;&#8212;&#8212;&#8212;&#8212;&#8212;&#8212;&#8212;&#8212;&#8212;&#8212;&#8212;&#8212;- Edukacyjny potencja\u0142 fotografii Redaktorzy prowadz\u0105cy: Marianna Micha\u0142owska, Justyna Ryczek, Maciej Szymanowicz Spis tre\u015bci Marianna Micha\u0142owskaJustyna Ryczek \/ Maciej Szymanowicz,\u00a0Wst\u0119p I. Edukacja Marianna Micha\u0142owska,\u00a0Uczy\u0107 fotografii, uczy\u0107 fotografi\u0105 Katarzyna Napiera\u0142a-Rydz,\u00a0Warunki skuteczno\u015bci wykorzystania fotografii&hellip;<\/p>\n<p class=\"more-link-p\"><a class=\"more-link\" href=\"http:\/\/za.uap.edu.pl\/?page_id=576\">Read more &rarr;<\/a><\/p>\n","protected":false},"author":3,"featured_media":0,"parent":0,"menu_order":0,"comment_status":"closed","ping_status":"closed","template":"","meta":[],"_links":{"self":[{"href":"http:\/\/za.uap.edu.pl\/index.php?rest_route=\/wp\/v2\/pages\/576"}],"collection":[{"href":"http:\/\/za.uap.edu.pl\/index.php?rest_route=\/wp\/v2\/pages"}],"about":[{"href":"http:\/\/za.uap.edu.pl\/index.php?rest_route=\/wp\/v2\/types\/page"}],"author":[{"embeddable":true,"href":"http:\/\/za.uap.edu.pl\/index.php?rest_route=\/wp\/v2\/users\/3"}],"replies":[{"embeddable":true,"href":"http:\/\/za.uap.edu.pl\/index.php?rest_route=%2Fwp%2Fv2%2Fcomments&post=576"}],"version-history":[{"count":10,"href":"http:\/\/za.uap.edu.pl\/index.php?rest_route=\/wp\/v2\/pages\/576\/revisions"}],"predecessor-version":[{"id":956,"href":"http:\/\/za.uap.edu.pl\/index.php?rest_route=\/wp\/v2\/pages\/576\/revisions\/956"}],"wp:attachment":[{"href":"http:\/\/za.uap.edu.pl\/index.php?rest_route=%2Fwp%2Fv2%2Fmedia&parent=576"}],"curies":[{"name":"wp","href":"https:\/\/api.w.org\/{rel}","templated":true}]}}