{"id":754,"date":"2019-03-26T08:37:33","date_gmt":"2019-03-26T08:37:33","guid":{"rendered":"http:\/\/za.uap.edu.pl\/?page_id=754"},"modified":"2019-07-29T12:32:19","modified_gmt":"2019-07-29T12:32:19","slug":"31-2","status":"publish","type":"page","link":"http:\/\/za.uap.edu.pl\/?page_id=754","title":{"rendered":"31"},"content":{"rendered":"<p>31 \/ 2017<\/p>\n<p><a href=\"http:\/\/za.uap.edu.pl\/wp-content\/uploads\/2018\/07\/ZA_31.pdf\">ZESZYTY ARTYSTYCZNE \/ nr 31<\/a><\/p>\n<p>&#8212;&#8212;&#8212;&#8212;&#8212;&#8212;&#8212;&#8212;&#8212;&#8212;&#8212;&#8212;&#8212;&#8212;-<\/p>\n<p>Nieczytelno\u015b\u0107<\/p>\n<p><a href=\"http:\/\/za.uap.edu.pl\/wp-content\/uploads\/2018\/09\/31.jpg\"><img loading=\"lazy\" class=\"alignnone size-full wp-image-623\" src=\"http:\/\/za.uap.edu.pl\/wp-content\/uploads\/2018\/09\/31.jpg\" alt=\"31\" width=\"538\" height=\"768\" srcset=\"http:\/\/za.uap.edu.pl\/wp-content\/uploads\/2018\/09\/31.jpg 538w, http:\/\/za.uap.edu.pl\/wp-content\/uploads\/2018\/09\/31-210x300.jpg 210w, http:\/\/za.uap.edu.pl\/wp-content\/uploads\/2018\/09\/31-260x371.jpg 260w, http:\/\/za.uap.edu.pl\/wp-content\/uploads\/2018\/09\/31-160x228.jpg 160w\" sizes=\"(max-width: 538px) 100vw, 538px\" \/><\/a><br \/>\nRedaktor prowadz\u0105ca: Marta Smoli\u0144ska<\/p>\n<p>Spis tre\u015bci:<\/p>\n<ul>\n<li>Marta Smoli\u0144ska <i><a href=\"http:\/\/za.uap.edu.pl\/wp-content\/uploads\/2019\/03\/5-6_31.pdf\">Wst\u0119p<\/a>,<\/i><\/li>\n<li>Andrzej Bednarczyk <i><a href=\"http:\/\/za.uap.edu.pl\/wp-content\/uploads\/2019\/03\/7-15_31.pdf\">Kszta\u0142t nieczytelno\u015bci<\/a>,<\/i><\/li>\n<li>Marta Smoli\u0144ska <i><a href=\"http:\/\/za.uap.edu.pl\/wp-content\/uploads\/2019\/03\/16-29_31.pdf\">Nieczytelno\u015b\u0107: konteksty pisma i palimpsesty (czyli o uczytelnianiu nieczytelno\u015bci przez kuratork\u0119)<\/a>,<\/i><\/li>\n<li>Adam Workowski <i><a href=\"http:\/\/za.uap.edu.pl\/wp-content\/uploads\/2019\/03\/30-34_31.pdf\">Filozof w krainie nieczytelno\u015bci. Ostatni dzie\u0144 wystawy i galerii<\/a>,<\/i><\/li>\n<li>Maciej Zdanowicz <i><a href=\"http:\/\/za.uap.edu.pl\/wp-content\/uploads\/2019\/03\/35-41_31.pdf\">Triady \u2013 pr\u00f3ba odczytania. O tw\u00f3rczo\u015bci Romany Ha\u0142at<\/a>,<\/i><\/li>\n<li>Justyna Balisz-Schmelz <i><a href=\"http:\/\/za.uap.edu.pl\/wp-content\/uploads\/2019\/03\/42-48_31.pdf\">Pisz\u0119, lecz nie opisuj\u0119. Pami\u0119ciotw\u00f3rcza funkcja pisma w pracach Hanne Darboven<\/a>,<\/i><\/li>\n<li>Ma\u0142gorzata Dawidek <i><a href=\"http:\/\/za.uap.edu.pl\/wp-content\/uploads\/2019\/03\/49-54_31.pdf\">O pisaniu cia\u0142em<\/a>,<\/i><\/li>\n<li>Dorota \u0141uczak <i><a href=\"http:\/\/za.uap.edu.pl\/wp-content\/uploads\/2019\/03\/55-60_31.pdf\">Fotograficzne paradygmaty nieczytelno\u015bci<\/a>,<\/i><\/li>\n<li>S\u0142awomir J. Magala <i><a href=\"http:\/\/za.uap.edu.pl\/wp-content\/uploads\/2019\/03\/61-64_31.pdf\">Czytanki retoryczno-ontologiczne (nieczytelno\u015b\u0107 sztuki w perspektywie filozoficznej)<\/a>,<\/i><\/li>\n<li>Mateusz Promi\u0144ski <i><a href=\"http:\/\/za.uap.edu.pl\/wp-content\/uploads\/2019\/03\/65-71_31.pdf\">Nieczytelno\u015b\u0107 to\u017csamo\u015bci. Maskarady Macieja Osiki<\/a>,<\/i><\/li>\n<li>Krzysztof Gliszczy\u0144ski <i><a href=\"http:\/\/za.uap.edu.pl\/wp-content\/uploads\/2019\/03\/72-76_31.pdf\">Na zakr\u0119cie sztuki. Nieczytelny alfabet Macieja Sie\u0144kowskiego<\/a>,<\/i><\/li>\n<li>Sebastian Dudzik <i><a href=\"http:\/\/za.uap.edu.pl\/wp-content\/uploads\/2019\/03\/77-86_31.pdf\">(Nie)czytelno\u015bci \u2013 kilka uwag na temat znak\u00f3w i emocji we wsp\u00f3\u0142czesnej grafice<\/a>,<\/i><\/li>\n<li><a href=\"http:\/\/za.uap.edu.pl\/wp-content\/uploads\/2019\/03\/87-91_31.pdf\">Recenzje<\/a>,<\/li>\n<li><i>In memoriam <a href=\"http:\/\/za.uap.edu.pl\/wp-content\/uploads\/2019\/03\/92-93_31.pdf\">Jolanta D\u0105bkowska-Zydro\u0144, prof. UAP<\/a>,<\/i><\/li>\n<li><a href=\"http:\/\/za.uap.edu.pl\/wp-content\/uploads\/2019\/03\/94-106_31.pdf\">Kalendarium galerii zwi\u0105zanych z UAP \u2013 od kwietnia do sierpnia 2017: Galeria AT, Galeria Curators\u2019 Lab, Galeria Design UAP, Galeria Du\u017ca Scena UAP, Galeria Kot\u0142ownia, Galeria Ma\u0142a Scena UAP, Galeria Miejska w Mosinie, Galeria R20, Galeria Rotunda, Galeria Szewska 16, Galeria UAP \/ Atrium, Galeria :Skala<\/a>,<\/li>\n<li><a href=\"http:\/\/za.uap.edu.pl\/wp-content\/uploads\/2019\/03\/107-110_31.pdf\">Abstracts<\/a>.<\/li>\n<\/ul>\n","protected":false},"excerpt":{"rendered":"<p>31 \/ 2017 ZESZYTY ARTYSTYCZNE \/ nr 31 &#8212;&#8212;&#8212;&#8212;&#8212;&#8212;&#8212;&#8212;&#8212;&#8212;&#8212;&#8212;&#8212;&#8212;- Nieczytelno\u015b\u0107 Redaktor prowadz\u0105ca: Marta Smoli\u0144ska Spis tre\u015bci: Marta Smoli\u0144ska Wst\u0119p, Andrzej Bednarczyk Kszta\u0142t nieczytelno\u015bci, Marta Smoli\u0144ska Nieczytelno\u015b\u0107: konteksty pisma i palimpsesty (czyli o uczytelnianiu nieczytelno\u015bci przez kuratork\u0119), Adam Workowski Filozof w&hellip;<\/p>\n<p class=\"more-link-p\"><a class=\"more-link\" href=\"http:\/\/za.uap.edu.pl\/?page_id=754\">Read more &rarr;<\/a><\/p>\n","protected":false},"author":3,"featured_media":0,"parent":0,"menu_order":0,"comment_status":"closed","ping_status":"closed","template":"","meta":[],"_links":{"self":[{"href":"http:\/\/za.uap.edu.pl\/index.php?rest_route=\/wp\/v2\/pages\/754"}],"collection":[{"href":"http:\/\/za.uap.edu.pl\/index.php?rest_route=\/wp\/v2\/pages"}],"about":[{"href":"http:\/\/za.uap.edu.pl\/index.php?rest_route=\/wp\/v2\/types\/page"}],"author":[{"embeddable":true,"href":"http:\/\/za.uap.edu.pl\/index.php?rest_route=\/wp\/v2\/users\/3"}],"replies":[{"embeddable":true,"href":"http:\/\/za.uap.edu.pl\/index.php?rest_route=%2Fwp%2Fv2%2Fcomments&post=754"}],"version-history":[{"count":5,"href":"http:\/\/za.uap.edu.pl\/index.php?rest_route=\/wp\/v2\/pages\/754\/revisions"}],"predecessor-version":[{"id":957,"href":"http:\/\/za.uap.edu.pl\/index.php?rest_route=\/wp\/v2\/pages\/754\/revisions\/957"}],"wp:attachment":[{"href":"http:\/\/za.uap.edu.pl\/index.php?rest_route=%2Fwp%2Fv2%2Fmedia&parent=754"}],"curies":[{"name":"wp","href":"https:\/\/api.w.org\/{rel}","templated":true}]}}