{"id":759,"date":"2019-03-26T08:41:31","date_gmt":"2019-03-26T08:41:31","guid":{"rendered":"http:\/\/za.uap.edu.pl\/?page_id=759"},"modified":"2020-02-11T11:23:24","modified_gmt":"2020-02-11T11:23:24","slug":"32-2","status":"publish","type":"page","link":"http:\/\/za.uap.edu.pl\/?page_id=759","title":{"rendered":"32"},"content":{"rendered":"<p>32 \/ 2018<\/p>\n<p><a href=\"http:\/\/za.uap.edu.pl\/wp-content\/uploads\/2019\/03\/Zeszyty-32_WEB.pdf\">ZESZYTY ARTYSTYCZNE \/ nr 32<\/a><\/p>\n<p>Kontekst \/ kontekstualizm. Mi\u0119dzy teori\u0105 a praktyk\u0105<\/p>\n<p><a href=\"http:\/\/za.uap.edu.pl\/wp-content\/uploads\/2018\/09\/32.jpg\"><img loading=\"lazy\" class=\"alignnone size-full wp-image-618\" src=\"http:\/\/za.uap.edu.pl\/wp-content\/uploads\/2018\/09\/32.jpg\" alt=\"32\" width=\"507\" height=\"768\" srcset=\"http:\/\/za.uap.edu.pl\/wp-content\/uploads\/2018\/09\/32.jpg 507w, http:\/\/za.uap.edu.pl\/wp-content\/uploads\/2018\/09\/32-198x300.jpg 198w, http:\/\/za.uap.edu.pl\/wp-content\/uploads\/2018\/09\/32-260x394.jpg 260w, http:\/\/za.uap.edu.pl\/wp-content\/uploads\/2018\/09\/32-160x242.jpg 160w\" sizes=\"(max-width: 507px) 100vw, 507px\" \/><\/a><br \/>\nRedaktor prowadz\u0105ca:\u00a0Anna Tyczy\u0144ska<\/p>\n<p>&nbsp;<\/p>\n<p>Izabela Kowalczyk<em> <a href=\"http:\/\/za.uap.edu.pl\/wp-content\/uploads\/2019\/03\/10-17_32.pdf\">Wst\u0119p. Kontekst \/ kontekstualizm<\/a><br \/>\n<\/em><\/p>\n<p>Jan \u015awidzi\u0144ski\u00a0<em><a href=\"http:\/\/za.uap.edu.pl\/wp-content\/uploads\/2019\/03\/18-21_32.pdf\">12 Punkt\u00f3w sztuki kontekstualnej<\/a><\/em><\/p>\n<p><strong>I. Kontekst \/ Kontekstualizm. Interpretacje<\/strong><\/p>\n<p>\u0141ukasz Guzek<em> <a href=\"http:\/\/za.uap.edu.pl\/wp-content\/uploads\/2019\/03\/24-33_32.pdf\">Sztuka jako sztuka kontekstualna. Teoria i praktyka Jana \u015awidzi\u0144skiego na tle sztuki lat siedemdziesi\u0105tych.<\/a><br \/>\n<\/em><\/p>\n<p>Anna Markowska<em> <a href=\"http:\/\/za.uap.edu.pl\/wp-content\/uploads\/2019\/03\/34-59_32.pdf\">Kontekstualizm \u2013 sztuka w kontek\u015bcie politycznym i spo\u0142ecznym w Polsce lat 70. XX wieku.<\/a><br \/>\n<\/em><\/p>\n<p>Piotr Lisowski\u00a0<em><a href=\"http:\/\/za.uap.edu.pl\/wp-content\/uploads\/2019\/03\/60-67_32.pdf\">M\u00f3wi\u0119 bez przerwy przez 2 minuty. Kontekstualizm Jana \u015awidzi\u0144skiego.<\/a><\/em><\/p>\n<p>Jan Przy\u0142uski\u00a0<em><a href=\"http:\/\/za.uap.edu.pl\/wp-content\/uploads\/2019\/03\/68-87_32.pdf\">Odzyska\u0107 sztuk\u0119 dla rozwoju \u015bwiadomo\u015bci. Zapiski o Janie \u015awidzi\u0144skim i sztuce kontekstualnej.<\/a><\/em><\/p>\n<p>Bartosz \u0141ukasiewicz\u00a0<em><a href=\"http:\/\/za.uap.edu.pl\/wp-content\/uploads\/2019\/03\/88-103_32.pdf\">Kontekstualizm vs. Reszta \u015bwiata, czyli Pojedynek na trzy rundy.<\/a><\/em><\/p>\n<p>Mateusz Maria Bieczy\u0144ski\u00a0<em><a href=\"http:\/\/za.uap.edu.pl\/wp-content\/uploads\/2019\/03\/104-119_32.pdf\">Normatywne aspekty teorii \u015awidzi\u0144skiego \u2013 sztuka kontekstualna a definicja sztuki w nauce prawa.<\/a><\/em><\/p>\n<p>Grzegorz Dziamski\u00a0<em><a href=\"http:\/\/za.uap.edu.pl\/wp-content\/uploads\/2019\/03\/120-133_32.pdf\">Sztuka kontekstualna w czasach globalizacji.<\/a><\/em><\/p>\n<p>Izabela Kowalczyk\u00a0<em><a href=\"http:\/\/za.uap.edu.pl\/wp-content\/uploads\/2019\/03\/134-151_32.pdf\">Wsp\u00f3\u0142czesne konteksty sztuki kontekstualnej \u2013 wok\u00f3\u0142 idei Jana \u015awidzi\u0144skiego.<\/a><\/em><\/p>\n<p><strong>II. Kontekst \/ Kontekstualizm. Dyskusja<\/strong><\/p>\n<p>Panel dyskusyjny\u00a0<em><a href=\"http:\/\/za.uap.edu.pl\/wp-content\/uploads\/2019\/03\/154-169_32.pdf\">Sztuka w kontek\u015bcie. W odniesieniu do aktualnych wystaw sztuki wsp\u00f3\u0142czesnej.<\/a><\/em><\/p>\n<p><strong>III. Kontekst \/ Kontekstualizm. Projekt. Edukacja<\/strong><\/p>\n<p>Anna Tyczy\u0144ska:<\/p>\n<p><a href=\"http:\/\/za.uap.edu.pl\/wp-content\/uploads\/2019\/03\/172-175_32.pdf\">Warsztaty \/ Plener stacjonarny<\/a><\/p>\n<p><a href=\"http:\/\/za.uap.edu.pl\/wp-content\/uploads\/2019\/03\/176-179_32.pdf\">Wystawa<\/a><\/p>\n<p><a href=\"http:\/\/za.uap.edu.pl\/wp-content\/uploads\/2019\/03\/180-183_32.pdf\">Konferencja<\/a><\/p>\n<p>Paulina Breli\u0144ska\u00a0<em><a href=\"http:\/\/za.uap.edu.pl\/wp-content\/uploads\/2019\/03\/185-186_32.pdf\">Dysputy, kontekstualizm i kuratorstwo.<\/a><\/em><\/p>\n<p>Daria Grabowska\u00a0<em><a href=\"http:\/\/za.uap.edu.pl\/wp-content\/uploads\/2019\/03\/187-189_32.pdf\">Chwilowo\u015b\u0107 kontekstualno\u015bci.<\/a><\/em><\/p>\n<p>Patrycja Olichwiruk\u00a0<em><a href=\"http:\/\/za.uap.edu.pl\/wp-content\/uploads\/2019\/03\/190-193_32.pdf\">Osadzeni w kontek\u015bcie.<\/a><\/em><\/p>\n<p><em><a href=\"http:\/\/za.uap.edu.pl\/wp-content\/uploads\/2019\/03\/194-200_32.pdf\">Wej\u015bcie do muzeum nie czyni Ci\u0119 pi\u0119kniejszym. Wystawa.<\/a><\/em><\/p>\n<p><strong>IV. Kontekst \/ Kontekstualizm. T\u0142umaczenia<\/strong><\/p>\n<p>Izabela Kowalczyk\u00a0<em><a href=\"http:\/\/za.uap.edu.pl\/wp-content\/uploads\/2019\/03\/203-208_32.pdf\">Introduction. Context \/ Contextualism<\/a><\/em><\/p>\n<p>Jan \u015awidzi\u0144ski\u00a0<em><a href=\"http:\/\/za.uap.edu.pl\/wp-content\/uploads\/2019\/03\/209-211_32.pdf\">12 Points of Contextual Art<\/a><\/em><\/p>\n<p>\u0141ukasz Guzek\u00a0<em><a href=\"http:\/\/za.uap.edu.pl\/wp-content\/uploads\/2019\/03\/212-219_32.pdf\">Art as contextual art. Jan \u015awidzi\u0144ski\u2019s theory and practice in view of the 1970s art.<\/a><\/em><\/p>\n<p>Anna Markowska\u00a0<em><a href=\"http:\/\/za.uap.edu.pl\/wp-content\/uploads\/2019\/03\/220-241_32.pdf\">Contextualism. Art in the political and social context of the 1970s Poland.<\/a><\/em><\/p>\n<p>Piotr Lisowski\u00a0<em><a href=\"http:\/\/za.uap.edu.pl\/wp-content\/uploads\/2019\/03\/242-249_32.pdf\">I am speaking non-stop for 2 minutes. Jan \u015awidzi\u0144ski\u2019s Contextualism.<\/a><\/em><\/p>\n<p>Jan Przy\u0142uski\u00a0<em><a href=\"http:\/\/za.uap.edu.pl\/wp-content\/uploads\/2019\/03\/250-269_32.pdf\">To recover art for the development of consciousness. Notes on Jan \u015awidzi\u0144ski and contextual art.<\/a><\/em><\/p>\n<p>Bartosz \u0141ukasiewicz\u00a0<em><a href=\"http:\/\/za.uap.edu.pl\/wp-content\/uploads\/2019\/03\/270-283_32.pdf\">Contextualism vs. The Rest of the World. A Three-Round-Duel.<\/a><\/em><\/p>\n<p>Mateusz Maria Bieczy\u0144ski\u00a0<em><a href=\"http:\/\/za.uap.edu.pl\/wp-content\/uploads\/2019\/03\/284-297_32.pdf\">Normative aspects of \u015awidzi\u0144ski\u2019s theory \u2013 contextual art and a definition of art in legal science.<\/a><\/em><\/p>\n<p>Grzegorz Dziamski\u00a0<em><a href=\"http:\/\/za.uap.edu.pl\/wp-content\/uploads\/2019\/03\/298-311_32.pdf\">Contextual Art in Globalisation.<\/a><\/em><\/p>\n<p>Izabela Kowalczyk\u00a0<em><a href=\"http:\/\/za.uap.edu.pl\/wp-content\/uploads\/2019\/03\/312_325_32.pdf\">Contemporary contexts of contextual art \u2013 around the idea of Jan \u015awidzi\u0144ski.<\/a><\/em><\/p>\n<p><strong>V.<\/strong><\/p>\n<p><a href=\"http:\/\/za.uap.edu.pl\/wp-content\/uploads\/2019\/03\/328-355_32.pdf\">Kalendarium<\/a><\/p>\n<p><a href=\"http:\/\/za.uap.edu.pl\/wp-content\/uploads\/2019\/03\/356-363_32.pdf\">Kronika WEAiK<\/a><\/p>\n<p><a href=\"http:\/\/za.uap.edu.pl\/wp-content\/uploads\/2019\/03\/364-369_32.pdf\">Recenzje<\/a><\/p>\n<p>&nbsp;<\/p>\n<p>\u2014\u2014\u2014\u2014\u2014\u2014\u2014\u2014\u2014\u2014\u2013<\/p>\n<p>Stworzenie angloj\u0119zycznej wersji publikacji \u2013 zadanie finansowane w ramach umowy<br \/>\n844\/P-DUN\/2018 ze \u015brodk\u00f3w Ministra Nauki i Szkolnictwa Wy\u017cszego przeznaczonych na dzia\u0142alno\u015b\u0107 upowszechniaj\u0105c\u0105 nauk\u0119.<\/p>\n<p><a class=\"image-anchor\" href=\"http:\/\/za.uap.edu.pl\/wp-content\/uploads\/2018\/07\/Bez-nazwy00.jpg\"><img class=\"alignnone wp-image-610\" src=\"data:image\/webp;base64,UklGRpwKAABXRUJQVlA4IJAKAAAQNwCdASpwAV8APm00lkekIyIhJpLq+IANiWdu3WB6gTaBceeJnAbaLzAY5n6Fflq38z5N7Jf9N4Q+Ej0jmq5T+pHUL+Ufdr9P5md5fyF1CPX\/+q3mMAH5v\/VP148bj\/P9C\/rh\/wPcA8qu9voD+KdpH+tfYRKcj5AguIBOcXEAnOLZh8JxLONKpIw8qz4ISJQbGqK\/CPvXsnmvi1Xbeq2jt\/kRwjF3m51dr8sSx4Y41u8wTrG0EIM9C4I2Hi3ZFeDCNEPosxruXTSJ0klRraawfjFNNny34yy51Quiv4a+bzRjP2Rgbs2UCdhFrhSWY9QpBMqtU5ZwPm80GyPhg+nl2ggQ53xksZ7XwVd+ZCouX\/XmF0AYdwa4kdDiXAg\/qQapCCRPpGFnW4Vfu1XbxPlQIpRVdFbE3LaCS9tfG+mRmPpgUl+lrII+8Gl1aGxB8WCdRjKm9Xs3A8UgpNoO47VsLFwB8eOSrRgfCUw3jrCjXveNyuDH5CFza2gii5vPsQkK+A7RWX\/3h\/9quqnwsGZQ9M6tGDhn+HCUZXM27GDIJWVfy5Zjb\/sEAZc7jhnFw2cGzhAJzi4mdmexaUzPYtKRAAD+\/DygCTwkiu5pUFFCFFhhIFfISELNl7scjp3enJIlXc2dqGVtZYTr6abV7PiAg\/GmIFsAkQWwjxh4EYJ57YijfNgkR4IksziTewDYiXn75wXs+hgeURnKzQ8zRD38Z28Rdy36G3fOGrR\/GT7uHRkNkuDmWf5tVZlGGGyvVfpEELw7HG0ofGuXjk2Z8ZTjBSKz\/kfiKtMs3sZJw4v+qeaz8zRt2MyE3dOT4iL1w9Uu54FCnzDFXPUliEv27nPV4hB\/y++5KwtscyyVmpcfO4ZZqaIL5D3vpqQdQz\/3szUxmB8aPW6UTjBMOf4ZMS8acNQhIYs9oOcN+fz\/kqJeZZesGjYg02rLLpFO0R1Nr6VJlmo+Eyrn6Vpq8qK8VChTp5HE\/XDguaduitl03agk0aTWfecmT8PhdcBO7vnVeJMX1sTesBz+UxCcIYnQ8zGy0a6Y6HTaelKcm3v+m1EcGYA+JdsqQBOvkV3ghSf3nuGEZYVbex+9Hg+yzCZQNN0Hu\/kFJULl8YFyy3BuTAvwf0+XvYAdH9Cw3OA1LOyMNFFm5kpchowiEjSYxgzRz46fwXSZe\/15FelSuup+QxKp+eHI+Z+xul0ZzJsPBk4MtxaQTBA3R3piBrERG2J\/m4MwIRG0ZwPt3\/12QqhA9FJmKKD+C5aO4kT2Ul+bbbVyHjDdFZCDc80Qty\/HM9ZO8futmLU4GqtvqmRvOT4vZ36w\/tBpZVCxu2+iRuC6H3vh2Ym0kPdP+qZO2lfJADR9kGokdqhpgUh+fQhZ3h7IYQlsvi9\/7+XVTJD0WERaZFom9bqY9Gkxc0FdywvZ9aLSFCKOYwxgyDNKH6lSFc8rMo0RWpLnzFuWIaV73CQPt4UAC6PJxgAbGi2+CWIADoqrbYgBEit1mrV7LNIbU\/R4BQ5T4FLY\/ePfBQj21Wxu9ExAJcaRXJ5cryLGQ8ke0Dw57TO4XoKwTU1WXpb+PG183AZz\/N3MA2hQS3rr\/TWHz04PuqvRyX4SHZzSiUslOsIpmUIgwgfgyrLRO8rLksPQC98IxiYTSGsXQ1EYfeTg\/yI0Gpa0wvb3xLtc0gnztjjArm7g76R2919IsiROW1rAuEXJXheN4W7O7\/sOfzlxsXLd1pEZFikVybqQmid8pt1e85B70E1CY8CVsAmn5SbhMuMzFBQMumm1jJkpuLdXwgDYrHW3dgdUlLPyqolA\/zFr7aqvj5y1XuzRjj7iPsLl9MyF7vYyRo0JVyeThmvLu3vb8MggDYZj0s6Lhm1wxawQvcBul\/\/xPlenjpoLp4fApvySQEsLRvxRQqQNQzhFjWV2VzHxgP8AJsc\/tL3lpPZE6ztyKPLRkH9ZPwHkTMfRqHSzcAjp9c7j09fp9Fa8sO5Ef1Y8AXo2ohPzqNbmpiNPs7JTnV5w3l+qpJabeQG+LV53ktrV2u1H8ZcE8RQTKhR\/pk5j0xXK5FvzdAuOXQRWQ4II0GSbUOJ8jART8FYah8Zi4Py6A7ZUzX2te0R9b0nUsSFqdbfrDXDjvDPn95TDRVUF0tZeKSyIII049N5gszU5ETDj+++snvrgm3hAWPNysRwEVBd979zKVcnJgvRLfS3XxxzWyiYtCaAb8bdKl2hujdBpOAuz0wQ5vtiJbjTUOZBjyxNxngXB4IQXmJpAAg20DaecRZCQs27tPigiiixDWbB\/hwWvDvFZyKGQyqIrpiw5O4Uac7Fa531B4O2mQ0y9ktC3\/25fJqa0Y9\/ejL+SCIXNZ+v9Ixw3KfjvuoP9rNss3uIUQ1D8URatdkRdRnzqqacFMrvv\/dmFcHJf8W8kJ\/bD6tGVP0c0BL7OdoZ6nRMpS131FkJjUeUEYlY87WkTwAWXgjaJk1v08Xhfl0wPgkkydZFwiz7Z3PxmNFtTQ55bvZ3FPFvtkpzrxmuA5h2reAMHE9CL3VfCE2ElnaUVIHJiM9x6H5r1fkwtbbiGl89E6XulCw92l8XN0wMsLk8nQN\/kxljhqnUraWQOgP4AYzpDAKN1wl+O1sGQEm\/GQ\/3Gd85fRV803AfGqRt+L7w96403+LXJu1yfwTpbRWPLKFt1snWSGQ\/gNYORmX7hPIvcWj0aL+IiG+9s1QX0AFTt0LF20Q6HzGsUiRu8eRVSHdw8xNqTvxCFWfW+5Do0GuKcWck9dds9L08q49IvsS5G+WAjj7m30kSzrbv2JHPaIcLo\/vlAtcwlD09S0WwLkv2\/FzNg2lV+0u8kj0OT\/jr90vOY3i\/bHX6\/YqSxB9b5\/CFt5aV\/0UM61fE3MxPpHmAdQ1aFv0mPKGOp2L3viO\/R3swzSrOE4j52qFuTuXsHeNv6WNdDiQwJ8IW0xZL3QX8GouJFu0zEqDPRLfFwbZrm2S8QuLvo7GYtVmP8gDJAxsnKxUYU497hCPgyERmWwl1CKi5+DQOYM2cJXLFc0Ztg9tiAqN4Oz10k8ax\/5jvNYP7b3F9RdXETBfkvpsgjgWr3NPH+jItGgYems6lmiJ2ZNscZr2RHdBCHkd93p83rD90b\/Ou5h4t+PWRo52b5Szp8wiIsVR9xI4xaVx9Azl\/KedFMeYYEwOkl2Efzo\/n18bhT0LR9qu0t+PldFXAnB8cWXBlthCTJ3IOuCOm0YPzlTDsztpWv5wFfUI0rRxsZVdULCAoZ8175\/O6+o\/aURWkxV11KdqSQxVTRX7JzBZTwZgRHt0c0s\/SXFwONi2awXOOinvayjMJk23yHwzQNleasiuGAlun6G5rkIp7ZkqUJtMeDfoaJAD8zrfoiMNM1m9v4otce+A9U9GmJe3xkWDXLXDzRHuHqbcExu6glvVS999Jpy9ChJsEIqcAeCCrxUbGptiBT9XrHy90\/sgi2DmYthPG7HO355WqClXIA\/Y7LAQ0kO7JaXuxBeaGfYkiTae3EV1e7Kkcd\/N18yLLlJXSVTQ0luLtNSvwhLnE1XEjAksi9\/Wfkl6WF4mlWrmTvQbuiZy2g6SoubP8HFh9mh15I2\/B3rOsAEVg\/w5wUAAAA\" alt=\"Bez nazwy00\" data-pagespeed-url-hash=\"4007932777\" \/><\/a><\/p>\n","protected":false},"excerpt":{"rendered":"<p>32 \/ 2018 ZESZYTY ARTYSTYCZNE \/ nr 32 Kontekst \/ kontekstualizm. Mi\u0119dzy teori\u0105 a praktyk\u0105 Redaktor prowadz\u0105ca:\u00a0Anna Tyczy\u0144ska &nbsp; Izabela Kowalczyk Wst\u0119p. Kontekst \/ kontekstualizm Jan \u015awidzi\u0144ski\u00a012 Punkt\u00f3w sztuki kontekstualnej I. Kontekst \/ Kontekstualizm. Interpretacje \u0141ukasz Guzek Sztuka jako sztuka&hellip;<\/p>\n<p class=\"more-link-p\"><a class=\"more-link\" href=\"http:\/\/za.uap.edu.pl\/?page_id=759\">Read more &rarr;<\/a><\/p>\n","protected":false},"author":3,"featured_media":0,"parent":0,"menu_order":0,"comment_status":"closed","ping_status":"closed","template":"","meta":[],"_links":{"self":[{"href":"http:\/\/za.uap.edu.pl\/index.php?rest_route=\/wp\/v2\/pages\/759"}],"collection":[{"href":"http:\/\/za.uap.edu.pl\/index.php?rest_route=\/wp\/v2\/pages"}],"about":[{"href":"http:\/\/za.uap.edu.pl\/index.php?rest_route=\/wp\/v2\/types\/page"}],"author":[{"embeddable":true,"href":"http:\/\/za.uap.edu.pl\/index.php?rest_route=\/wp\/v2\/users\/3"}],"replies":[{"embeddable":true,"href":"http:\/\/za.uap.edu.pl\/index.php?rest_route=%2Fwp%2Fv2%2Fcomments&post=759"}],"version-history":[{"count":8,"href":"http:\/\/za.uap.edu.pl\/index.php?rest_route=\/wp\/v2\/pages\/759\/revisions"}],"predecessor-version":[{"id":1104,"href":"http:\/\/za.uap.edu.pl\/index.php?rest_route=\/wp\/v2\/pages\/759\/revisions\/1104"}],"wp:attachment":[{"href":"http:\/\/za.uap.edu.pl\/index.php?rest_route=%2Fwp%2Fv2%2Fmedia&parent=759"}],"curies":[{"name":"wp","href":"https:\/\/api.w.org\/{rel}","templated":true}]}}