{"id":979,"date":"2019-09-25T11:10:27","date_gmt":"2019-09-25T11:10:27","guid":{"rendered":"http:\/\/za.uap.edu.pl\/?page_id=979"},"modified":"2020-02-11T11:27:15","modified_gmt":"2020-02-11T11:27:15","slug":"33-2","status":"publish","type":"page","link":"http:\/\/za.uap.edu.pl\/?page_id=979","title":{"rendered":"33"},"content":{"rendered":"<p>33 \/ 2018<\/p>\n<p><a href=\"http:\/\/za.uap.edu.pl\/wp-content\/uploads\/2019\/09\/ZA_33_web_1_3022019.pdf\">ZESZYTY ARTYSTYCZNE \/ nr 33<\/a><\/p>\n<p>Sztuka i filozofia: #teraz<\/p>\n<p class=\"entry-title\"><a href=\"http:\/\/za.uap.edu.pl\/wp-content\/uploads\/2019\/02\/okladka_33_m.jpg\"><img loading=\"lazy\" class=\"alignnone wp-image-705\" src=\"http:\/\/za.uap.edu.pl\/wp-content\/uploads\/2019\/02\/okladka_33_m.jpg\" alt=\"ZESZYTY ARTYSTYCZNE \/ 33\" width=\"377\" height=\"529\" \/><\/a><\/p>\n<p>Redaktor prowadz\u0105ca prof. Marta Smoli\u0144ska (UAP)<\/p>\n<p><strong>Spis tre\u015bci:<\/strong><\/p>\n<p>Marta Smoli\u0144ska <a href=\"http:\/\/za.uap.edu.pl\/wp-content\/uploads\/2019\/09\/10-12.pdf\">Wst\u0119p<\/a><br \/>\nJan Wasiewicz <em><a href=\"http:\/\/za.uap.edu.pl\/wp-content\/uploads\/2019\/09\/14-25.pdf\">\u201eNaprz\u00f3d w przesz\u0142o\u015b\u0107!\u201d,czyli progresywny wymiar tego, co minione<\/a><\/em><br \/>\nAndrzej Marzec\u00a0<em><a href=\"http:\/\/za.uap.edu.pl\/wp-content\/uploads\/2019\/09\/26-37.pdf\">Bohaterowie zombie i drugie \u017cycie Hollywood \u2013 o nostalgii we wsp\u00f3\u0142czesnym kinie<\/a><\/em><\/p>\n<p>Izabela Kowalczyk <em><a href=\"http:\/\/za.uap.edu.pl\/wp-content\/uploads\/2019\/09\/38-53.pdf\">O potrzebie teorii zaanga\u017cowanej \u2013 w odniesieniu do tekst\u00f3w Piotra Piotrowskiego<\/a><\/em><br \/>\nAdam Mazur\u00a0<em><a href=\"http:\/\/za.uap.edu.pl\/wp-content\/uploads\/2019\/09\/54-67.pdf\">W stron\u0119 historii fotografii \u015brodkowoeuropejskiej<\/a><\/em><\/p>\n<p>Anna Markowska <em><a href=\"http:\/\/za.uap.edu.pl\/wp-content\/uploads\/2019\/09\/68-87.pdf\">Spotkanie Schwittersa z Heideggerem na tle samochodu marki Adler<\/a><\/em><br \/>\nEwelina Jarosz <em><a href=\"http:\/\/za.uap.edu.pl\/wp-content\/uploads\/2019\/09\/88-103.pdf\">Figury nieprzedstawialnego. Historia recepcji sztuki Barnetta Newmana przedstawiona za pomoc\u0105 ta\u0144ca<\/a><\/em><br \/>\nTomasz Misiak <em><a href=\"http:\/\/za.uap.edu.pl\/wp-content\/uploads\/2019\/09\/104-115.pdf\">Harry Lehmann i Johannes Kreidler wok\u00f3\u0142 rewolucji cyfrowej w sztuce d\u017awi\u0119ku<\/a><\/em><br \/>\nJustyna Ryczek\u00a0<em><a href=\"http:\/\/za.uap.edu.pl\/wp-content\/uploads\/2019\/09\/116-125.pdf\">Przesuwanie granicy \u2013 wielostronne relacje sztuki i etyki<\/a><\/em><\/p>\n<p>Marta Smoli\u0144ska <em><a href=\"http:\/\/za.uap.edu.pl\/wp-content\/uploads\/2019\/09\/126-145.pdf\">Kiedy natura staje si\u0119 plastikiem, a plastik natur\u0105: malarstwo Marty Antoniak i Marcina Zawickiego<\/a><\/em><\/p>\n<p>&nbsp;<\/p>\n<p><strong>Wersja angielska<\/strong><\/p>\n<p>Marta Smoli\u0144ska <a href=\"http:\/\/za.uap.edu.pl\/wp-content\/uploads\/2019\/09\/148-151.pdf\">Introduction<\/a><\/p>\n<p>Jan Wasiewicz <em>\u201e<a href=\"http:\/\/za.uap.edu.pl\/wp-content\/uploads\/2019\/09\/152-163.pdf\">Forward into the Past!\u201d,or a Progressive Aspect of What Has Gone Away<\/a><\/em><\/p>\n<p>Andrzej Marzec\u00a0<em><a href=\"http:\/\/za.uap.edu.pl\/wp-content\/uploads\/2019\/09\/164-173.pdf\">Zombie Characters and Hollywood\u02bcs Second Life\u2013 Nostalgia in Contemporary Cinema<\/a><\/em><\/p>\n<p>Izabela Kowalczyk \u00a0<em><a href=\"http:\/\/za.uap.edu.pl\/wp-content\/uploads\/2019\/09\/174-189.pdf\">On the Need for an Involved Theory \u2013 in Reference to Piotr Piotrowski\u02bcs Texts<\/a><\/em><\/p>\n<p>Adam Mazur\u00a0<em><a href=\"http:\/\/za.uap.edu.pl\/wp-content\/uploads\/2019\/09\/190-203.pdf\">Toward the History of Central European Photography<\/a><\/em><\/p>\n<p>Anna Markowska\u00a0<em><a href=\"http:\/\/za.uap.edu.pl\/wp-content\/uploads\/2019\/09\/204-223.pdf\">Schwitters Meets Heidegger. Against the Backdrop of the Adler Car<\/a><\/em><\/p>\n<p>Ewelina Jarosz\u00a0<em><a href=\"http:\/\/za.uap.edu.pl\/wp-content\/uploads\/2019\/09\/224-237.pdf\">Figures of the Unpresentable. The Dance-like Reception of Barnett Newman\u2019s Art Figury<\/a><\/em><\/p>\n<p>Tomasz Misiak\u00a0<em><a href=\"http:\/\/za.uap.edu.pl\/wp-content\/uploads\/2019\/09\/238-249.pdf\">Harry Lehmann and Johannes Kreidler: Around the Digital Revolution in the Art of Sound<\/a><\/em><\/p>\n<p>Justyna Ryczek\u00a0<em><a href=\"http:\/\/za.uap.edu.pl\/wp-content\/uploads\/2019\/09\/250-259.pdf\">Pushing the Limits \u2013 Multilateral Relations of Art and Ethics<\/a><\/em><\/p>\n<p>Marta Smoli\u0144ska\u00a0<em><a href=\"http:\/\/za.uap.edu.pl\/wp-content\/uploads\/2019\/09\/260-271.pdf\">When Nature Becomes Plastic and Plastic Becomes Nature: Paintings by Marta Antoniak and Marcin Zawicki<\/a><\/em><\/p>\n<p>&nbsp;<\/p>\n<p><strong>Prace konkursowe<\/strong><\/p>\n<p>Joanna Gryzi\u0144ska-Jasi\u0144ska\u00a0<em><a href=\"http:\/\/za.uap.edu.pl\/wp-content\/uploads\/2019\/09\/274-291.pdf\">Wp\u0142yw polityki i ideologii na wystawiennictwo<\/a><\/em><\/p>\n<p>Maryna Sakowska <em><a href=\"http:\/\/za.uap.edu.pl\/wp-content\/uploads\/2019\/09\/292-313-1.pdf\">Recykling w polu sztuki jako strategia artystyczna w dobie p\u00f3\u017anego kapitalizmu<\/a><\/em><\/p>\n<p>Kinga Popiela <em><a href=\"http:\/\/za.uap.edu.pl\/wp-content\/uploads\/2019\/09\/314-327.pdf\">C(i)a\u0142okszta\u0142t. Analiza proces\u00f3w somatycznych zachodz\u0105cych w aktywnym ciele artysty podczas procesu tw\u00f3rczego<\/a><\/em><\/p>\n<p>&nbsp;<\/p>\n<p><strong>Recenzje<\/strong><\/p>\n<p>Rafa\u0142 \u0141ubowski <a href=\"http:\/\/za.uap.edu.pl\/wp-content\/uploads\/2019\/09\/329-339.pdf\">Redefinicje i reminiscencje<\/a><\/p>\n<p>Katarzyna Janicka\u00a0<em><a href=\"http:\/\/za.uap.edu.pl\/wp-content\/uploads\/2019\/09\/340-343.pdf\">Pozna\u0144 Art Week 2018. Czego w mie\u015bcie sz(t)uka?<\/a><\/em><\/p>\n<p>Justyna Ryczek\u00a0<em><a href=\"http:\/\/za.uap.edu.pl\/wp-content\/uploads\/2019\/09\/344-349.pdf\">Wsp\u00f3lnotowe zabawy marsja\u0144skie \u2013 czyli jak zrobi\u0107 udany festiwal sztuki<\/a><\/em><\/p>\n<p>Ewa W\u00f3jtowicz <em><a href=\"http:\/\/za.uap.edu.pl\/wp-content\/uploads\/2019\/09\/350-355-1.pdf\">Czujna obecno\u015b\u0107 w Drodze<\/a><\/em><\/p>\n<p>&nbsp;<\/p>\n<p><strong><a href=\"http:\/\/za.uap.edu.pl\/wp-content\/uploads\/2019\/09\/356-361.pdf\">Kronika WEA<\/a><\/strong><\/p>\n<p><strong><a href=\"http:\/\/za.uap.edu.pl\/wp-content\/uploads\/2019\/09\/362-387.pdf\">Kalendarium<\/a><\/strong><\/p>\n<p><strong><a href=\"http:\/\/za.uap.edu.pl\/wp-content\/uploads\/2019\/09\/388-390.pdf\">Abstracts<\/a><\/strong><\/p>\n<p>&nbsp;<\/p>\n<p>\u2014\u2014\u2014\u2014\u2014\u2014\u2014\u2014\u2014\u2014\u2013<\/p>\n<p>Stworzenie angloj\u0119zycznej wersji publikacji \u2013 zadanie finansowane w ramach umowy<br \/>\n844\/P-DUN\/2018 ze \u015brodk\u00f3w Ministra Nauki i Szkolnictwa Wy\u017cszego przeznaczonych na dzia\u0142alno\u015b\u0107 upowszechniaj\u0105c\u0105 nauk\u0119.<\/p>\n<p><a class=\"image-anchor\" href=\"http:\/\/za.uap.edu.pl\/wp-content\/uploads\/2018\/07\/Bez-nazwy00.jpg\"><img class=\"alignnone wp-image-610\" src=\"data:image\/webp;base64,UklGRpwKAABXRUJQVlA4IJAKAAAQNwCdASpwAV8APm00lkekIyIhJpLq+IANiWdu3WB6gTaBceeJnAbaLzAY5n6Fflq38z5N7Jf9N4Q+Ej0jmq5T+pHUL+Ufdr9P5md5fyF1CPX\/+q3mMAH5v\/VP148bj\/P9C\/rh\/wPcA8qu9voD+KdpH+tfYRKcj5AguIBOcXEAnOLZh8JxLONKpIw8qz4ISJQbGqK\/CPvXsnmvi1Xbeq2jt\/kRwjF3m51dr8sSx4Y41u8wTrG0EIM9C4I2Hi3ZFeDCNEPosxruXTSJ0klRraawfjFNNny34yy51Quiv4a+bzRjP2Rgbs2UCdhFrhSWY9QpBMqtU5ZwPm80GyPhg+nl2ggQ53xksZ7XwVd+ZCouX\/XmF0AYdwa4kdDiXAg\/qQapCCRPpGFnW4Vfu1XbxPlQIpRVdFbE3LaCS9tfG+mRmPpgUl+lrII+8Gl1aGxB8WCdRjKm9Xs3A8UgpNoO47VsLFwB8eOSrRgfCUw3jrCjXveNyuDH5CFza2gii5vPsQkK+A7RWX\/3h\/9quqnwsGZQ9M6tGDhn+HCUZXM27GDIJWVfy5Zjb\/sEAZc7jhnFw2cGzhAJzi4mdmexaUzPYtKRAAD+\/DygCTwkiu5pUFFCFFhhIFfISELNl7scjp3enJIlXc2dqGVtZYTr6abV7PiAg\/GmIFsAkQWwjxh4EYJ57YijfNgkR4IksziTewDYiXn75wXs+hgeURnKzQ8zRD38Z28Rdy36G3fOGrR\/GT7uHRkNkuDmWf5tVZlGGGyvVfpEELw7HG0ofGuXjk2Z8ZTjBSKz\/kfiKtMs3sZJw4v+qeaz8zRt2MyE3dOT4iL1w9Uu54FCnzDFXPUliEv27nPV4hB\/y++5KwtscyyVmpcfO4ZZqaIL5D3vpqQdQz\/3szUxmB8aPW6UTjBMOf4ZMS8acNQhIYs9oOcN+fz\/kqJeZZesGjYg02rLLpFO0R1Nr6VJlmo+Eyrn6Vpq8qK8VChTp5HE\/XDguaduitl03agk0aTWfecmT8PhdcBO7vnVeJMX1sTesBz+UxCcIYnQ8zGy0a6Y6HTaelKcm3v+m1EcGYA+JdsqQBOvkV3ghSf3nuGEZYVbex+9Hg+yzCZQNN0Hu\/kFJULl8YFyy3BuTAvwf0+XvYAdH9Cw3OA1LOyMNFFm5kpchowiEjSYxgzRz46fwXSZe\/15FelSuup+QxKp+eHI+Z+xul0ZzJsPBk4MtxaQTBA3R3piBrERG2J\/m4MwIRG0ZwPt3\/12QqhA9FJmKKD+C5aO4kT2Ul+bbbVyHjDdFZCDc80Qty\/HM9ZO8futmLU4GqtvqmRvOT4vZ36w\/tBpZVCxu2+iRuC6H3vh2Ym0kPdP+qZO2lfJADR9kGokdqhpgUh+fQhZ3h7IYQlsvi9\/7+XVTJD0WERaZFom9bqY9Gkxc0FdywvZ9aLSFCKOYwxgyDNKH6lSFc8rMo0RWpLnzFuWIaV73CQPt4UAC6PJxgAbGi2+CWIADoqrbYgBEit1mrV7LNIbU\/R4BQ5T4FLY\/ePfBQj21Wxu9ExAJcaRXJ5cryLGQ8ke0Dw57TO4XoKwTU1WXpb+PG183AZz\/N3MA2hQS3rr\/TWHz04PuqvRyX4SHZzSiUslOsIpmUIgwgfgyrLRO8rLksPQC98IxiYTSGsXQ1EYfeTg\/yI0Gpa0wvb3xLtc0gnztjjArm7g76R2919IsiROW1rAuEXJXheN4W7O7\/sOfzlxsXLd1pEZFikVybqQmid8pt1e85B70E1CY8CVsAmn5SbhMuMzFBQMumm1jJkpuLdXwgDYrHW3dgdUlLPyqolA\/zFr7aqvj5y1XuzRjj7iPsLl9MyF7vYyRo0JVyeThmvLu3vb8MggDYZj0s6Lhm1wxawQvcBul\/\/xPlenjpoLp4fApvySQEsLRvxRQqQNQzhFjWV2VzHxgP8AJsc\/tL3lpPZE6ztyKPLRkH9ZPwHkTMfRqHSzcAjp9c7j09fp9Fa8sO5Ef1Y8AXo2ohPzqNbmpiNPs7JTnV5w3l+qpJabeQG+LV53ktrV2u1H8ZcE8RQTKhR\/pk5j0xXK5FvzdAuOXQRWQ4II0GSbUOJ8jART8FYah8Zi4Py6A7ZUzX2te0R9b0nUsSFqdbfrDXDjvDPn95TDRVUF0tZeKSyIII049N5gszU5ETDj+++snvrgm3hAWPNysRwEVBd979zKVcnJgvRLfS3XxxzWyiYtCaAb8bdKl2hujdBpOAuz0wQ5vtiJbjTUOZBjyxNxngXB4IQXmJpAAg20DaecRZCQs27tPigiiixDWbB\/hwWvDvFZyKGQyqIrpiw5O4Uac7Fa531B4O2mQ0y9ktC3\/25fJqa0Y9\/ejL+SCIXNZ+v9Ixw3KfjvuoP9rNss3uIUQ1D8URatdkRdRnzqqacFMrvv\/dmFcHJf8W8kJ\/bD6tGVP0c0BL7OdoZ6nRMpS131FkJjUeUEYlY87WkTwAWXgjaJk1v08Xhfl0wPgkkydZFwiz7Z3PxmNFtTQ55bvZ3FPFvtkpzrxmuA5h2reAMHE9CL3VfCE2ElnaUVIHJiM9x6H5r1fkwtbbiGl89E6XulCw92l8XN0wMsLk8nQN\/kxljhqnUraWQOgP4AYzpDAKN1wl+O1sGQEm\/GQ\/3Gd85fRV803AfGqRt+L7w96403+LXJu1yfwTpbRWPLKFt1snWSGQ\/gNYORmX7hPIvcWj0aL+IiG+9s1QX0AFTt0LF20Q6HzGsUiRu8eRVSHdw8xNqTvxCFWfW+5Do0GuKcWck9dds9L08q49IvsS5G+WAjj7m30kSzrbv2JHPaIcLo\/vlAtcwlD09S0WwLkv2\/FzNg2lV+0u8kj0OT\/jr90vOY3i\/bHX6\/YqSxB9b5\/CFt5aV\/0UM61fE3MxPpHmAdQ1aFv0mPKGOp2L3viO\/R3swzSrOE4j52qFuTuXsHeNv6WNdDiQwJ8IW0xZL3QX8GouJFu0zEqDPRLfFwbZrm2S8QuLvo7GYtVmP8gDJAxsnKxUYU497hCPgyERmWwl1CKi5+DQOYM2cJXLFc0Ztg9tiAqN4Oz10k8ax\/5jvNYP7b3F9RdXETBfkvpsgjgWr3NPH+jItGgYems6lmiJ2ZNscZr2RHdBCHkd93p83rD90b\/Ou5h4t+PWRo52b5Szp8wiIsVR9xI4xaVx9Azl\/KedFMeYYEwOkl2Efzo\/n18bhT0LR9qu0t+PldFXAnB8cWXBlthCTJ3IOuCOm0YPzlTDsztpWv5wFfUI0rRxsZVdULCAoZ8175\/O6+o\/aURWkxV11KdqSQxVTRX7JzBZTwZgRHt0c0s\/SXFwONi2awXOOinvayjMJk23yHwzQNleasiuGAlun6G5rkIp7ZkqUJtMeDfoaJAD8zrfoiMNM1m9v4otce+A9U9GmJe3xkWDXLXDzRHuHqbcExu6glvVS999Jpy9ChJsEIqcAeCCrxUbGptiBT9XrHy90\/sgi2DmYthPG7HO355WqClXIA\/Y7LAQ0kO7JaXuxBeaGfYkiTae3EV1e7Kkcd\/N18yLLlJXSVTQ0luLtNSvwhLnE1XEjAksi9\/Wfkl6WF4mlWrmTvQbuiZy2g6SoubP8HFh9mh15I2\/B3rOsAEVg\/w5wUAAAA\" alt=\"Bez nazwy00\" data-pagespeed-url-hash=\"4007932777\" \/><\/a><\/p>\n","protected":false},"excerpt":{"rendered":"<p>33 \/ 2018 ZESZYTY ARTYSTYCZNE \/ nr 33 Sztuka i filozofia: #teraz Redaktor prowadz\u0105ca prof. Marta Smoli\u0144ska (UAP) Spis tre\u015bci: Marta Smoli\u0144ska Wst\u0119p Jan Wasiewicz \u201eNaprz\u00f3d w przesz\u0142o\u015b\u0107!\u201d,czyli progresywny wymiar tego, co minione Andrzej Marzec\u00a0Bohaterowie zombie i drugie \u017cycie Hollywood&hellip;<\/p>\n<p class=\"more-link-p\"><a class=\"more-link\" href=\"http:\/\/za.uap.edu.pl\/?page_id=979\">Read more &rarr;<\/a><\/p>\n","protected":false},"author":3,"featured_media":0,"parent":0,"menu_order":0,"comment_status":"closed","ping_status":"closed","template":"","meta":[],"_links":{"self":[{"href":"http:\/\/za.uap.edu.pl\/index.php?rest_route=\/wp\/v2\/pages\/979"}],"collection":[{"href":"http:\/\/za.uap.edu.pl\/index.php?rest_route=\/wp\/v2\/pages"}],"about":[{"href":"http:\/\/za.uap.edu.pl\/index.php?rest_route=\/wp\/v2\/types\/page"}],"author":[{"embeddable":true,"href":"http:\/\/za.uap.edu.pl\/index.php?rest_route=\/wp\/v2\/users\/3"}],"replies":[{"embeddable":true,"href":"http:\/\/za.uap.edu.pl\/index.php?rest_route=%2Fwp%2Fv2%2Fcomments&post=979"}],"version-history":[{"count":20,"href":"http:\/\/za.uap.edu.pl\/index.php?rest_route=\/wp\/v2\/pages\/979\/revisions"}],"predecessor-version":[{"id":1105,"href":"http:\/\/za.uap.edu.pl\/index.php?rest_route=\/wp\/v2\/pages\/979\/revisions\/1105"}],"wp:attachment":[{"href":"http:\/\/za.uap.edu.pl\/index.php?rest_route=%2Fwp%2Fv2%2Fmedia&parent=979"}],"curies":[{"name":"wp","href":"https:\/\/api.w.org\/{rel}","templated":true}]}}